{"id":7186,"date":"2025-07-15T01:56:49","date_gmt":"2025-07-15T01:56:49","guid":{"rendered":"https:\/\/ecosentec.com\/?post_type=product&#038;p=7186"},"modified":"2025-07-15T02:13:16","modified_gmt":"2025-07-15T02:13:16","slug":"sensor-de-iluminacao-de-temperatura-e-umidade","status":"publish","type":"product","link":"https:\/\/ecosentec.com\/pt\/produto\/sensor-de-iluminacao-de-temperatura-e-umidade\/","title":{"rendered":"Sensor de ilumina\u00e7\u00e3o de temperatura e umidade ES-S222B"},"content":{"rendered":"<p class=\"p1\">O ES-S222B \u00e9 um sensor de ilumina\u00e7\u00e3o de temperatura e umidade de alta precis\u00e3o, com unidade de valor de sa\u00edda em lux. O dispositivo utiliza um chip importado com alta estabilidade. \u00c9 equipado com um inv\u00f3lucro \u00e0 prova d&#039;\u00e1gua para instala\u00e7\u00e3o em parede e possui n\u00edvel de prote\u00e7\u00e3o IP65.<\/p>\n<p class=\"p1\">Suporta a medi\u00e7\u00e3o de ilumin\u00e2ncia \u00fanica ou a medi\u00e7\u00e3o simult\u00e2nea de temperatura, umidade e ilumin\u00e2ncia. O produto \u00e9 alimentado por uma fonte de alimenta\u00e7\u00e3o de 10-30 V, por padr\u00e3o.<\/p>\n<p class=\"p1\">Suporta m\u00faltiplos sinais de sa\u00edda anal\u00f3gicos de 4-20 mA\/0-10 V\/0-5 V ou sa\u00edda RS485 Modbus. Sua sa\u00edda padr\u00e3o \u00e9 o protocolo de comunica\u00e7\u00e3o Modbus-RTU, suportando desenvolvimento secund\u00e1rio personalizado, se necess\u00e1rio. O usu\u00e1rio final pode escolher qualquer tipo de sinal de acordo com sua aplica\u00e7\u00e3o.<\/p>","protected":false},"excerpt":{"rendered":"<p class=\"p1\">O ES-S222B \u00e9 um sensor de ilumina\u00e7\u00e3o de temperatura e umidade de alta precis\u00e3o, com unidade de valor de sa\u00edda em lux. O dispositivo utiliza um chip importado com alta estabilidade. \u00c9 equipado com um inv\u00f3lucro \u00e0 prova d&#039;\u00e1gua para instala\u00e7\u00e3o em parede e possui n\u00edvel de prote\u00e7\u00e3o IP65.<\/p>\n<p class=\"p1\">","protected":false},"featured_media":7187,"template":"","meta":{"om_disable_all_campaigns":false,"_monsterinsights_skip_tracking":false,"_monsterinsights_sitenote_active":false,"_monsterinsights_sitenote_note":"","_monsterinsights_sitenote_category":0,"site-sidebar-layout":"default","site-content-layout":"default","ast-site-content-layout":"default","site-content-style":"default","site-sidebar-style":"default","ast-global-header-display":"","ast-banner-title-visibility":"","ast-main-header-display":"","ast-hfb-above-header-display":"","ast-hfb-below-header-display":"","ast-hfb-mobile-header-display":"","site-post-title":"","ast-breadcrumbs-content":"","ast-featured-img":"","footer-sml-layout":"","ast-disable-related-posts":"","theme-transparent-header-meta":"default","adv-header-id-meta":"","stick-header-meta":"","header-above-stick-meta":"","header-main-stick-meta":"","header-below-stick-meta":"","astra-migrate-meta-layouts":"set","ast-page-background-enabled":"default","ast-page-background-meta":{"desktop":{"background-color":"","background-image":"","background-repeat":"repeat","background-position":"center center","background-size":"auto","background-attachment":"scroll","background-type":"","background-media":"","overlay-type":"","overlay-color":"","overlay-opacity":"","overlay-gradient":""},"tablet":{"background-color":"","background-image":"","background-repeat":"repeat","background-position":"center center","background-size":"auto","background-attachment":"scroll","background-type":"","background-media":"","overlay-type":"","overlay-color":"","overlay-opacity":"","overlay-gradient":""},"mobile":{"background-color":"","background-image":"","background-repeat":"repeat","background-position":"center center","background-size":"auto","background-attachment":"scroll","background-type":"","background-media":"","overlay-type":"","overlay-color":"","overlay-opacity":"","overlay-gradient":""}},"ast-content-background-meta":{"desktop":{"background-color":"var(--ast-global-color-5)","background-image":"","background-repeat":"repeat","background-position":"center center","background-size":"auto","background-attachment":"scroll","background-type":"","background-media":"","overlay-type":"","overlay-color":"","overlay-opacity":"","overlay-gradient":""},"tablet":{"background-color":"var(--ast-global-color-5)","background-image":"","background-repeat":"repeat","background-position":"center center","background-size":"auto","background-attachment":"scroll","background-type":"","background-media":"","overlay-type":"","overlay-color":"","overlay-opacity":"","overlay-gradient":""},"mobile":{"background-color":"var(--ast-global-color-5)","background-image":"","background-repeat":"repeat","background-position":"center center","background-size":"auto","background-attachment":"scroll","background-type":"","background-media":"","overlay-type":"","overlay-color":"","overlay-opacity":"","overlay-gradient":""}},"_joinchat":[]},"product_brand":[],"product_cat":[79,76],"product_tag":[296],"class_list":{"0":"post-7186","1":"product","2":"type-product","3":"status-publish","4":"has-post-thumbnail","6":"product_cat-illumination-sensor","7":"product_cat-solar-radiation-sensor","8":"product_tag-illuminance","9":"desktop-align-left","10":"tablet-align-left","11":"mobile-align-left","13":"first","14":"instock","15":"shipping-taxable","16":"purchasable","17":"product-type-simple"},"jetpack_sharing_enabled":true,"_links":{"self":[{"href":"https:\/\/ecosentec.com\/pt\/wp-json\/wp\/v2\/product\/7186","targetHints":{"allow":["GET"]}}],"collection":[{"href":"https:\/\/ecosentec.com\/pt\/wp-json\/wp\/v2\/product"}],"about":[{"href":"https:\/\/ecosentec.com\/pt\/wp-json\/wp\/v2\/types\/product"}],"version-history":[{"count":2,"href":"https:\/\/ecosentec.com\/pt\/wp-json\/wp\/v2\/product\/7186\/revisions"}],"predecessor-version":[{"id":7190,"href":"https:\/\/ecosentec.com\/pt\/wp-json\/wp\/v2\/product\/7186\/revisions\/7190"}],"wp:featuredmedia":[{"embeddable":true,"href":"https:\/\/ecosentec.com\/pt\/wp-json\/wp\/v2\/media\/7187"}],"wp:attachment":[{"href":"https:\/\/ecosentec.com\/pt\/wp-json\/wp\/v2\/media?parent=7186"}],"wp:term":[{"taxonomy":"product_brand","embeddable":true,"href":"https:\/\/ecosentec.com\/pt\/wp-json\/wp\/v2\/product_brand?post=7186"},{"taxonomy":"product_cat","embeddable":true,"href":"https:\/\/ecosentec.com\/pt\/wp-json\/wp\/v2\/product_cat?post=7186"},{"taxonomy":"product_tag","embeddable":true,"href":"https:\/\/ecosentec.com\/pt\/wp-json\/wp\/v2\/product_tag?post=7186"}],"curies":[{"name":"wp","href":"https:\/\/api.w.org\/{rel}","templated":true}]}}