{"id":6884,"date":"2025-05-30T11:29:13","date_gmt":"2025-05-30T11:29:13","guid":{"rendered":"https:\/\/ecosentec.com\/?post_type=product&#038;p=6884"},"modified":"2025-05-30T11:31:41","modified_gmt":"2025-05-30T11:31:41","slug":"medidor-de-velocidade-da-agua","status":"publish","type":"product","link":"https:\/\/ecosentec.com\/pt\/produto\/medidor-de-velocidade-da-agua\/","title":{"rendered":"Medidor de velocidade da \u00e1gua do rio por r\u00e1dio banda K ES-W6100"},"content":{"rendered":"<p class=\"p1\">O medidor de velocidade de ondas de r\u00e1dio ES-W6100 \u00e9 um dispositivo de detec\u00e7\u00e3o de velocidade de fluxo sem contato desenvolvido de forma independente pela nossa empresa, que pode ser usado para monitorar a velocidade da superf\u00edcie de corpos d&#039;\u00e1gua, como rios naturais, canais abertos e redes de tubula\u00e7\u00f5es subterr\u00e2neas, al\u00e9m de auxiliar nas opera\u00e7\u00f5es de tratamento de \u00e1gua.<\/p>\n<p class=\"p1\">Este medidor de vaz\u00e3o por ondas de r\u00e1dio opera na faixa de frequ\u00eancia ISM de 24 GHz e adota o modo CW, que detecta informa\u00e7\u00f5es sobre a velocidade do fluxo de \u00e1gua em tempo real, 24 horas por dia, sem ser afetado pelo clima, temperatura, vapor d&#039;\u00e1gua na superf\u00edcie da \u00e1gua e poluentes presentes na \u00e1gua. O produto possui um algoritmo de processamento back-end eficiente integrado, que permite obter a velocidade do fluxo de \u00e1gua com precis\u00e3o.<\/p>\n<p class=\"p1\">Este produto fornece tr\u00eas interfaces de circuito f\u00edsico padr\u00e3o: RS232, RS485 (padr\u00e3o), 4~20 mA.<\/p>","protected":false},"excerpt":{"rendered":"<p>O medidor de velocidade de ondas de r\u00e1dio ES-W6100 \u00e9 um dispositivo de detec\u00e7\u00e3o de velocidade de fluxo sem contato desenvolvido de forma independente pela nossa empresa, que pode ser usado para monitorar a velocidade da superf\u00edcie de corpos d&#039;\u00e1gua, como rios naturais, canais abertos e redes de tubula\u00e7\u00f5es subterr\u00e2neas, al\u00e9m de auxiliar nas opera\u00e7\u00f5es de tratamento de \u00e1gua.<\/p>","protected":false},"featured_media":6885,"template":"","meta":{"om_disable_all_campaigns":false,"_monsterinsights_skip_tracking":false,"_monsterinsights_sitenote_active":false,"_monsterinsights_sitenote_note":"","_monsterinsights_sitenote_category":0,"site-sidebar-layout":"default","site-content-layout":"default","ast-site-content-layout":"default","site-content-style":"default","site-sidebar-style":"default","ast-global-header-display":"","ast-banner-title-visibility":"","ast-main-header-display":"","ast-hfb-above-header-display":"","ast-hfb-below-header-display":"","ast-hfb-mobile-header-display":"","site-post-title":"","ast-breadcrumbs-content":"","ast-featured-img":"","footer-sml-layout":"","ast-disable-related-posts":"","theme-transparent-header-meta":"default","adv-header-id-meta":"","stick-header-meta":"","header-above-stick-meta":"","header-main-stick-meta":"","header-below-stick-meta":"","astra-migrate-meta-layouts":"set","ast-page-background-enabled":"default","ast-page-background-meta":{"desktop":{"background-color":"","background-image":"","background-repeat":"repeat","background-position":"center center","background-size":"auto","background-attachment":"scroll","background-type":"","background-media":"","overlay-type":"","overlay-color":"","overlay-opacity":"","overlay-gradient":""},"tablet":{"background-color":"","background-image":"","background-repeat":"repeat","background-position":"center center","background-size":"auto","background-attachment":"scroll","background-type":"","background-media":"","overlay-type":"","overlay-color":"","overlay-opacity":"","overlay-gradient":""},"mobile":{"background-color":"","background-image":"","background-repeat":"repeat","background-position":"center center","background-size":"auto","background-attachment":"scroll","background-type":"","background-media":"","overlay-type":"","overlay-color":"","overlay-opacity":"","overlay-gradient":""}},"ast-content-background-meta":{"desktop":{"background-color":"var(--ast-global-color-5)","background-image":"","background-repeat":"repeat","background-position":"center center","background-size":"auto","background-attachment":"scroll","background-type":"","background-media":"","overlay-type":"","overlay-color":"","overlay-opacity":"","overlay-gradient":""},"tablet":{"background-color":"var(--ast-global-color-5)","background-image":"","background-repeat":"repeat","background-position":"center center","background-size":"auto","background-attachment":"scroll","background-type":"","background-media":"","overlay-type":"","overlay-color":"","overlay-opacity":"","overlay-gradient":""},"mobile":{"background-color":"var(--ast-global-color-5)","background-image":"","background-repeat":"repeat","background-position":"center center","background-size":"auto","background-attachment":"scroll","background-type":"","background-media":"","overlay-type":"","overlay-color":"","overlay-opacity":"","overlay-gradient":""}},"_joinchat":[]},"product_brand":[],"product_cat":[286,284],"product_tag":[],"class_list":{"0":"post-6884","1":"product","2":"type-product","3":"status-publish","4":"has-post-thumbnail","6":"product_cat-water-conservancy-sensor","7":"product_cat-water-quality-and-conservancy-sensor","8":"desktop-align-left","9":"tablet-align-left","10":"mobile-align-left","12":"first","13":"instock","14":"shipping-taxable","15":"purchasable","16":"product-type-simple"},"jetpack_sharing_enabled":true,"_links":{"self":[{"href":"https:\/\/ecosentec.com\/pt\/wp-json\/wp\/v2\/product\/6884","targetHints":{"allow":["GET"]}}],"collection":[{"href":"https:\/\/ecosentec.com\/pt\/wp-json\/wp\/v2\/product"}],"about":[{"href":"https:\/\/ecosentec.com\/pt\/wp-json\/wp\/v2\/types\/product"}],"version-history":[{"count":3,"href":"https:\/\/ecosentec.com\/pt\/wp-json\/wp\/v2\/product\/6884\/revisions"}],"predecessor-version":[{"id":7077,"href":"https:\/\/ecosentec.com\/pt\/wp-json\/wp\/v2\/product\/6884\/revisions\/7077"}],"wp:featuredmedia":[{"embeddable":true,"href":"https:\/\/ecosentec.com\/pt\/wp-json\/wp\/v2\/media\/6885"}],"wp:attachment":[{"href":"https:\/\/ecosentec.com\/pt\/wp-json\/wp\/v2\/media?parent=6884"}],"wp:term":[{"taxonomy":"product_brand","embeddable":true,"href":"https:\/\/ecosentec.com\/pt\/wp-json\/wp\/v2\/product_brand?post=6884"},{"taxonomy":"product_cat","embeddable":true,"href":"https:\/\/ecosentec.com\/pt\/wp-json\/wp\/v2\/product_cat?post=6884"},{"taxonomy":"product_tag","embeddable":true,"href":"https:\/\/ecosentec.com\/pt\/wp-json\/wp\/v2\/product_tag?post=6884"}],"curies":[{"name":"wp","href":"https:\/\/api.w.org\/{rel}","templated":true}]}}