{"id":6862,"date":"2025-05-30T10:52:59","date_gmt":"2025-05-30T10:52:59","guid":{"rendered":"https:\/\/ecosentec.com\/?post_type=product&#038;p=6862"},"modified":"2025-05-30T10:57:32","modified_gmt":"2025-05-30T10:57:32","slug":"transmissor-de-nivel-ultrassonico","status":"publish","type":"product","link":"https:\/\/ecosentec.com\/pt\/produto\/transmissor-de-nivel-ultrassonico\/","title":{"rendered":"Transmissor de n\u00edvel ultrass\u00f4nico ES-W804"},"content":{"rendered":"<p class=\"p1\">O transmissor de n\u00edvel ultrass\u00f4nico da s\u00e9rie ES-W804 \u00e9 totalmente digital com display no local e possui fun\u00e7\u00f5es perfeitas de medi\u00e7\u00e3o e controle de n\u00edvel de objeto, transmiss\u00e3o de dados e comunica\u00e7\u00e3o homem-m\u00e1quina. S\u00e3o fabricados com caixa \u00e0 prova d&#039;\u00e1gua de pl\u00e1stico de engenharia ABS e placa PCB multicamadas de qualidade militar, projetada com circuito modular. O chip principal adota dezenas de ASICs relacionados com microcomputador de chip \u00fanico de n\u00edvel industrial importado para torn\u00e1-los com recursos perfeitos de compensa\u00e7\u00e3o digital de temperatura e regula\u00e7\u00e3o de tens\u00e3o de entrada de tens\u00e3o ultra-ampla. M\u00f3dulos tamb\u00e9m podem ser adicionados para implementar outras fun\u00e7\u00f5es (como Bluetooth, comunica\u00e7\u00e3o GPRS, etc.) de acordo com as necessidades do cliente. Possuem forte capacidade anti-interfer\u00eancia e suportam n\u00f3s de limite superior e inferior e ajuste de sa\u00edda online casualmente, sele\u00e7\u00e3o de grandeza anal\u00f3gica e quantidade de comuta\u00e7\u00e3o e sa\u00edda RS485. Possuem as caracter\u00edsticas de alta confiabilidade, aus\u00eancia de polui\u00e7\u00e3o, desempenho est\u00e1vel e s\u00e3o amplamente utilizados em v\u00e1rios campos relacionados \u00e0 medi\u00e7\u00e3o e controle de n\u00edvel de materiais e l\u00edquidos.<\/p>","protected":false},"excerpt":{"rendered":"<p>O transmissor de n\u00edvel ultrass\u00f4nico da s\u00e9rie ES-W804 \u00e9 totalmente digital, com display no local, e possui fun\u00e7\u00f5es perfeitas de medi\u00e7\u00e3o e controle do n\u00edvel do objeto, transmiss\u00e3o de dados e comunica\u00e7\u00e3o homem-computador. \u00c9 fabricado com caixa \u00e0 prova d&#039;\u00e1gua de pl\u00e1stico de engenharia ABS e placa de circuito impresso multicamadas de qualidade militar, projetada com circuito modular.<\/p>","protected":false},"featured_media":6863,"template":"","meta":{"om_disable_all_campaigns":false,"_monsterinsights_skip_tracking":false,"_monsterinsights_sitenote_active":false,"_monsterinsights_sitenote_note":"","_monsterinsights_sitenote_category":0,"site-sidebar-layout":"default","site-content-layout":"default","ast-site-content-layout":"default","site-content-style":"default","site-sidebar-style":"default","ast-global-header-display":"","ast-banner-title-visibility":"","ast-main-header-display":"","ast-hfb-above-header-display":"","ast-hfb-below-header-display":"","ast-hfb-mobile-header-display":"","site-post-title":"","ast-breadcrumbs-content":"","ast-featured-img":"","footer-sml-layout":"","ast-disable-related-posts":"","theme-transparent-header-meta":"default","adv-header-id-meta":"","stick-header-meta":"","header-above-stick-meta":"","header-main-stick-meta":"","header-below-stick-meta":"","astra-migrate-meta-layouts":"set","ast-page-background-enabled":"default","ast-page-background-meta":{"desktop":{"background-color":"","background-image":"","background-repeat":"repeat","background-position":"center center","background-size":"auto","background-attachment":"scroll","background-type":"","background-media":"","overlay-type":"","overlay-color":"","overlay-opacity":"","overlay-gradient":""},"tablet":{"background-color":"","background-image":"","background-repeat":"repeat","background-position":"center center","background-size":"auto","background-attachment":"scroll","background-type":"","background-media":"","overlay-type":"","overlay-color":"","overlay-opacity":"","overlay-gradient":""},"mobile":{"background-color":"","background-image":"","background-repeat":"repeat","background-position":"center center","background-size":"auto","background-attachment":"scroll","background-type":"","background-media":"","overlay-type":"","overlay-color":"","overlay-opacity":"","overlay-gradient":""}},"ast-content-background-meta":{"desktop":{"background-color":"var(--ast-global-color-5)","background-image":"","background-repeat":"repeat","background-position":"center center","background-size":"auto","background-attachment":"scroll","background-type":"","background-media":"","overlay-type":"","overlay-color":"","overlay-opacity":"","overlay-gradient":""},"tablet":{"background-color":"var(--ast-global-color-5)","background-image":"","background-repeat":"repeat","background-position":"center center","background-size":"auto","background-attachment":"scroll","background-type":"","background-media":"","overlay-type":"","overlay-color":"","overlay-opacity":"","overlay-gradient":""},"mobile":{"background-color":"var(--ast-global-color-5)","background-image":"","background-repeat":"repeat","background-position":"center center","background-size":"auto","background-attachment":"scroll","background-type":"","background-media":"","overlay-type":"","overlay-color":"","overlay-opacity":"","overlay-gradient":""}},"_joinchat":[]},"product_brand":[],"product_cat":[286,284],"product_tag":[],"class_list":{"0":"post-6862","1":"product","2":"type-product","3":"status-publish","4":"has-post-thumbnail","6":"product_cat-water-conservancy-sensor","7":"product_cat-water-quality-and-conservancy-sensor","8":"desktop-align-left","9":"tablet-align-left","10":"mobile-align-left","12":"first","13":"instock","14":"shipping-taxable","15":"purchasable","16":"product-type-simple"},"jetpack_sharing_enabled":true,"_links":{"self":[{"href":"https:\/\/ecosentec.com\/pt\/wp-json\/wp\/v2\/product\/6862","targetHints":{"allow":["GET"]}}],"collection":[{"href":"https:\/\/ecosentec.com\/pt\/wp-json\/wp\/v2\/product"}],"about":[{"href":"https:\/\/ecosentec.com\/pt\/wp-json\/wp\/v2\/types\/product"}],"version-history":[{"count":2,"href":"https:\/\/ecosentec.com\/pt\/wp-json\/wp\/v2\/product\/6862\/revisions"}],"predecessor-version":[{"id":6865,"href":"https:\/\/ecosentec.com\/pt\/wp-json\/wp\/v2\/product\/6862\/revisions\/6865"}],"wp:featuredmedia":[{"embeddable":true,"href":"https:\/\/ecosentec.com\/pt\/wp-json\/wp\/v2\/media\/6863"}],"wp:attachment":[{"href":"https:\/\/ecosentec.com\/pt\/wp-json\/wp\/v2\/media?parent=6862"}],"wp:term":[{"taxonomy":"product_brand","embeddable":true,"href":"https:\/\/ecosentec.com\/pt\/wp-json\/wp\/v2\/product_brand?post=6862"},{"taxonomy":"product_cat","embeddable":true,"href":"https:\/\/ecosentec.com\/pt\/wp-json\/wp\/v2\/product_cat?post=6862"},{"taxonomy":"product_tag","embeddable":true,"href":"https:\/\/ecosentec.com\/pt\/wp-json\/wp\/v2\/product_tag?post=6862"}],"curies":[{"name":"wp","href":"https:\/\/api.w.org\/{rel}","templated":true}]}}