{"id":6858,"date":"2025-05-30T10:47:28","date_gmt":"2025-05-30T10:47:28","guid":{"rendered":"https:\/\/ecosentec.com\/?post_type=product&#038;p=6858"},"modified":"2025-05-30T10:52:27","modified_gmt":"2025-05-30T10:52:27","slug":"sensor-de-nivel-de-agua-submersivel","status":"publish","type":"product","link":"https:\/\/ecosentec.com\/pt\/produto\/sensor-de-nivel-de-agua-submersivel\/","title":{"rendered":"Sensor de n\u00edvel de \u00e1gua submers\u00edvel ES-W300"},"content":{"rendered":"<p class=\"p1\">O transmissor de n\u00edvel de l\u00edquido de entrada da s\u00e9rie ES-W300 \u00e9 um produto integrado baseado no princ\u00edpio de que a press\u00e3o est\u00e1tica do l\u00edquido medida \u00e9 proporcional \u00e0 altura do l\u00edquido. Ele utiliza o efeito piezoresistivo de elementos sensores de sil\u00edcio difuso ou cer\u00e2mica para converter a press\u00e3o est\u00e1tica em sinais el\u00e9tricos e, em seguida, coopera com circuitos digitais especiais para emitir sinais de padr\u00e3o industrial por meio de amplifica\u00e7\u00e3o de sinal, compensa\u00e7\u00e3o linear, resist\u00eancia a interfer\u00eancias, prote\u00e7\u00e3o contra surtos e outros processamentos de sinal.<\/p>\n<p class=\"p1\">Eles s\u00e3o amplamente utilizados em sistemas hidr\u00e1ulicos, f\u00e1bricas de produtos qu\u00edmicos, tratamento de esgoto, po\u00e7os profundos, represas, controle de enchentes e irriga\u00e7\u00e3o.<\/p>","protected":false},"excerpt":{"rendered":"<p>O transmissor de n\u00edvel de l\u00edquido de entrada da s\u00e9rie ES-W300 \u00e9 um produto integrado baseado no princ\u00edpio de que a press\u00e3o est\u00e1tica do l\u00edquido medida \u00e9 proporcional \u00e0 altura do l\u00edquido.<\/p>","protected":false},"featured_media":6859,"template":"","meta":{"om_disable_all_campaigns":false,"_monsterinsights_skip_tracking":false,"_monsterinsights_sitenote_active":false,"_monsterinsights_sitenote_note":"","_monsterinsights_sitenote_category":0,"site-sidebar-layout":"default","site-content-layout":"default","ast-site-content-layout":"default","site-content-style":"default","site-sidebar-style":"default","ast-global-header-display":"","ast-banner-title-visibility":"","ast-main-header-display":"","ast-hfb-above-header-display":"","ast-hfb-below-header-display":"","ast-hfb-mobile-header-display":"","site-post-title":"","ast-breadcrumbs-content":"","ast-featured-img":"","footer-sml-layout":"","ast-disable-related-posts":"","theme-transparent-header-meta":"default","adv-header-id-meta":"","stick-header-meta":"","header-above-stick-meta":"","header-main-stick-meta":"","header-below-stick-meta":"","astra-migrate-meta-layouts":"set","ast-page-background-enabled":"default","ast-page-background-meta":{"desktop":{"background-color":"","background-image":"","background-repeat":"repeat","background-position":"center center","background-size":"auto","background-attachment":"scroll","background-type":"","background-media":"","overlay-type":"","overlay-color":"","overlay-opacity":"","overlay-gradient":""},"tablet":{"background-color":"","background-image":"","background-repeat":"repeat","background-position":"center center","background-size":"auto","background-attachment":"scroll","background-type":"","background-media":"","overlay-type":"","overlay-color":"","overlay-opacity":"","overlay-gradient":""},"mobile":{"background-color":"","background-image":"","background-repeat":"repeat","background-position":"center center","background-size":"auto","background-attachment":"scroll","background-type":"","background-media":"","overlay-type":"","overlay-color":"","overlay-opacity":"","overlay-gradient":""}},"ast-content-background-meta":{"desktop":{"background-color":"var(--ast-global-color-5)","background-image":"","background-repeat":"repeat","background-position":"center center","background-size":"auto","background-attachment":"scroll","background-type":"","background-media":"","overlay-type":"","overlay-color":"","overlay-opacity":"","overlay-gradient":""},"tablet":{"background-color":"var(--ast-global-color-5)","background-image":"","background-repeat":"repeat","background-position":"center center","background-size":"auto","background-attachment":"scroll","background-type":"","background-media":"","overlay-type":"","overlay-color":"","overlay-opacity":"","overlay-gradient":""},"mobile":{"background-color":"var(--ast-global-color-5)","background-image":"","background-repeat":"repeat","background-position":"center center","background-size":"auto","background-attachment":"scroll","background-type":"","background-media":"","overlay-type":"","overlay-color":"","overlay-opacity":"","overlay-gradient":""}},"_joinchat":[]},"product_brand":[],"product_cat":[286,284],"product_tag":[],"class_list":{"0":"post-6858","1":"product","2":"type-product","3":"status-publish","4":"has-post-thumbnail","6":"product_cat-water-conservancy-sensor","7":"product_cat-water-quality-and-conservancy-sensor","8":"desktop-align-left","9":"tablet-align-left","10":"mobile-align-left","12":"first","13":"instock","14":"shipping-taxable","15":"purchasable","16":"product-type-simple"},"jetpack_sharing_enabled":true,"_links":{"self":[{"href":"https:\/\/ecosentec.com\/pt\/wp-json\/wp\/v2\/product\/6858","targetHints":{"allow":["GET"]}}],"collection":[{"href":"https:\/\/ecosentec.com\/pt\/wp-json\/wp\/v2\/product"}],"about":[{"href":"https:\/\/ecosentec.com\/pt\/wp-json\/wp\/v2\/types\/product"}],"version-history":[{"count":2,"href":"https:\/\/ecosentec.com\/pt\/wp-json\/wp\/v2\/product\/6858\/revisions"}],"predecessor-version":[{"id":6861,"href":"https:\/\/ecosentec.com\/pt\/wp-json\/wp\/v2\/product\/6858\/revisions\/6861"}],"wp:featuredmedia":[{"embeddable":true,"href":"https:\/\/ecosentec.com\/pt\/wp-json\/wp\/v2\/media\/6859"}],"wp:attachment":[{"href":"https:\/\/ecosentec.com\/pt\/wp-json\/wp\/v2\/media?parent=6858"}],"wp:term":[{"taxonomy":"product_brand","embeddable":true,"href":"https:\/\/ecosentec.com\/pt\/wp-json\/wp\/v2\/product_brand?post=6858"},{"taxonomy":"product_cat","embeddable":true,"href":"https:\/\/ecosentec.com\/pt\/wp-json\/wp\/v2\/product_cat?post=6858"},{"taxonomy":"product_tag","embeddable":true,"href":"https:\/\/ecosentec.com\/pt\/wp-json\/wp\/v2\/product_tag?post=6858"}],"curies":[{"name":"wp","href":"https:\/\/api.w.org\/{rel}","templated":true}]}}