{"id":6854,"date":"2025-05-30T10:43:38","date_gmt":"2025-05-30T10:43:38","guid":{"rendered":"https:\/\/ecosentec.com\/?post_type=product&#038;p=6854"},"modified":"2025-05-30T11:33:17","modified_gmt":"2025-05-30T11:33:17","slug":"boia-de-monitoramento-oceanico-multiparametro","status":"publish","type":"product","link":"https:\/\/ecosentec.com\/pt\/produto\/boia-de-monitoramento-oceanico-multiparametro\/","title":{"rendered":"Boia de monitoramento oce\u00e2nico multipar\u00e2metro ES-WF100"},"content":{"rendered":"<p>A plataforma de b\u00f3ia oce\u00e2nica ES-WF100 \u00e9 uma b\u00f3ia com estrutura de a\u00e7o polietileno de alta resist\u00eancia especialmente personalizada, projetada e constru\u00edda principalmente para monitoramento ambiental e aux\u00edlio \u00e0 navega\u00e7\u00e3o. Nossas b\u00f3ias oce\u00e2nicas s\u00e3o projetadas para uso em mar aberto, desde \u00e1guas rasas at\u00e9 profundas. O design da b\u00f3ia com centro de gravidade voltado para baixo torna nossa b\u00f3ia oce\u00e2nica uma plataforma est\u00e1vel que pode ser integrada a uma variedade de sensores para monitoramento meteorol\u00f3gico, oceanogr\u00e1fico e da qualidade da \u00e1gua. O design inovador da b\u00f3ia apresenta um n\u00facleo de a\u00e7o, um compartimento eletr\u00f4nico integrado e um moon pool central, provando ser a melhor escolha para aplica\u00e7\u00f5es de b\u00f3ia de dados onde o f\u00e1cil acesso e a manuten\u00e7\u00e3o s\u00e3o fatores-chave no projeto. Todas as nossas plataformas de b\u00f3ias oce\u00e2nicas podem ser personalizadas para miss\u00f5es e clientes espec\u00edficos.<br \/>\nNecessidades espec\u00edficas para dispositivos de montagem adequados, baterias, energia renov\u00e1vel, aquisi\u00e7\u00e3o de dados e sistemas de telemetria.<br \/>\nNossas plataformas de b\u00f3ias oce\u00e2nicas podem ser projetadas e entregues sob medida para uma variedade de aplica\u00e7\u00f5es, como:<br \/>\nMonitoramento de correntes oce\u00e2nicas.<br \/>\nB\u00f3ias de ondas.<br \/>\nMonitoramento da qualidade da \u00e1gua.<br \/>\nSistemas de observa\u00e7\u00e3o de b\u00f3ias costeiras e de \u00e1guas profundas.<br \/>\nMarcadores de canais para portos e ba\u00edas.<br \/>\nMonitoramento bioac\u00fastico on-line e monitoramento de ru\u00eddo subaqu\u00e1tico.<br \/>\nMonitoramento biol\u00f3gico de \u00e1guas residuais e nutrientes.<\/p>","protected":false},"excerpt":{"rendered":"<p>A plataforma de b\u00f3ia oce\u00e2nica ES-WF100 \u00e9 uma b\u00f3ia com estrutura de a\u00e7o polietileno de alta resist\u00eancia especialmente personalizada, projetada e constru\u00edda principalmente para monitoramento ambiental e aux\u00edlio \u00e0 navega\u00e7\u00e3o. Nossas b\u00f3ias oce\u00e2nicas s\u00e3o projetadas para uso em mar aberto, desde \u00e1guas rasas at\u00e9 profundas.<\/p>","protected":false},"featured_media":6855,"template":"","meta":{"om_disable_all_campaigns":false,"_monsterinsights_skip_tracking":false,"_monsterinsights_sitenote_active":false,"_monsterinsights_sitenote_note":"","_monsterinsights_sitenote_category":0,"site-sidebar-layout":"default","site-content-layout":"default","ast-site-content-layout":"default","site-content-style":"default","site-sidebar-style":"default","ast-global-header-display":"","ast-banner-title-visibility":"","ast-main-header-display":"","ast-hfb-above-header-display":"","ast-hfb-below-header-display":"","ast-hfb-mobile-header-display":"","site-post-title":"","ast-breadcrumbs-content":"","ast-featured-img":"","footer-sml-layout":"","ast-disable-related-posts":"","theme-transparent-header-meta":"default","adv-header-id-meta":"","stick-header-meta":"","header-above-stick-meta":"","header-main-stick-meta":"","header-below-stick-meta":"","astra-migrate-meta-layouts":"set","ast-page-background-enabled":"default","ast-page-background-meta":{"desktop":{"background-color":"","background-image":"","background-repeat":"repeat","background-position":"center center","background-size":"auto","background-attachment":"scroll","background-type":"","background-media":"","overlay-type":"","overlay-color":"","overlay-opacity":"","overlay-gradient":""},"tablet":{"background-color":"","background-image":"","background-repeat":"repeat","background-position":"center center","background-size":"auto","background-attachment":"scroll","background-type":"","background-media":"","overlay-type":"","overlay-color":"","overlay-opacity":"","overlay-gradient":""},"mobile":{"background-color":"","background-image":"","background-repeat":"repeat","background-position":"center center","background-size":"auto","background-attachment":"scroll","background-type":"","background-media":"","overlay-type":"","overlay-color":"","overlay-opacity":"","overlay-gradient":""}},"ast-content-background-meta":{"desktop":{"background-color":"var(--ast-global-color-5)","background-image":"","background-repeat":"repeat","background-position":"center center","background-size":"auto","background-attachment":"scroll","background-type":"","background-media":"","overlay-type":"","overlay-color":"","overlay-opacity":"","overlay-gradient":""},"tablet":{"background-color":"var(--ast-global-color-5)","background-image":"","background-repeat":"repeat","background-position":"center center","background-size":"auto","background-attachment":"scroll","background-type":"","background-media":"","overlay-type":"","overlay-color":"","overlay-opacity":"","overlay-gradient":""},"mobile":{"background-color":"var(--ast-global-color-5)","background-image":"","background-repeat":"repeat","background-position":"center center","background-size":"auto","background-attachment":"scroll","background-type":"","background-media":"","overlay-type":"","overlay-color":"","overlay-opacity":"","overlay-gradient":""}},"_joinchat":[]},"product_brand":[],"product_cat":[285,284],"product_tag":[],"class_list":{"0":"post-6854","1":"product","2":"type-product","3":"status-publish","4":"has-post-thumbnail","6":"product_cat-water-qaulity-sensor","7":"product_cat-water-quality-and-conservancy-sensor","8":"desktop-align-left","9":"tablet-align-left","10":"mobile-align-left","12":"first","13":"instock","14":"shipping-taxable","15":"purchasable","16":"product-type-simple"},"jetpack_sharing_enabled":true,"_links":{"self":[{"href":"https:\/\/ecosentec.com\/pt\/wp-json\/wp\/v2\/product\/6854","targetHints":{"allow":["GET"]}}],"collection":[{"href":"https:\/\/ecosentec.com\/pt\/wp-json\/wp\/v2\/product"}],"about":[{"href":"https:\/\/ecosentec.com\/pt\/wp-json\/wp\/v2\/types\/product"}],"version-history":[{"count":3,"href":"https:\/\/ecosentec.com\/pt\/wp-json\/wp\/v2\/product\/6854\/revisions"}],"predecessor-version":[{"id":6888,"href":"https:\/\/ecosentec.com\/pt\/wp-json\/wp\/v2\/product\/6854\/revisions\/6888"}],"wp:featuredmedia":[{"embeddable":true,"href":"https:\/\/ecosentec.com\/pt\/wp-json\/wp\/v2\/media\/6855"}],"wp:attachment":[{"href":"https:\/\/ecosentec.com\/pt\/wp-json\/wp\/v2\/media?parent=6854"}],"wp:term":[{"taxonomy":"product_brand","embeddable":true,"href":"https:\/\/ecosentec.com\/pt\/wp-json\/wp\/v2\/product_brand?post=6854"},{"taxonomy":"product_cat","embeddable":true,"href":"https:\/\/ecosentec.com\/pt\/wp-json\/wp\/v2\/product_cat?post=6854"},{"taxonomy":"product_tag","embeddable":true,"href":"https:\/\/ecosentec.com\/pt\/wp-json\/wp\/v2\/product_tag?post=6854"}],"curies":[{"name":"wp","href":"https:\/\/api.w.org\/{rel}","templated":true}]}}