{"id":6844,"date":"2025-05-30T10:11:55","date_gmt":"2025-05-30T10:11:55","guid":{"rendered":"https:\/\/ecosentec.com\/?post_type=product&#038;p=6844"},"modified":"2025-05-30T10:23:27","modified_gmt":"2025-05-30T10:23:27","slug":"sensor-de-fumaca","status":"publish","type":"product","link":"https:\/\/ecosentec.com\/pt\/produto\/sensor-de-fumaca\/","title":{"rendered":"Sensor de fuma\u00e7a ES-S502"},"content":{"rendered":"<p class=\"p1\">Os sensores de fuma\u00e7a ES-S502 podem detectar a fuma\u00e7a gerada durante inc\u00eandios. Utilizam sensores fotoel\u00e9tricos de fuma\u00e7a e excelente tecnologia de produ\u00e7\u00e3o. Funcionam de forma est\u00e1vel, t\u00eam uma bela apar\u00eancia, s\u00e3o f\u00e1ceis de instalar e n\u00e3o requerem depura\u00e7\u00e3o. Podem ser amplamente utilizados em shoppings, hot\u00e9is, lojas, armaz\u00e9ns, salas de inform\u00e1tica, resid\u00eancias e outros locais para detec\u00e7\u00e3o de seguran\u00e7a contra inc\u00eandio. O sensor de fuma\u00e7a possui um alarme sonoro integrado, que pode emitir um som forte ap\u00f3s o alarme. O sensor de fuma\u00e7a utiliza sa\u00edda de sinal padr\u00e3o 485 e protocolo ModBus para suportar o desenvolvimento secund\u00e1rio.<\/p>","protected":false},"excerpt":{"rendered":"<p>Os sensores de fuma\u00e7a ES-S502 podem detectar a fuma\u00e7a gerada durante inc\u00eandios. Utilizam sensores fotoel\u00e9tricos de fuma\u00e7a e excelente tecnologia de produ\u00e7\u00e3o. Funcionam de forma est\u00e1vel, t\u00eam uma bela apar\u00eancia, s\u00e3o f\u00e1ceis de instalar e n\u00e3o requerem depura\u00e7\u00e3o. Podem ser amplamente utilizados em shoppings, hot\u00e9is, lojas, armaz\u00e9ns, salas de inform\u00e1tica, resid\u00eancias e outros locais para detec\u00e7\u00e3o de seguran\u00e7a contra inc\u00eandio.<\/p>","protected":false},"featured_media":6845,"template":"","meta":{"om_disable_all_campaigns":false,"_monsterinsights_skip_tracking":false,"_monsterinsights_sitenote_active":false,"_monsterinsights_sitenote_note":"","_monsterinsights_sitenote_category":0,"site-sidebar-layout":"default","site-content-layout":"default","ast-site-content-layout":"default","site-content-style":"default","site-sidebar-style":"default","ast-global-header-display":"","ast-banner-title-visibility":"","ast-main-header-display":"","ast-hfb-above-header-display":"","ast-hfb-below-header-display":"","ast-hfb-mobile-header-display":"","site-post-title":"","ast-breadcrumbs-content":"","ast-featured-img":"","footer-sml-layout":"","ast-disable-related-posts":"","theme-transparent-header-meta":"default","adv-header-id-meta":"","stick-header-meta":"","header-above-stick-meta":"","header-main-stick-meta":"","header-below-stick-meta":"","astra-migrate-meta-layouts":"set","ast-page-background-enabled":"default","ast-page-background-meta":{"desktop":{"background-color":"","background-image":"","background-repeat":"repeat","background-position":"center center","background-size":"auto","background-attachment":"scroll","background-type":"","background-media":"","overlay-type":"","overlay-color":"","overlay-opacity":"","overlay-gradient":""},"tablet":{"background-color":"","background-image":"","background-repeat":"repeat","background-position":"center center","background-size":"auto","background-attachment":"scroll","background-type":"","background-media":"","overlay-type":"","overlay-color":"","overlay-opacity":"","overlay-gradient":""},"mobile":{"background-color":"","background-image":"","background-repeat":"repeat","background-position":"center center","background-size":"auto","background-attachment":"scroll","background-type":"","background-media":"","overlay-type":"","overlay-color":"","overlay-opacity":"","overlay-gradient":""}},"ast-content-background-meta":{"desktop":{"background-color":"var(--ast-global-color-5)","background-image":"","background-repeat":"repeat","background-position":"center center","background-size":"auto","background-attachment":"scroll","background-type":"","background-media":"","overlay-type":"","overlay-color":"","overlay-opacity":"","overlay-gradient":""},"tablet":{"background-color":"var(--ast-global-color-5)","background-image":"","background-repeat":"repeat","background-position":"center center","background-size":"auto","background-attachment":"scroll","background-type":"","background-media":"","overlay-type":"","overlay-color":"","overlay-opacity":"","overlay-gradient":""},"mobile":{"background-color":"var(--ast-global-color-5)","background-image":"","background-repeat":"repeat","background-position":"center center","background-size":"auto","background-attachment":"scroll","background-type":"","background-media":"","overlay-type":"","overlay-color":"","overlay-opacity":"","overlay-gradient":""}},"_joinchat":[]},"product_brand":[],"product_cat":[89,287],"product_tag":[],"class_list":{"0":"post-6844","1":"product","2":"type-product","3":"status-publish","4":"has-post-thumbnail","6":"product_cat-ambient-sensor","7":"product_cat-smoke-sensor","8":"desktop-align-left","9":"tablet-align-left","10":"mobile-align-left","12":"first","13":"instock","14":"shipping-taxable","15":"purchasable","16":"product-type-simple"},"jetpack_sharing_enabled":true,"_links":{"self":[{"href":"https:\/\/ecosentec.com\/pt\/wp-json\/wp\/v2\/product\/6844","targetHints":{"allow":["GET"]}}],"collection":[{"href":"https:\/\/ecosentec.com\/pt\/wp-json\/wp\/v2\/product"}],"about":[{"href":"https:\/\/ecosentec.com\/pt\/wp-json\/wp\/v2\/types\/product"}],"version-history":[{"count":2,"href":"https:\/\/ecosentec.com\/pt\/wp-json\/wp\/v2\/product\/6844\/revisions"}],"predecessor-version":[{"id":6847,"href":"https:\/\/ecosentec.com\/pt\/wp-json\/wp\/v2\/product\/6844\/revisions\/6847"}],"wp:featuredmedia":[{"embeddable":true,"href":"https:\/\/ecosentec.com\/pt\/wp-json\/wp\/v2\/media\/6845"}],"wp:attachment":[{"href":"https:\/\/ecosentec.com\/pt\/wp-json\/wp\/v2\/media?parent=6844"}],"wp:term":[{"taxonomy":"product_brand","embeddable":true,"href":"https:\/\/ecosentec.com\/pt\/wp-json\/wp\/v2\/product_brand?post=6844"},{"taxonomy":"product_cat","embeddable":true,"href":"https:\/\/ecosentec.com\/pt\/wp-json\/wp\/v2\/product_cat?post=6844"},{"taxonomy":"product_tag","embeddable":true,"href":"https:\/\/ecosentec.com\/pt\/wp-json\/wp\/v2\/product_tag?post=6844"}],"curies":[{"name":"wp","href":"https:\/\/api.w.org\/{rel}","templated":true}]}}