{"id":6839,"date":"2025-05-30T09:43:48","date_gmt":"2025-05-30T09:43:48","guid":{"rendered":"https:\/\/ecosentec.com\/?post_type=product&#038;p=6839"},"modified":"2025-05-30T09:45:40","modified_gmt":"2025-05-30T09:45:40","slug":"transmissor-de-fluxo-de-calor-do-solo","status":"publish","type":"product","link":"https:\/\/ecosentec.com\/pt\/produto\/transmissor-de-fluxo-de-calor-do-solo\/","title":{"rendered":"Transmissor de fluxo de calor do solo ES-S2256"},"content":{"rendered":"<p class=\"p1\">O transmissor de fluxo de calor do solo ES-S2256 (tamb\u00e9m conhecido como &quot;placa de fluxo de calor do solo&quot;, &quot;medidor de fluxo de calor&quot;) \u00e9 usado principalmente para medir o balan\u00e7o energ\u00e9tico do solo e a condu\u00e7\u00e3o de calor da camada de solo. O transmissor de fluxo de calor do solo utiliza a medi\u00e7\u00e3o por termopilha, composta por dois materiais met\u00e1licos diferentes. A termopilha gera um potencial de diferen\u00e7a de temperatura ap\u00f3s receber radia\u00e7\u00e3o t\u00e9rmica e, em seguida, obt\u00e9m o valor do fluxo de calor de acordo com o algoritmo.<\/p>\n<p class=\"p1\">ES-S2256 O fluxo de calor do solo refere-se \u00e0 energia t\u00e9rmica transferida atrav\u00e9s da superf\u00edcie do solo, que \u00e9 uma parte importante do balan\u00e7o energ\u00e9tico da superf\u00edcie terrestre. A magnitude do fluxo de calor do solo \u00e9 afetada por diversos fatores, incluindo radia\u00e7\u00e3o solar, propriedades do solo, cobertura vegetal, etc. A radia\u00e7\u00e3o solar \u00e9 a principal for\u00e7a motriz do fluxo de calor do solo. Ela irradia diretamente a superf\u00edcie do solo, fazendo com que o solo absorva energia e se aque\u00e7a. Propriedades do solo, como condutividade t\u00e9rmica e densidade do solo, tamb\u00e9m afetam a magnitude do fluxo de calor do solo. A cobertura vegetal pode afetar o fluxo de calor do solo regulando os processos de radia\u00e7\u00e3o, evapora\u00e7\u00e3o e condu\u00e7\u00e3o na superf\u00edcie do solo.<\/p>","protected":false},"excerpt":{"rendered":"<p>O transmissor de fluxo de calor do solo ES-S2256 (tamb\u00e9m conhecido como &quot;placa de fluxo de calor do solo&quot;, &quot;medidor de fluxo de calor&quot;) \u00e9 usado principalmente para medir o balan\u00e7o energ\u00e9tico do solo e a condu\u00e7\u00e3o de calor da camada de solo. O transmissor de fluxo de calor do solo utiliza a medi\u00e7\u00e3o por termopilha, composta por dois materiais met\u00e1licos diferentes. A termopilha gera um potencial de diferen\u00e7a de temperatura ap\u00f3s receber radia\u00e7\u00e3o t\u00e9rmica e, em seguida, obt\u00e9m o valor do fluxo de calor de acordo com o algoritmo.<\/p>","protected":false},"featured_media":6840,"template":"","meta":{"om_disable_all_campaigns":false,"_monsterinsights_skip_tracking":false,"_monsterinsights_sitenote_active":false,"_monsterinsights_sitenote_note":"","_monsterinsights_sitenote_category":0,"site-sidebar-layout":"default","site-content-layout":"default","ast-site-content-layout":"default","site-content-style":"default","site-sidebar-style":"default","ast-global-header-display":"","ast-banner-title-visibility":"","ast-main-header-display":"","ast-hfb-above-header-display":"","ast-hfb-below-header-display":"","ast-hfb-mobile-header-display":"","site-post-title":"","ast-breadcrumbs-content":"","ast-featured-img":"","footer-sml-layout":"","ast-disable-related-posts":"","theme-transparent-header-meta":"default","adv-header-id-meta":"","stick-header-meta":"","header-above-stick-meta":"","header-main-stick-meta":"","header-below-stick-meta":"","astra-migrate-meta-layouts":"set","ast-page-background-enabled":"default","ast-page-background-meta":{"desktop":{"background-color":"","background-image":"","background-repeat":"repeat","background-position":"center center","background-size":"auto","background-attachment":"scroll","background-type":"","background-media":"","overlay-type":"","overlay-color":"","overlay-opacity":"","overlay-gradient":""},"tablet":{"background-color":"","background-image":"","background-repeat":"repeat","background-position":"center center","background-size":"auto","background-attachment":"scroll","background-type":"","background-media":"","overlay-type":"","overlay-color":"","overlay-opacity":"","overlay-gradient":""},"mobile":{"background-color":"","background-image":"","background-repeat":"repeat","background-position":"center center","background-size":"auto","background-attachment":"scroll","background-type":"","background-media":"","overlay-type":"","overlay-color":"","overlay-opacity":"","overlay-gradient":""}},"ast-content-background-meta":{"desktop":{"background-color":"var(--ast-global-color-5)","background-image":"","background-repeat":"repeat","background-position":"center center","background-size":"auto","background-attachment":"scroll","background-type":"","background-media":"","overlay-type":"","overlay-color":"","overlay-opacity":"","overlay-gradient":""},"tablet":{"background-color":"var(--ast-global-color-5)","background-image":"","background-repeat":"repeat","background-position":"center center","background-size":"auto","background-attachment":"scroll","background-type":"","background-media":"","overlay-type":"","overlay-color":"","overlay-opacity":"","overlay-gradient":""},"mobile":{"background-color":"var(--ast-global-color-5)","background-image":"","background-repeat":"repeat","background-position":"center center","background-size":"auto","background-attachment":"scroll","background-type":"","background-media":"","overlay-type":"","overlay-color":"","overlay-opacity":"","overlay-gradient":""}},"_joinchat":[]},"product_brand":[],"product_cat":[94,95],"product_tag":[],"class_list":{"0":"post-6839","1":"product","2":"type-product","3":"status-publish","4":"has-post-thumbnail","6":"product_cat-agro-soil-sensor","7":"product_cat-soil-sensor","8":"desktop-align-left","9":"tablet-align-left","10":"mobile-align-left","12":"first","13":"instock","14":"shipping-taxable","15":"purchasable","16":"product-type-simple"},"jetpack_sharing_enabled":true,"_links":{"self":[{"href":"https:\/\/ecosentec.com\/pt\/wp-json\/wp\/v2\/product\/6839","targetHints":{"allow":["GET"]}}],"collection":[{"href":"https:\/\/ecosentec.com\/pt\/wp-json\/wp\/v2\/product"}],"about":[{"href":"https:\/\/ecosentec.com\/pt\/wp-json\/wp\/v2\/types\/product"}],"version-history":[{"count":2,"href":"https:\/\/ecosentec.com\/pt\/wp-json\/wp\/v2\/product\/6839\/revisions"}],"predecessor-version":[{"id":6843,"href":"https:\/\/ecosentec.com\/pt\/wp-json\/wp\/v2\/product\/6839\/revisions\/6843"}],"wp:featuredmedia":[{"embeddable":true,"href":"https:\/\/ecosentec.com\/pt\/wp-json\/wp\/v2\/media\/6840"}],"wp:attachment":[{"href":"https:\/\/ecosentec.com\/pt\/wp-json\/wp\/v2\/media?parent=6839"}],"wp:term":[{"taxonomy":"product_brand","embeddable":true,"href":"https:\/\/ecosentec.com\/pt\/wp-json\/wp\/v2\/product_brand?post=6839"},{"taxonomy":"product_cat","embeddable":true,"href":"https:\/\/ecosentec.com\/pt\/wp-json\/wp\/v2\/product_cat?post=6839"},{"taxonomy":"product_tag","embeddable":true,"href":"https:\/\/ecosentec.com\/pt\/wp-json\/wp\/v2\/product_tag?post=6839"}],"curies":[{"name":"wp","href":"https:\/\/api.w.org\/{rel}","templated":true}]}}