{"id":6835,"date":"2025-05-30T09:34:41","date_gmt":"2025-05-30T09:34:41","guid":{"rendered":"https:\/\/ecosentec.com\/?post_type=product&#038;p=6835"},"modified":"2025-05-30T09:42:07","modified_gmt":"2025-05-30T09:42:07","slug":"velocidade-do-vento-pressao-do-vento-volume-de-ar-sensor-de-temperatura-do-ar","status":"publish","type":"product","link":"https:\/\/ecosentec.com\/pt\/produto\/velocidade-do-vento-pressao-do-vento-volume-de-ar-sensor-de-temperatura-do-ar\/","title":{"rendered":"ES-WT286 Sensor de velocidade do vento, press\u00e3o do vento, volume de ar e temperatura do ar"},"content":{"rendered":"<p class=\"p1\">O sensor ES-WT286 para velocidade do vento, press\u00e3o do vento, volume de ar e temperatura do ar em tubula\u00e7\u00f5es foi projetado para medir a velocidade do vento em tubula\u00e7\u00f5es. A unidade de medi\u00e7\u00e3o de velocidade do vento de alta precis\u00e3o, desenvolvida independentemente, \u00e9 sens\u00edvel e pode medir velocidades de vento baixas com rapidez e precis\u00e3o. Possui boa estabilidade, pequeno desvio e alta precis\u00e3o. O transmissor tamb\u00e9m pode calcular o valor do volume de ar em tempo real de acordo com a \u00e1rea da se\u00e7\u00e3o transversal da tubula\u00e7\u00e3o medida. O m\u00e9todo de instala\u00e7\u00e3o na tubula\u00e7\u00e3o \u00e9 conveniente para instala\u00e7\u00e3o no local. O produto adota um design de circuito anti-interfer\u00eancia e a fonte de alimenta\u00e7\u00e3o CC de 10-30 V \u00e9 mais conveniente de usar.<\/p>","protected":false},"excerpt":{"rendered":"<p>O sensor de velocidade do vento, press\u00e3o do vento, volume de ar e temperatura do ar ES-WT286 para tubos foi projetado para medi\u00e7\u00e3o da velocidade do vento em dutos. A unidade de medi\u00e7\u00e3o de velocidade do vento de alta precis\u00e3o, desenvolvida de forma independente, \u00e9 sens\u00edvel e pode medir pequenas velocidades de vento com rapidez e precis\u00e3o. Possui boa estabilidade, pequeno desvio e alta precis\u00e3o.<\/p>","protected":false},"featured_media":6837,"template":"","meta":{"om_disable_all_campaigns":false,"_monsterinsights_skip_tracking":false,"_monsterinsights_sitenote_active":false,"_monsterinsights_sitenote_note":"","_monsterinsights_sitenote_category":0,"site-sidebar-layout":"default","site-content-layout":"default","ast-site-content-layout":"default","site-content-style":"default","site-sidebar-style":"default","ast-global-header-display":"","ast-banner-title-visibility":"","ast-main-header-display":"","ast-hfb-above-header-display":"","ast-hfb-below-header-display":"","ast-hfb-mobile-header-display":"","site-post-title":"","ast-breadcrumbs-content":"","ast-featured-img":"","footer-sml-layout":"","ast-disable-related-posts":"","theme-transparent-header-meta":"default","adv-header-id-meta":"","stick-header-meta":"","header-above-stick-meta":"","header-main-stick-meta":"","header-below-stick-meta":"","astra-migrate-meta-layouts":"set","ast-page-background-enabled":"default","ast-page-background-meta":{"desktop":{"background-color":"","background-image":"","background-repeat":"repeat","background-position":"center center","background-size":"auto","background-attachment":"scroll","background-type":"","background-media":"","overlay-type":"","overlay-color":"","overlay-opacity":"","overlay-gradient":""},"tablet":{"background-color":"","background-image":"","background-repeat":"repeat","background-position":"center center","background-size":"auto","background-attachment":"scroll","background-type":"","background-media":"","overlay-type":"","overlay-color":"","overlay-opacity":"","overlay-gradient":""},"mobile":{"background-color":"","background-image":"","background-repeat":"repeat","background-position":"center center","background-size":"auto","background-attachment":"scroll","background-type":"","background-media":"","overlay-type":"","overlay-color":"","overlay-opacity":"","overlay-gradient":""}},"ast-content-background-meta":{"desktop":{"background-color":"var(--ast-global-color-5)","background-image":"","background-repeat":"repeat","background-position":"center center","background-size":"auto","background-attachment":"scroll","background-type":"","background-media":"","overlay-type":"","overlay-color":"","overlay-opacity":"","overlay-gradient":""},"tablet":{"background-color":"var(--ast-global-color-5)","background-image":"","background-repeat":"repeat","background-position":"center center","background-size":"auto","background-attachment":"scroll","background-type":"","background-media":"","overlay-type":"","overlay-color":"","overlay-opacity":"","overlay-gradient":""},"mobile":{"background-color":"var(--ast-global-color-5)","background-image":"","background-repeat":"repeat","background-position":"center center","background-size":"auto","background-attachment":"scroll","background-type":"","background-media":"","overlay-type":"","overlay-color":"","overlay-opacity":"","overlay-gradient":""}},"_joinchat":[]},"product_brand":[],"product_cat":[97,89,90],"product_tag":[],"class_list":{"0":"post-6835","1":"product","2":"type-product","3":"status-publish","4":"has-post-thumbnail","6":"product_cat-all-in-one-ambient-sensor","7":"product_cat-ambient-sensor","8":"product_cat-temperature-humidity-sensor","9":"desktop-align-left","10":"tablet-align-left","11":"mobile-align-left","13":"first","14":"instock","15":"shipping-taxable","16":"purchasable","17":"product-type-simple"},"jetpack_sharing_enabled":true,"_links":{"self":[{"href":"https:\/\/ecosentec.com\/pt\/wp-json\/wp\/v2\/product\/6835","targetHints":{"allow":["GET"]}}],"collection":[{"href":"https:\/\/ecosentec.com\/pt\/wp-json\/wp\/v2\/product"}],"about":[{"href":"https:\/\/ecosentec.com\/pt\/wp-json\/wp\/v2\/types\/product"}],"version-history":[{"count":1,"href":"https:\/\/ecosentec.com\/pt\/wp-json\/wp\/v2\/product\/6835\/revisions"}],"predecessor-version":[{"id":6838,"href":"https:\/\/ecosentec.com\/pt\/wp-json\/wp\/v2\/product\/6835\/revisions\/6838"}],"wp:featuredmedia":[{"embeddable":true,"href":"https:\/\/ecosentec.com\/pt\/wp-json\/wp\/v2\/media\/6837"}],"wp:attachment":[{"href":"https:\/\/ecosentec.com\/pt\/wp-json\/wp\/v2\/media?parent=6835"}],"wp:term":[{"taxonomy":"product_brand","embeddable":true,"href":"https:\/\/ecosentec.com\/pt\/wp-json\/wp\/v2\/product_brand?post=6835"},{"taxonomy":"product_cat","embeddable":true,"href":"https:\/\/ecosentec.com\/pt\/wp-json\/wp\/v2\/product_cat?post=6835"},{"taxonomy":"product_tag","embeddable":true,"href":"https:\/\/ecosentec.com\/pt\/wp-json\/wp\/v2\/product_tag?post=6835"}],"curies":[{"name":"wp","href":"https:\/\/api.w.org\/{rel}","templated":true}]}}