{"id":6827,"date":"2025-05-29T10:55:34","date_gmt":"2025-05-29T10:55:34","guid":{"rendered":"https:\/\/ecosentec.com\/?post_type=product&#038;p=6827"},"modified":"2025-05-29T10:57:18","modified_gmt":"2025-05-29T10:57:18","slug":"transmissor-de-temperatura-e-umidade-de-tubo-metalico","status":"publish","type":"product","link":"https:\/\/ecosentec.com\/pt\/produto\/transmissor-de-temperatura-e-umidade-de-tubo-metalico\/","title":{"rendered":"Transmissor de temperatura e umidade para tubos met\u00e1licos ES-A130"},"content":{"rendered":"<p class=\"p1\">O Transmissor de Temperatura e Umidade para Tubos Met\u00e1licos ES-A130 \u00e9 utilizado para medi\u00e7\u00e3o de temperatura e umidade em tubula\u00e7\u00f5es. Utiliza unidade de medi\u00e7\u00e3o de temperatura e umidade importada, com pequeno desvio, alta precis\u00e3o e forte capacidade antiparasit\u00e1ria, entre outras caracter\u00edsticas, garantindo o excelente desempenho de medi\u00e7\u00e3o do produto. Este produto possui bainha de sonda sinterizada granular, grau de prote\u00e7\u00e3o IP65, e pode ser utilizado em diversos ambientes industriais.<\/p>\n<p class=\"p1\">O equipamento adota ampla tens\u00e3o de alimenta\u00e7\u00e3o de 7-30 V CC, suporta sinal anal\u00f3gico (4-20 mA, 0-10 V, 0-5 V) ou sa\u00edda de sinal 485, protocolo de comunica\u00e7\u00e3o padr\u00e3o ModBus-RTU, endere\u00e7o ModBus pode ser definido, taxa de transmiss\u00e3o pode ser alterada e a dist\u00e2ncia de comunica\u00e7\u00e3o \u00e9 de at\u00e9 2.000 metros.<\/p>","protected":false},"excerpt":{"rendered":"<p>O Transmissor de Temperatura e Umidade para Tubos Met\u00e1licos ES-A130 \u00e9 utilizado para medi\u00e7\u00e3o de temperatura e umidade em tubula\u00e7\u00f5es. Utiliza unidade de medi\u00e7\u00e3o de temperatura e umidade importada, com pequeno desvio, alta precis\u00e3o e forte capacidade antiparasit\u00e1ria, entre outras caracter\u00edsticas, garantindo o excelente desempenho de medi\u00e7\u00e3o do produto. Este produto possui bainha de sonda sinterizada granular, grau de prote\u00e7\u00e3o IP65, e pode ser utilizado em diversos ambientes industriais.<\/p>","protected":false},"featured_media":6828,"template":"","meta":{"om_disable_all_campaigns":false,"_monsterinsights_skip_tracking":false,"_monsterinsights_sitenote_active":false,"_monsterinsights_sitenote_note":"","_monsterinsights_sitenote_category":0,"site-sidebar-layout":"default","site-content-layout":"default","ast-site-content-layout":"default","site-content-style":"default","site-sidebar-style":"default","ast-global-header-display":"","ast-banner-title-visibility":"","ast-main-header-display":"","ast-hfb-above-header-display":"","ast-hfb-below-header-display":"","ast-hfb-mobile-header-display":"","site-post-title":"","ast-breadcrumbs-content":"","ast-featured-img":"","footer-sml-layout":"","ast-disable-related-posts":"","theme-transparent-header-meta":"default","adv-header-id-meta":"","stick-header-meta":"","header-above-stick-meta":"","header-main-stick-meta":"","header-below-stick-meta":"","astra-migrate-meta-layouts":"set","ast-page-background-enabled":"default","ast-page-background-meta":{"desktop":{"background-color":"","background-image":"","background-repeat":"repeat","background-position":"center center","background-size":"auto","background-attachment":"scroll","background-type":"","background-media":"","overlay-type":"","overlay-color":"","overlay-opacity":"","overlay-gradient":""},"tablet":{"background-color":"","background-image":"","background-repeat":"repeat","background-position":"center center","background-size":"auto","background-attachment":"scroll","background-type":"","background-media":"","overlay-type":"","overlay-color":"","overlay-opacity":"","overlay-gradient":""},"mobile":{"background-color":"","background-image":"","background-repeat":"repeat","background-position":"center center","background-size":"auto","background-attachment":"scroll","background-type":"","background-media":"","overlay-type":"","overlay-color":"","overlay-opacity":"","overlay-gradient":""}},"ast-content-background-meta":{"desktop":{"background-color":"var(--ast-global-color-5)","background-image":"","background-repeat":"repeat","background-position":"center center","background-size":"auto","background-attachment":"scroll","background-type":"","background-media":"","overlay-type":"","overlay-color":"","overlay-opacity":"","overlay-gradient":""},"tablet":{"background-color":"var(--ast-global-color-5)","background-image":"","background-repeat":"repeat","background-position":"center center","background-size":"auto","background-attachment":"scroll","background-type":"","background-media":"","overlay-type":"","overlay-color":"","overlay-opacity":"","overlay-gradient":""},"mobile":{"background-color":"var(--ast-global-color-5)","background-image":"","background-repeat":"repeat","background-position":"center center","background-size":"auto","background-attachment":"scroll","background-type":"","background-media":"","overlay-type":"","overlay-color":"","overlay-opacity":"","overlay-gradient":""}},"_joinchat":[]},"product_brand":[],"product_cat":[89,90],"product_tag":[],"class_list":{"0":"post-6827","1":"product","2":"type-product","3":"status-publish","4":"has-post-thumbnail","6":"product_cat-ambient-sensor","7":"product_cat-temperature-humidity-sensor","8":"desktop-align-left","9":"tablet-align-left","10":"mobile-align-left","12":"first","13":"instock","14":"shipping-taxable","15":"purchasable","16":"product-type-simple"},"jetpack_sharing_enabled":true,"_links":{"self":[{"href":"https:\/\/ecosentec.com\/pt\/wp-json\/wp\/v2\/product\/6827","targetHints":{"allow":["GET"]}}],"collection":[{"href":"https:\/\/ecosentec.com\/pt\/wp-json\/wp\/v2\/product"}],"about":[{"href":"https:\/\/ecosentec.com\/pt\/wp-json\/wp\/v2\/types\/product"}],"version-history":[{"count":2,"href":"https:\/\/ecosentec.com\/pt\/wp-json\/wp\/v2\/product\/6827\/revisions"}],"predecessor-version":[{"id":6831,"href":"https:\/\/ecosentec.com\/pt\/wp-json\/wp\/v2\/product\/6827\/revisions\/6831"}],"wp:featuredmedia":[{"embeddable":true,"href":"https:\/\/ecosentec.com\/pt\/wp-json\/wp\/v2\/media\/6828"}],"wp:attachment":[{"href":"https:\/\/ecosentec.com\/pt\/wp-json\/wp\/v2\/media?parent=6827"}],"wp:term":[{"taxonomy":"product_brand","embeddable":true,"href":"https:\/\/ecosentec.com\/pt\/wp-json\/wp\/v2\/product_brand?post=6827"},{"taxonomy":"product_cat","embeddable":true,"href":"https:\/\/ecosentec.com\/pt\/wp-json\/wp\/v2\/product_cat?post=6827"},{"taxonomy":"product_tag","embeddable":true,"href":"https:\/\/ecosentec.com\/pt\/wp-json\/wp\/v2\/product_tag?post=6827"}],"curies":[{"name":"wp","href":"https:\/\/api.w.org\/{rel}","templated":true}]}}