{"id":6822,"date":"2025-05-29T10:53:18","date_gmt":"2025-05-29T10:53:18","guid":{"rendered":"https:\/\/ecosentec.com\/?post_type=product&#038;p=6822"},"modified":"2025-05-29T10:55:08","modified_gmt":"2025-05-29T10:55:08","slug":"sensor-de-temperatura-do-ponto-de-orvalho","status":"publish","type":"product","link":"https:\/\/ecosentec.com\/pt\/produto\/sensor-de-temperatura-do-ponto-de-orvalho\/","title":{"rendered":"Sensor de temperatura do ponto de orvalho ES-A120"},"content":{"rendered":"<p class=\"p1\">O transmissor de temperatura do ponto de orvalho de a\u00e7o inoxid\u00e1vel ES-A120 pode ser instalado atrav\u00e9s de rosca de tubo de 4 vias para medir a temperatura do ponto de orvalho na tubula\u00e7\u00e3o e tamb\u00e9m pode medir diretamente a temperatura do ponto de orvalho atmosf\u00e9rica em ambientes comuns.<\/p>\n<p class=\"p1\">O inv\u00f3lucro do transmissor de temperatura de ponto de orvalho ES-A120 \u00e9 feito de a\u00e7o inoxid\u00e1vel 304, com sa\u00edda \u00e0 prova d&#039;\u00e1gua e grau de prote\u00e7\u00e3o IP65. O circuito utiliza um chip microprocessador importado de n\u00edvel industrial e um sensor de temperatura de alta precis\u00e3o importado para garantir o excelente desempenho de medi\u00e7\u00e3o do produto. A apar\u00eancia do produto \u00e9 requintada e compacta, adequada para diversos ambientes industriais. O tipo de sinal de sa\u00edda \u00e9 RS485, a dist\u00e2ncia m\u00e1xima de comunica\u00e7\u00e3o \u00e9 de 2000 metros, protocolo Modbus padr\u00e3o e suporta desenvolvimento secund\u00e1rio.<\/p>","protected":false},"excerpt":{"rendered":"<p>O transmissor de temperatura do ponto de orvalho de a\u00e7o inoxid\u00e1vel ES-A120 pode ser instalado atrav\u00e9s de rosca de tubo de 4 vias para medir a temperatura do ponto de orvalho na tubula\u00e7\u00e3o e tamb\u00e9m pode medir diretamente a temperatura do ponto de orvalho atmosf\u00e9rica em ambientes comuns.<\/p>","protected":false},"featured_media":6823,"template":"","meta":{"om_disable_all_campaigns":false,"_monsterinsights_skip_tracking":false,"_monsterinsights_sitenote_active":false,"_monsterinsights_sitenote_note":"","_monsterinsights_sitenote_category":0,"site-sidebar-layout":"default","site-content-layout":"default","ast-site-content-layout":"default","site-content-style":"default","site-sidebar-style":"default","ast-global-header-display":"","ast-banner-title-visibility":"","ast-main-header-display":"","ast-hfb-above-header-display":"","ast-hfb-below-header-display":"","ast-hfb-mobile-header-display":"","site-post-title":"","ast-breadcrumbs-content":"","ast-featured-img":"","footer-sml-layout":"","ast-disable-related-posts":"","theme-transparent-header-meta":"default","adv-header-id-meta":"","stick-header-meta":"","header-above-stick-meta":"","header-main-stick-meta":"","header-below-stick-meta":"","astra-migrate-meta-layouts":"set","ast-page-background-enabled":"default","ast-page-background-meta":{"desktop":{"background-color":"","background-image":"","background-repeat":"repeat","background-position":"center center","background-size":"auto","background-attachment":"scroll","background-type":"","background-media":"","overlay-type":"","overlay-color":"","overlay-opacity":"","overlay-gradient":""},"tablet":{"background-color":"","background-image":"","background-repeat":"repeat","background-position":"center center","background-size":"auto","background-attachment":"scroll","background-type":"","background-media":"","overlay-type":"","overlay-color":"","overlay-opacity":"","overlay-gradient":""},"mobile":{"background-color":"","background-image":"","background-repeat":"repeat","background-position":"center center","background-size":"auto","background-attachment":"scroll","background-type":"","background-media":"","overlay-type":"","overlay-color":"","overlay-opacity":"","overlay-gradient":""}},"ast-content-background-meta":{"desktop":{"background-color":"var(--ast-global-color-5)","background-image":"","background-repeat":"repeat","background-position":"center center","background-size":"auto","background-attachment":"scroll","background-type":"","background-media":"","overlay-type":"","overlay-color":"","overlay-opacity":"","overlay-gradient":""},"tablet":{"background-color":"var(--ast-global-color-5)","background-image":"","background-repeat":"repeat","background-position":"center center","background-size":"auto","background-attachment":"scroll","background-type":"","background-media":"","overlay-type":"","overlay-color":"","overlay-opacity":"","overlay-gradient":""},"mobile":{"background-color":"var(--ast-global-color-5)","background-image":"","background-repeat":"repeat","background-position":"center center","background-size":"auto","background-attachment":"scroll","background-type":"","background-media":"","overlay-type":"","overlay-color":"","overlay-opacity":"","overlay-gradient":""}},"_joinchat":[]},"product_brand":[],"product_cat":[89,90],"product_tag":[],"class_list":{"0":"post-6822","1":"product","2":"type-product","3":"status-publish","4":"has-post-thumbnail","6":"product_cat-ambient-sensor","7":"product_cat-temperature-humidity-sensor","8":"desktop-align-left","9":"tablet-align-left","10":"mobile-align-left","12":"first","13":"instock","14":"shipping-taxable","15":"purchasable","16":"product-type-simple"},"jetpack_sharing_enabled":true,"_links":{"self":[{"href":"https:\/\/ecosentec.com\/pt\/wp-json\/wp\/v2\/product\/6822","targetHints":{"allow":["GET"]}}],"collection":[{"href":"https:\/\/ecosentec.com\/pt\/wp-json\/wp\/v2\/product"}],"about":[{"href":"https:\/\/ecosentec.com\/pt\/wp-json\/wp\/v2\/types\/product"}],"version-history":[{"count":2,"href":"https:\/\/ecosentec.com\/pt\/wp-json\/wp\/v2\/product\/6822\/revisions"}],"predecessor-version":[{"id":6826,"href":"https:\/\/ecosentec.com\/pt\/wp-json\/wp\/v2\/product\/6822\/revisions\/6826"}],"wp:featuredmedia":[{"embeddable":true,"href":"https:\/\/ecosentec.com\/pt\/wp-json\/wp\/v2\/media\/6823"}],"wp:attachment":[{"href":"https:\/\/ecosentec.com\/pt\/wp-json\/wp\/v2\/media?parent=6822"}],"wp:term":[{"taxonomy":"product_brand","embeddable":true,"href":"https:\/\/ecosentec.com\/pt\/wp-json\/wp\/v2\/product_brand?post=6822"},{"taxonomy":"product_cat","embeddable":true,"href":"https:\/\/ecosentec.com\/pt\/wp-json\/wp\/v2\/product_cat?post=6822"},{"taxonomy":"product_tag","embeddable":true,"href":"https:\/\/ecosentec.com\/pt\/wp-json\/wp\/v2\/product_tag?post=6822"}],"curies":[{"name":"wp","href":"https:\/\/api.w.org\/{rel}","templated":true}]}}