{"id":6810,"date":"2025-05-29T10:43:09","date_gmt":"2025-05-29T10:43:09","guid":{"rendered":"https:\/\/ecosentec.com\/?post_type=product&#038;p=6810"},"modified":"2025-05-29T10:45:38","modified_gmt":"2025-05-29T10:45:38","slug":"sensor-de-temperatura-infravermelho-2","status":"publish","type":"product","link":"https:\/\/ecosentec.com\/pt\/produto\/sensor-de-temperatura-infravermelho-2\/","title":{"rendered":"Sensor de temperatura infravermelho ES-A901"},"content":{"rendered":"<p class=\"p1\">O ES-A901 \u00e9 um sensor de temperatura infravermelho sem contato que pode calcular a temperatura da superf\u00edcie de um objeto medindo a energia da radia\u00e7\u00e3o infravermelha emitida pelo objeto na faixa de 8 \u03bcm a 14 \u03bcm, sem contato com o alvo. A medi\u00e7\u00e3o de temperatura sem contato \u00e9 a maior vantagem dos term\u00f4metros infravermelhos, permitindo aos usu\u00e1rios medir facilmente alvos de dif\u00edcil aproxima\u00e7\u00e3o ou movimenta\u00e7\u00e3o.<\/p>\n<p class=\"p1\">Este sensor de temperatura \u00e9 um sensor infravermelho integrado. O sensor, o sistema \u00f3ptico e o circuito eletr\u00f4nico est\u00e3o integrados em uma caixa de a\u00e7o inoxid\u00e1vel; \u00e9 f\u00e1cil de instalar e as roscas padr\u00e3o na caixa de a\u00e7o inoxid\u00e1vel podem ser rapidamente conectadas \u00e0 parte de instala\u00e7\u00e3o; tamb\u00e9m h\u00e1 diversas op\u00e7\u00f5es (v\u00e1rios instrumentos, telas grandes, tampas de prote\u00e7\u00e3o contra purga de registradores sem papel, miras laser, suportes de montagem ajust\u00e1veis, etc.) para atender aos requisitos de diversas condi\u00e7\u00f5es de trabalho.<\/p>","protected":false},"excerpt":{"rendered":"<p>O ES-A901 \u00e9 um sensor de temperatura infravermelho sem contato que pode calcular a temperatura da superf\u00edcie de um objeto medindo a energia da radia\u00e7\u00e3o infravermelha emitida pelo objeto na faixa de 8 \u03bcm a 14 \u03bcm, sem contato com o alvo. A medi\u00e7\u00e3o de temperatura sem contato \u00e9 a maior vantagem dos term\u00f4metros infravermelhos, permitindo aos usu\u00e1rios medir facilmente alvos de dif\u00edcil aproxima\u00e7\u00e3o ou movimenta\u00e7\u00e3o.<\/p>","protected":false},"featured_media":6811,"template":"","meta":{"om_disable_all_campaigns":false,"_monsterinsights_skip_tracking":false,"_monsterinsights_sitenote_active":false,"_monsterinsights_sitenote_note":"","_monsterinsights_sitenote_category":0,"site-sidebar-layout":"default","site-content-layout":"default","ast-site-content-layout":"default","site-content-style":"default","site-sidebar-style":"default","ast-global-header-display":"","ast-banner-title-visibility":"","ast-main-header-display":"","ast-hfb-above-header-display":"","ast-hfb-below-header-display":"","ast-hfb-mobile-header-display":"","site-post-title":"","ast-breadcrumbs-content":"","ast-featured-img":"","footer-sml-layout":"","ast-disable-related-posts":"","theme-transparent-header-meta":"default","adv-header-id-meta":"","stick-header-meta":"","header-above-stick-meta":"","header-main-stick-meta":"","header-below-stick-meta":"","astra-migrate-meta-layouts":"set","ast-page-background-enabled":"default","ast-page-background-meta":{"desktop":{"background-color":"","background-image":"","background-repeat":"repeat","background-position":"center center","background-size":"auto","background-attachment":"scroll","background-type":"","background-media":"","overlay-type":"","overlay-color":"","overlay-opacity":"","overlay-gradient":""},"tablet":{"background-color":"","background-image":"","background-repeat":"repeat","background-position":"center center","background-size":"auto","background-attachment":"scroll","background-type":"","background-media":"","overlay-type":"","overlay-color":"","overlay-opacity":"","overlay-gradient":""},"mobile":{"background-color":"","background-image":"","background-repeat":"repeat","background-position":"center center","background-size":"auto","background-attachment":"scroll","background-type":"","background-media":"","overlay-type":"","overlay-color":"","overlay-opacity":"","overlay-gradient":""}},"ast-content-background-meta":{"desktop":{"background-color":"var(--ast-global-color-5)","background-image":"","background-repeat":"repeat","background-position":"center center","background-size":"auto","background-attachment":"scroll","background-type":"","background-media":"","overlay-type":"","overlay-color":"","overlay-opacity":"","overlay-gradient":""},"tablet":{"background-color":"var(--ast-global-color-5)","background-image":"","background-repeat":"repeat","background-position":"center center","background-size":"auto","background-attachment":"scroll","background-type":"","background-media":"","overlay-type":"","overlay-color":"","overlay-opacity":"","overlay-gradient":""},"mobile":{"background-color":"var(--ast-global-color-5)","background-image":"","background-repeat":"repeat","background-position":"center center","background-size":"auto","background-attachment":"scroll","background-type":"","background-media":"","overlay-type":"","overlay-color":"","overlay-opacity":"","overlay-gradient":""}},"_joinchat":[]},"product_brand":[],"product_cat":[89,90],"product_tag":[],"class_list":{"0":"post-6810","1":"product","2":"type-product","3":"status-publish","4":"has-post-thumbnail","6":"product_cat-ambient-sensor","7":"product_cat-temperature-humidity-sensor","8":"desktop-align-left","9":"tablet-align-left","10":"mobile-align-left","12":"first","13":"instock","14":"shipping-taxable","15":"purchasable","16":"product-type-simple"},"jetpack_sharing_enabled":true,"_links":{"self":[{"href":"https:\/\/ecosentec.com\/pt\/wp-json\/wp\/v2\/product\/6810","targetHints":{"allow":["GET"]}}],"collection":[{"href":"https:\/\/ecosentec.com\/pt\/wp-json\/wp\/v2\/product"}],"about":[{"href":"https:\/\/ecosentec.com\/pt\/wp-json\/wp\/v2\/types\/product"}],"version-history":[{"count":2,"href":"https:\/\/ecosentec.com\/pt\/wp-json\/wp\/v2\/product\/6810\/revisions"}],"predecessor-version":[{"id":6814,"href":"https:\/\/ecosentec.com\/pt\/wp-json\/wp\/v2\/product\/6810\/revisions\/6814"}],"wp:featuredmedia":[{"embeddable":true,"href":"https:\/\/ecosentec.com\/pt\/wp-json\/wp\/v2\/media\/6811"}],"wp:attachment":[{"href":"https:\/\/ecosentec.com\/pt\/wp-json\/wp\/v2\/media?parent=6810"}],"wp:term":[{"taxonomy":"product_brand","embeddable":true,"href":"https:\/\/ecosentec.com\/pt\/wp-json\/wp\/v2\/product_brand?post=6810"},{"taxonomy":"product_cat","embeddable":true,"href":"https:\/\/ecosentec.com\/pt\/wp-json\/wp\/v2\/product_cat?post=6810"},{"taxonomy":"product_tag","embeddable":true,"href":"https:\/\/ecosentec.com\/pt\/wp-json\/wp\/v2\/product_tag?post=6810"}],"curies":[{"name":"wp","href":"https:\/\/api.w.org\/{rel}","templated":true}]}}