{"id":6804,"date":"2025-05-29T10:19:11","date_gmt":"2025-05-29T10:19:11","guid":{"rendered":"https:\/\/ecosentec.com\/?post_type=product&#038;p=6804"},"modified":"2025-06-11T10:25:33","modified_gmt":"2025-06-11T10:25:33","slug":"transmissor-de-radiacao-de-rastreamento","status":"publish","type":"product","link":"https:\/\/ecosentec.com\/pt\/produto\/transmissor-de-radiacao-de-rastreamento\/","title":{"rendered":"Transmissor de Radia\u00e7\u00e3o de Rastreamento ES-S228TM"},"content":{"rendered":"<p class=\"p1\">O transmissor de radia\u00e7\u00e3o solar com rastreamento totalmente autom\u00e1tico ES-S228TM \u00e9 um dispositivo que rastreia automaticamente o sol e mede m\u00faltiplos par\u00e2metros de radia\u00e7\u00e3o solar. Ele atende aos requisitos de medi\u00e7\u00e3o automatizada e resolve o problema de que os instrumentos tradicionais de radia\u00e7\u00e3o solar exigem manuten\u00e7\u00e3o manual em tempo real para medi\u00e7\u00f5es precisas. O dispositivo adota dois modos de rastreamento solar (rastreamento de luz) e rastreamento por GPS, que podem calcular automaticamente o \u00e2ngulo de altitude e o azimute solar, o hor\u00e1rio do nascer e do p\u00f4r do sol, al\u00e9m de calcular, analisar e comparar as mudan\u00e7as na intensidade da luz solar, de modo a rastrear o sol com precis\u00e3o ao longo do dia.<\/p>\n<p class=\"p1\">O transmissor de radia\u00e7\u00e3o solar direta adota o princ\u00edpio termoel\u00e9trico e pode ser usado para medir a radia\u00e7\u00e3o solar com uma faixa espectral de 0,3 a 3 \u03bcm. O elemento sensor utiliza uma termopilha galvanizada enrolada, e a superf\u00edcie sensora \u00e9 revestida com um revestimento preto com alta taxa de absor\u00e7\u00e3o. O produto adota o protocolo de comunica\u00e7\u00e3o padr\u00e3o ModBus-RTU 485, que permite a leitura direta do valor total atual da radia\u00e7\u00e3o solar. Ao mesmo tempo, com os diversos coletores de dados da nossa empresa, os dados podem ser carregados em nossa plataforma gratuita de monitoramento de dados em nuvem para visualiza\u00e7\u00e3o via Wi-Fi, 4G, LORA, Ethernet e outros m\u00e9todos.<\/p>","protected":false},"excerpt":{"rendered":"<p>O transmissor de radia\u00e7\u00e3o solar com rastreamento totalmente autom\u00e1tico ES-S228TM \u00e9 um dispositivo que rastreia automaticamente o sol e mede m\u00faltiplos par\u00e2metros de radia\u00e7\u00e3o solar. Ele atende aos requisitos de medi\u00e7\u00e3o automatizada e resolve o problema de que os instrumentos tradicionais de radia\u00e7\u00e3o solar exigem manuten\u00e7\u00e3o manual em tempo real para medi\u00e7\u00f5es precisas. O dispositivo adota dois modos de rastreamento solar (rastreamento de luz) e rastreamento por GPS, que podem calcular automaticamente o \u00e2ngulo de altitude e o azimute solar, o hor\u00e1rio do nascer e do p\u00f4r do sol, al\u00e9m de calcular, analisar e comparar as mudan\u00e7as na intensidade da luz solar, de modo a rastrear o sol com precis\u00e3o ao longo do dia.<\/p>","protected":false},"featured_media":6805,"template":"","meta":{"om_disable_all_campaigns":false,"_monsterinsights_skip_tracking":false,"_monsterinsights_sitenote_active":false,"_monsterinsights_sitenote_note":"","_monsterinsights_sitenote_category":0,"site-sidebar-layout":"default","site-content-layout":"default","ast-site-content-layout":"default","site-content-style":"default","site-sidebar-style":"default","ast-global-header-display":"","ast-banner-title-visibility":"","ast-main-header-display":"","ast-hfb-above-header-display":"","ast-hfb-below-header-display":"","ast-hfb-mobile-header-display":"","site-post-title":"","ast-breadcrumbs-content":"","ast-featured-img":"","footer-sml-layout":"","ast-disable-related-posts":"","theme-transparent-header-meta":"default","adv-header-id-meta":"","stick-header-meta":"","header-above-stick-meta":"","header-main-stick-meta":"","header-below-stick-meta":"","astra-migrate-meta-layouts":"set","ast-page-background-enabled":"default","ast-page-background-meta":{"desktop":{"background-color":"","background-image":"","background-repeat":"repeat","background-position":"center center","background-size":"auto","background-attachment":"scroll","background-type":"","background-media":"","overlay-type":"","overlay-color":"","overlay-opacity":"","overlay-gradient":""},"tablet":{"background-color":"","background-image":"","background-repeat":"repeat","background-position":"center center","background-size":"auto","background-attachment":"scroll","background-type":"","background-media":"","overlay-type":"","overlay-color":"","overlay-opacity":"","overlay-gradient":""},"mobile":{"background-color":"","background-image":"","background-repeat":"repeat","background-position":"center center","background-size":"auto","background-attachment":"scroll","background-type":"","background-media":"","overlay-type":"","overlay-color":"","overlay-opacity":"","overlay-gradient":""}},"ast-content-background-meta":{"desktop":{"background-color":"var(--ast-global-color-5)","background-image":"","background-repeat":"repeat","background-position":"center center","background-size":"auto","background-attachment":"scroll","background-type":"","background-media":"","overlay-type":"","overlay-color":"","overlay-opacity":"","overlay-gradient":""},"tablet":{"background-color":"var(--ast-global-color-5)","background-image":"","background-repeat":"repeat","background-position":"center center","background-size":"auto","background-attachment":"scroll","background-type":"","background-media":"","overlay-type":"","overlay-color":"","overlay-opacity":"","overlay-gradient":""},"mobile":{"background-color":"var(--ast-global-color-5)","background-image":"","background-repeat":"repeat","background-position":"center center","background-size":"auto","background-attachment":"scroll","background-type":"","background-media":"","overlay-type":"","overlay-color":"","overlay-opacity":"","overlay-gradient":""}},"_joinchat":[]},"product_brand":[],"product_cat":[84,76],"product_tag":[291],"class_list":{"0":"post-6804","1":"product","2":"type-product","3":"status-publish","4":"has-post-thumbnail","6":"product_cat-pyrgeometers","7":"product_cat-solar-radiation-sensor","8":"product_tag-solar","9":"desktop-align-left","10":"tablet-align-left","11":"mobile-align-left","13":"first","14":"instock","15":"shipping-taxable","16":"purchasable","17":"product-type-simple"},"jetpack_sharing_enabled":true,"_links":{"self":[{"href":"https:\/\/ecosentec.com\/pt\/wp-json\/wp\/v2\/product\/6804","targetHints":{"allow":["GET"]}}],"collection":[{"href":"https:\/\/ecosentec.com\/pt\/wp-json\/wp\/v2\/product"}],"about":[{"href":"https:\/\/ecosentec.com\/pt\/wp-json\/wp\/v2\/types\/product"}],"version-history":[{"count":1,"href":"https:\/\/ecosentec.com\/pt\/wp-json\/wp\/v2\/product\/6804\/revisions"}],"predecessor-version":[{"id":6807,"href":"https:\/\/ecosentec.com\/pt\/wp-json\/wp\/v2\/product\/6804\/revisions\/6807"}],"wp:featuredmedia":[{"embeddable":true,"href":"https:\/\/ecosentec.com\/pt\/wp-json\/wp\/v2\/media\/6805"}],"wp:attachment":[{"href":"https:\/\/ecosentec.com\/pt\/wp-json\/wp\/v2\/media?parent=6804"}],"wp:term":[{"taxonomy":"product_brand","embeddable":true,"href":"https:\/\/ecosentec.com\/pt\/wp-json\/wp\/v2\/product_brand?post=6804"},{"taxonomy":"product_cat","embeddable":true,"href":"https:\/\/ecosentec.com\/pt\/wp-json\/wp\/v2\/product_cat?post=6804"},{"taxonomy":"product_tag","embeddable":true,"href":"https:\/\/ecosentec.com\/pt\/wp-json\/wp\/v2\/product_tag?post=6804"}],"curies":[{"name":"wp","href":"https:\/\/api.w.org\/{rel}","templated":true}]}}