{"id":6475,"date":"2025-04-22T09:31:45","date_gmt":"2025-04-22T09:31:45","guid":{"rendered":"https:\/\/ecosentec.com\/?post_type=product&#038;p=6475"},"modified":"2025-04-22T09:34:21","modified_gmt":"2025-04-22T09:34:21","slug":"sensor-de-tensao-do-solo","status":"publish","type":"product","link":"https:\/\/ecosentec.com\/pt\/produto\/sensor-de-tensao-do-solo\/","title":{"rendered":"Sensor de tens\u00e3o do solo ES-S2285"},"content":{"rendered":"<p>Ao coletar os dados din\u00e2micos de umidade do solo das culturas plantadas, o sensor de tens\u00e3o do solo permite medidas de irriga\u00e7\u00e3o mais precisas, de acordo com as mudan\u00e7as de crescimento das culturas. Ele n\u00e3o apenas registra os dados de varia\u00e7\u00e3o da tens\u00e3o do solo, como tamb\u00e9m auxilia os produtores a complementar continuamente os dados do ambiente do solo.<\/p>\n<p>O sensor de tens\u00e3o do solo ES-S2285 utiliza um tubo de pl\u00e1stico PVC transparente, que permite visualizar claramente a quantidade de \u00e1gua restante no equipamento, facilitando a adi\u00e7\u00e3o de \u00e1gua. O produto \u00e9 adequado para locais onde \u00e9 necess\u00e1rio detectar informa\u00e7\u00f5es sobre umidade do solo e seca. \u00c9 usado principalmente para monitorar a escassez de \u00e1gua nas planta\u00e7\u00f5es agr\u00edcolas, a fim de melhorar a irriga\u00e7\u00e3o das planta\u00e7\u00f5es.<\/p>\n<p>Utilizando sa\u00edda de sinal anal\u00f3gico padr\u00e3o de 4 a 20 mA, pode ser conectado a medidores de display digital, PLCs, inversores, hosts de controle industrial e outros equipamentos locais. Utilizando comunica\u00e7\u00e3o padr\u00e3o ModBus-RTU485, pode se comunicar com at\u00e9 2.000 medidores.<\/p>","protected":false},"excerpt":{"rendered":"<p>O sensor de tens\u00e3o do solo ES-S2285 utiliza um tubo de pl\u00e1stico PVC transparente, que permite visualizar claramente a quantidade de \u00e1gua restante no equipamento, facilitando a adi\u00e7\u00e3o de \u00e1gua. O produto \u00e9 adequado para locais onde \u00e9 necess\u00e1rio detectar informa\u00e7\u00f5es sobre umidade do solo e seca. \u00c9 usado principalmente para monitorar a escassez de \u00e1gua nas planta\u00e7\u00f5es agr\u00edcolas, a fim de melhorar a irriga\u00e7\u00e3o das planta\u00e7\u00f5es.<\/p>","protected":false},"featured_media":6476,"template":"","meta":{"om_disable_all_campaigns":false,"_monsterinsights_skip_tracking":false,"_monsterinsights_sitenote_active":false,"_monsterinsights_sitenote_note":"","_monsterinsights_sitenote_category":0,"site-sidebar-layout":"default","site-content-layout":"default","ast-site-content-layout":"default","site-content-style":"default","site-sidebar-style":"default","ast-global-header-display":"","ast-banner-title-visibility":"","ast-main-header-display":"","ast-hfb-above-header-display":"","ast-hfb-below-header-display":"","ast-hfb-mobile-header-display":"","site-post-title":"","ast-breadcrumbs-content":"","ast-featured-img":"","footer-sml-layout":"","ast-disable-related-posts":"","theme-transparent-header-meta":"default","adv-header-id-meta":"","stick-header-meta":"","header-above-stick-meta":"","header-main-stick-meta":"","header-below-stick-meta":"","astra-migrate-meta-layouts":"set","ast-page-background-enabled":"default","ast-page-background-meta":{"desktop":{"background-color":"","background-image":"","background-repeat":"repeat","background-position":"center center","background-size":"auto","background-attachment":"scroll","background-type":"","background-media":"","overlay-type":"","overlay-color":"","overlay-opacity":"","overlay-gradient":""},"tablet":{"background-color":"","background-image":"","background-repeat":"repeat","background-position":"center center","background-size":"auto","background-attachment":"scroll","background-type":"","background-media":"","overlay-type":"","overlay-color":"","overlay-opacity":"","overlay-gradient":""},"mobile":{"background-color":"","background-image":"","background-repeat":"repeat","background-position":"center center","background-size":"auto","background-attachment":"scroll","background-type":"","background-media":"","overlay-type":"","overlay-color":"","overlay-opacity":"","overlay-gradient":""}},"ast-content-background-meta":{"desktop":{"background-color":"var(--ast-global-color-5)","background-image":"","background-repeat":"repeat","background-position":"center center","background-size":"auto","background-attachment":"scroll","background-type":"","background-media":"","overlay-type":"","overlay-color":"","overlay-opacity":"","overlay-gradient":""},"tablet":{"background-color":"var(--ast-global-color-5)","background-image":"","background-repeat":"repeat","background-position":"center center","background-size":"auto","background-attachment":"scroll","background-type":"","background-media":"","overlay-type":"","overlay-color":"","overlay-opacity":"","overlay-gradient":""},"mobile":{"background-color":"var(--ast-global-color-5)","background-image":"","background-repeat":"repeat","background-position":"center center","background-size":"auto","background-attachment":"scroll","background-type":"","background-media":"","overlay-type":"","overlay-color":"","overlay-opacity":"","overlay-gradient":""}},"_joinchat":[]},"product_brand":[],"product_cat":[94,95],"product_tag":[],"class_list":{"0":"post-6475","1":"product","2":"type-product","3":"status-publish","4":"has-post-thumbnail","6":"product_cat-agro-soil-sensor","7":"product_cat-soil-sensor","8":"desktop-align-left","9":"tablet-align-left","10":"mobile-align-left","12":"first","13":"instock","14":"shipping-taxable","15":"purchasable","16":"product-type-simple"},"jetpack_sharing_enabled":true,"_links":{"self":[{"href":"https:\/\/ecosentec.com\/pt\/wp-json\/wp\/v2\/product\/6475","targetHints":{"allow":["GET"]}}],"collection":[{"href":"https:\/\/ecosentec.com\/pt\/wp-json\/wp\/v2\/product"}],"about":[{"href":"https:\/\/ecosentec.com\/pt\/wp-json\/wp\/v2\/types\/product"}],"version-history":[{"count":2,"href":"https:\/\/ecosentec.com\/pt\/wp-json\/wp\/v2\/product\/6475\/revisions"}],"predecessor-version":[{"id":6479,"href":"https:\/\/ecosentec.com\/pt\/wp-json\/wp\/v2\/product\/6475\/revisions\/6479"}],"wp:featuredmedia":[{"embeddable":true,"href":"https:\/\/ecosentec.com\/pt\/wp-json\/wp\/v2\/media\/6476"}],"wp:attachment":[{"href":"https:\/\/ecosentec.com\/pt\/wp-json\/wp\/v2\/media?parent=6475"}],"wp:term":[{"taxonomy":"product_brand","embeddable":true,"href":"https:\/\/ecosentec.com\/pt\/wp-json\/wp\/v2\/product_brand?post=6475"},{"taxonomy":"product_cat","embeddable":true,"href":"https:\/\/ecosentec.com\/pt\/wp-json\/wp\/v2\/product_cat?post=6475"},{"taxonomy":"product_tag","embeddable":true,"href":"https:\/\/ecosentec.com\/pt\/wp-json\/wp\/v2\/product_tag?post=6475"}],"curies":[{"name":"wp","href":"https:\/\/api.w.org\/{rel}","templated":true}]}}