{"id":6364,"date":"2025-04-17T10:52:40","date_gmt":"2025-04-17T10:52:40","guid":{"rendered":"https:\/\/ecosentec.com\/?post_type=product&#038;p=6364"},"modified":"2025-04-17T10:55:08","modified_gmt":"2025-04-17T10:55:08","slug":"estacao-meteorologica-automatica","status":"publish","type":"product","link":"https:\/\/ecosentec.com\/pt\/produto\/estacao-meteorologica-automatica\/","title":{"rendered":"Esta\u00e7\u00e3o meteorol\u00f3gica autom\u00e1tica ES-W3000"},"content":{"rendered":"<p>Uma esta\u00e7\u00e3o meteorol\u00f3gica autom\u00e1tica refere-se a um dispositivo de observa\u00e7\u00e3o que pode coletar e transmitir informa\u00e7\u00f5es meteorol\u00f3gicas automaticamente. Uma esta\u00e7\u00e3o meteorol\u00f3gica que pode detectar automaticamente m\u00faltiplos elementos em uma determinada \u00e1rea, de acordo com as necessidades, gerar mensagens automaticamente sem interven\u00e7\u00e3o humana e transmitir regularmente dados de detec\u00e7\u00e3o para a esta\u00e7\u00e3o central, \u00e9 um meio importante para preencher a lacuna de dados de detec\u00e7\u00e3o meteorol\u00f3gica na \u00e1rea espacial. Ela consiste em sensores meteorol\u00f3gicos, instrumentos microcomputadores de aquisi\u00e7\u00e3o de dados meteorol\u00f3gicos, sistemas de alimenta\u00e7\u00e3o, exaustores \u00e0 prova de radia\u00e7\u00e3o, caixas de prote\u00e7\u00e3o para todas as condi\u00e7\u00f5es clim\u00e1ticas, suportes de observa\u00e7\u00e3o meteorol\u00f3gica, m\u00f3dulos de comunica\u00e7\u00e3o, etc.<br \/>\nA esta\u00e7\u00e3o meteorol\u00f3gica autom\u00e1tica ES-W3000 pode ser usada para monitoramento local de mais de uma d\u00fazia de elementos meteorol\u00f3gicos, como velocidade e dire\u00e7\u00e3o do vento, precipita\u00e7\u00e3o, temperatura do ar, umidade do ar, intensidade luminosa, temperatura do solo, umidade do solo, evapora\u00e7\u00e3o e press\u00e3o atmosf\u00e9rica, em qualquer condi\u00e7\u00e3o clim\u00e1tica. Ela pode ser conectada a um computador por meio de uma linha de comunica\u00e7\u00e3o profissional de aquisi\u00e7\u00e3o de dados para transmitir dados ao banco de dados meteorol\u00f3gico do computador meteorol\u00f3gico para an\u00e1lise e processamento estat\u00edstico.<\/p>","protected":false},"excerpt":{"rendered":"<p>A esta\u00e7\u00e3o meteorol\u00f3gica autom\u00e1tica ES-W3000 pode ser usada para monitoramento local de mais de uma d\u00fazia de elementos meteorol\u00f3gicos, como velocidade e dire\u00e7\u00e3o do vento, precipita\u00e7\u00e3o, temperatura do ar, umidade do ar, intensidade luminosa, temperatura do solo, umidade do solo, evapora\u00e7\u00e3o e press\u00e3o atmosf\u00e9rica, em qualquer condi\u00e7\u00e3o clim\u00e1tica. Ela pode ser conectada a um computador por meio de uma linha de comunica\u00e7\u00e3o profissional de aquisi\u00e7\u00e3o de dados para transmitir dados ao banco de dados meteorol\u00f3gico do computador meteorol\u00f3gico para an\u00e1lise e processamento estat\u00edstico.<\/p>","protected":false},"featured_media":6368,"template":"","meta":{"om_disable_all_campaigns":false,"_monsterinsights_skip_tracking":false,"_monsterinsights_sitenote_active":false,"_monsterinsights_sitenote_note":"","_monsterinsights_sitenote_category":0,"site-sidebar-layout":"default","site-content-layout":"default","ast-site-content-layout":"default","site-content-style":"default","site-sidebar-style":"default","ast-global-header-display":"","ast-banner-title-visibility":"","ast-main-header-display":"","ast-hfb-above-header-display":"","ast-hfb-below-header-display":"","ast-hfb-mobile-header-display":"","site-post-title":"","ast-breadcrumbs-content":"","ast-featured-img":"","footer-sml-layout":"","ast-disable-related-posts":"","theme-transparent-header-meta":"default","adv-header-id-meta":"","stick-header-meta":"","header-above-stick-meta":"","header-main-stick-meta":"","header-below-stick-meta":"","astra-migrate-meta-layouts":"set","ast-page-background-enabled":"default","ast-page-background-meta":{"desktop":{"background-color":"","background-image":"","background-repeat":"repeat","background-position":"center center","background-size":"auto","background-attachment":"scroll","background-type":"","background-media":"","overlay-type":"","overlay-color":"","overlay-opacity":"","overlay-gradient":""},"tablet":{"background-color":"","background-image":"","background-repeat":"repeat","background-position":"center center","background-size":"auto","background-attachment":"scroll","background-type":"","background-media":"","overlay-type":"","overlay-color":"","overlay-opacity":"","overlay-gradient":""},"mobile":{"background-color":"","background-image":"","background-repeat":"repeat","background-position":"center center","background-size":"auto","background-attachment":"scroll","background-type":"","background-media":"","overlay-type":"","overlay-color":"","overlay-opacity":"","overlay-gradient":""}},"ast-content-background-meta":{"desktop":{"background-color":"var(--ast-global-color-5)","background-image":"","background-repeat":"repeat","background-position":"center center","background-size":"auto","background-attachment":"scroll","background-type":"","background-media":"","overlay-type":"","overlay-color":"","overlay-opacity":"","overlay-gradient":""},"tablet":{"background-color":"var(--ast-global-color-5)","background-image":"","background-repeat":"repeat","background-position":"center center","background-size":"auto","background-attachment":"scroll","background-type":"","background-media":"","overlay-type":"","overlay-color":"","overlay-opacity":"","overlay-gradient":""},"mobile":{"background-color":"var(--ast-global-color-5)","background-image":"","background-repeat":"repeat","background-position":"center center","background-size":"auto","background-attachment":"scroll","background-type":"","background-media":"","overlay-type":"","overlay-color":"","overlay-opacity":"","overlay-gradient":""}},"_joinchat":[]},"product_brand":[],"product_cat":[88,86],"product_tag":[],"class_list":{"0":"post-6364","1":"product","2":"type-product","3":"status-publish","4":"has-post-thumbnail","6":"product_cat-automatic-weather-stations","7":"product_cat-weather-station","8":"desktop-align-left","9":"tablet-align-left","10":"mobile-align-left","12":"first","13":"instock","14":"shipping-taxable","15":"purchasable","16":"product-type-simple"},"jetpack_sharing_enabled":true,"_links":{"self":[{"href":"https:\/\/ecosentec.com\/pt\/wp-json\/wp\/v2\/product\/6364","targetHints":{"allow":["GET"]}}],"collection":[{"href":"https:\/\/ecosentec.com\/pt\/wp-json\/wp\/v2\/product"}],"about":[{"href":"https:\/\/ecosentec.com\/pt\/wp-json\/wp\/v2\/types\/product"}],"version-history":[{"count":2,"href":"https:\/\/ecosentec.com\/pt\/wp-json\/wp\/v2\/product\/6364\/revisions"}],"predecessor-version":[{"id":6370,"href":"https:\/\/ecosentec.com\/pt\/wp-json\/wp\/v2\/product\/6364\/revisions\/6370"}],"wp:featuredmedia":[{"embeddable":true,"href":"https:\/\/ecosentec.com\/pt\/wp-json\/wp\/v2\/media\/6368"}],"wp:attachment":[{"href":"https:\/\/ecosentec.com\/pt\/wp-json\/wp\/v2\/media?parent=6364"}],"wp:term":[{"taxonomy":"product_brand","embeddable":true,"href":"https:\/\/ecosentec.com\/pt\/wp-json\/wp\/v2\/product_brand?post=6364"},{"taxonomy":"product_cat","embeddable":true,"href":"https:\/\/ecosentec.com\/pt\/wp-json\/wp\/v2\/product_cat?post=6364"},{"taxonomy":"product_tag","embeddable":true,"href":"https:\/\/ecosentec.com\/pt\/wp-json\/wp\/v2\/product_tag?post=6364"}],"curies":[{"name":"wp","href":"https:\/\/api.w.org\/{rel}","templated":true}]}}