{"id":6356,"date":"2025-04-17T10:47:09","date_gmt":"2025-04-17T10:47:09","guid":{"rendered":"https:\/\/ecosentec.com\/?post_type=product&#038;p=6356"},"modified":"2025-05-29T10:46:33","modified_gmt":"2025-05-29T10:46:33","slug":"sensor-de-temperatura-infravermelho","status":"publish","type":"product","link":"https:\/\/ecosentec.com\/pt\/produto\/sensor-de-temperatura-infravermelho\/","title":{"rendered":"Sensor de temperatura infravermelho ES-A900"},"content":{"rendered":"<p>O ES-A900 \u00e9 um detector de temperatura infravermelho integrado. O sistema \u00f3ptico e o circuito eletr\u00f4nico s\u00e3o integrados \u00e0 estrutura met\u00e1lica. A capa protetora \u00e9 f\u00e1cil de instalar e o suporte ajust\u00e1vel em 90\u00b0 permite a instala\u00e7\u00e3o e medi\u00e7\u00e3o cont\u00ednua em diversas condi\u00e7\u00f5es de campo.<\/p>\n<p>O interior do ES-A900 \u00e9 composto por uma termopilha e um termistor. Todos os objetos emitem constantemente energia de radia\u00e7\u00e3o infravermelha para o ambiente circundante. Medindo a energia infravermelha emitida por eles mesmos, a temperatura da superf\u00edcie pode ser determinada com precis\u00e3o. Este \u00e9 o princ\u00edpio da medi\u00e7\u00e3o de temperatura infravermelha sem contato. O term\u00f4metro infravermelho pode calcular a temperatura da superf\u00edcie do objeto medindo a intensidade da radia\u00e7\u00e3o infravermelha emitida pelo alvo sem qualquer contato com ele. Esta \u00e9 a sua vantagem.<\/p>","protected":false},"excerpt":{"rendered":"<p>O ES-A900 \u00e9 um detector de temperatura infravermelho integrado. O sistema \u00f3ptico e o circuito eletr\u00f4nico s\u00e3o integrados \u00e0 estrutura met\u00e1lica. A capa protetora \u00e9 f\u00e1cil de instalar e o suporte ajust\u00e1vel em 90\u00b0 permite a instala\u00e7\u00e3o e medi\u00e7\u00e3o cont\u00ednua em diversas condi\u00e7\u00f5es de campo.<\/p>","protected":false},"featured_media":6357,"template":"","meta":{"om_disable_all_campaigns":false,"_monsterinsights_skip_tracking":false,"_monsterinsights_sitenote_active":false,"_monsterinsights_sitenote_note":"","_monsterinsights_sitenote_category":0,"site-sidebar-layout":"default","site-content-layout":"default","ast-site-content-layout":"default","site-content-style":"default","site-sidebar-style":"default","ast-global-header-display":"","ast-banner-title-visibility":"","ast-main-header-display":"","ast-hfb-above-header-display":"","ast-hfb-below-header-display":"","ast-hfb-mobile-header-display":"","site-post-title":"","ast-breadcrumbs-content":"","ast-featured-img":"","footer-sml-layout":"","ast-disable-related-posts":"","theme-transparent-header-meta":"default","adv-header-id-meta":"","stick-header-meta":"","header-above-stick-meta":"","header-main-stick-meta":"","header-below-stick-meta":"","astra-migrate-meta-layouts":"set","ast-page-background-enabled":"default","ast-page-background-meta":{"desktop":{"background-color":"","background-image":"","background-repeat":"repeat","background-position":"center center","background-size":"auto","background-attachment":"scroll","background-type":"","background-media":"","overlay-type":"","overlay-color":"","overlay-opacity":"","overlay-gradient":""},"tablet":{"background-color":"","background-image":"","background-repeat":"repeat","background-position":"center center","background-size":"auto","background-attachment":"scroll","background-type":"","background-media":"","overlay-type":"","overlay-color":"","overlay-opacity":"","overlay-gradient":""},"mobile":{"background-color":"","background-image":"","background-repeat":"repeat","background-position":"center center","background-size":"auto","background-attachment":"scroll","background-type":"","background-media":"","overlay-type":"","overlay-color":"","overlay-opacity":"","overlay-gradient":""}},"ast-content-background-meta":{"desktop":{"background-color":"var(--ast-global-color-5)","background-image":"","background-repeat":"repeat","background-position":"center center","background-size":"auto","background-attachment":"scroll","background-type":"","background-media":"","overlay-type":"","overlay-color":"","overlay-opacity":"","overlay-gradient":""},"tablet":{"background-color":"var(--ast-global-color-5)","background-image":"","background-repeat":"repeat","background-position":"center center","background-size":"auto","background-attachment":"scroll","background-type":"","background-media":"","overlay-type":"","overlay-color":"","overlay-opacity":"","overlay-gradient":""},"mobile":{"background-color":"var(--ast-global-color-5)","background-image":"","background-repeat":"repeat","background-position":"center center","background-size":"auto","background-attachment":"scroll","background-type":"","background-media":"","overlay-type":"","overlay-color":"","overlay-opacity":"","overlay-gradient":""}},"_joinchat":[]},"product_brand":[],"product_cat":[89,90],"product_tag":[],"class_list":{"0":"post-6356","1":"product","2":"type-product","3":"status-publish","4":"has-post-thumbnail","6":"product_cat-ambient-sensor","7":"product_cat-temperature-humidity-sensor","8":"desktop-align-left","9":"tablet-align-left","10":"mobile-align-left","12":"first","13":"instock","14":"shipping-taxable","15":"purchasable","16":"product-type-simple"},"jetpack_sharing_enabled":true,"_links":{"self":[{"href":"https:\/\/ecosentec.com\/pt\/wp-json\/wp\/v2\/product\/6356","targetHints":{"allow":["GET"]}}],"collection":[{"href":"https:\/\/ecosentec.com\/pt\/wp-json\/wp\/v2\/product"}],"about":[{"href":"https:\/\/ecosentec.com\/pt\/wp-json\/wp\/v2\/types\/product"}],"version-history":[{"count":2,"href":"https:\/\/ecosentec.com\/pt\/wp-json\/wp\/v2\/product\/6356\/revisions"}],"predecessor-version":[{"id":6359,"href":"https:\/\/ecosentec.com\/pt\/wp-json\/wp\/v2\/product\/6356\/revisions\/6359"}],"wp:featuredmedia":[{"embeddable":true,"href":"https:\/\/ecosentec.com\/pt\/wp-json\/wp\/v2\/media\/6357"}],"wp:attachment":[{"href":"https:\/\/ecosentec.com\/pt\/wp-json\/wp\/v2\/media?parent=6356"}],"wp:term":[{"taxonomy":"product_brand","embeddable":true,"href":"https:\/\/ecosentec.com\/pt\/wp-json\/wp\/v2\/product_brand?post=6356"},{"taxonomy":"product_cat","embeddable":true,"href":"https:\/\/ecosentec.com\/pt\/wp-json\/wp\/v2\/product_cat?post=6356"},{"taxonomy":"product_tag","embeddable":true,"href":"https:\/\/ecosentec.com\/pt\/wp-json\/wp\/v2\/product_tag?post=6356"}],"curies":[{"name":"wp","href":"https:\/\/api.w.org\/{rel}","templated":true}]}}