{"id":6350,"date":"2025-04-17T10:43:38","date_gmt":"2025-04-17T10:43:38","guid":{"rendered":"https:\/\/ecosentec.com\/?post_type=product&#038;p=6350"},"modified":"2025-04-17T10:45:47","modified_gmt":"2025-04-17T10:45:47","slug":"testador-de-acucar-de-frutas","status":"publish","type":"product","link":"https:\/\/ecosentec.com\/pt\/produto\/testador-de-acucar-de-frutas\/","title":{"rendered":"ES-TB02 Testador brix de a\u00e7\u00facar de frutas n\u00e3o destrutivo"},"content":{"rendered":"<p>O teor de a\u00e7\u00facar \u00e9 um par\u00e2metro importante que determina o frescor, a maturidade e o sabor das frutas. O medidor de a\u00e7\u00facar n\u00e3o destrutivo para frutas ES-TB02 utiliza o princ\u00edpio de detec\u00e7\u00e3o do espectro infravermelho para irradiar luz infravermelha na fruta e calcular o teor de a\u00e7\u00facar (valor Brix) da fruta com base no valor do sinal refletido no sensor.<\/p>\n<p>Caracter\u00edsticas<\/p>\n<p>Alto custo-benef\u00edcio, um instrumento pode medir o teor de a\u00e7\u00facar de v\u00e1rias frutas;<\/p>\n<p>Use tecnologia avan\u00e7ada de espectroscopia no infravermelho pr\u00f3ximo para detectar rapidamente o teor de a\u00e7\u00facar das frutas;<\/p>\n<p>N\u00e3o h\u00e1 necessidade de colher frutas, danificar cascas, cortar polpa e espremer suco para degusta\u00e7\u00e3o;<\/p>\n<p>N\u00e3o danifica as frutas, verdadeiramente n\u00e3o destrutivo e de detec\u00e7\u00e3o r\u00e1pida;<\/p>\n<p>Pode medir continuamente e em v\u00e1rios lotes, adequado para classifica\u00e7\u00e3o no local;<\/p>\n<p>Design compacto, f\u00e1cil de transportar, adequado para diversas ocasi\u00f5es.<\/p>","protected":false},"excerpt":{"rendered":"<p>O teor de a\u00e7\u00facar \u00e9 um par\u00e2metro importante que determina o frescor, a maturidade e o sabor das frutas. O medidor de a\u00e7\u00facar n\u00e3o destrutivo para frutas ES-TB02 utiliza o princ\u00edpio de detec\u00e7\u00e3o do espectro infravermelho para irradiar luz infravermelha na fruta e calcular o teor de a\u00e7\u00facar (valor Brix) da fruta com base no valor do sinal refletido no sensor.<\/p>","protected":false},"featured_media":6352,"template":"","meta":{"om_disable_all_campaigns":false,"_monsterinsights_skip_tracking":false,"_monsterinsights_sitenote_active":false,"_monsterinsights_sitenote_note":"","_monsterinsights_sitenote_category":0,"site-sidebar-layout":"default","site-content-layout":"default","ast-site-content-layout":"default","site-content-style":"default","site-sidebar-style":"default","ast-global-header-display":"","ast-banner-title-visibility":"","ast-main-header-display":"","ast-hfb-above-header-display":"","ast-hfb-below-header-display":"","ast-hfb-mobile-header-display":"","site-post-title":"","ast-breadcrumbs-content":"","ast-featured-img":"","footer-sml-layout":"","ast-disable-related-posts":"","theme-transparent-header-meta":"default","adv-header-id-meta":"","stick-header-meta":"","header-above-stick-meta":"","header-main-stick-meta":"","header-below-stick-meta":"","astra-migrate-meta-layouts":"set","ast-page-background-enabled":"default","ast-page-background-meta":{"desktop":{"background-color":"","background-image":"","background-repeat":"repeat","background-position":"center center","background-size":"auto","background-attachment":"scroll","background-type":"","background-media":"","overlay-type":"","overlay-color":"","overlay-opacity":"","overlay-gradient":""},"tablet":{"background-color":"","background-image":"","background-repeat":"repeat","background-position":"center center","background-size":"auto","background-attachment":"scroll","background-type":"","background-media":"","overlay-type":"","overlay-color":"","overlay-opacity":"","overlay-gradient":""},"mobile":{"background-color":"","background-image":"","background-repeat":"repeat","background-position":"center center","background-size":"auto","background-attachment":"scroll","background-type":"","background-media":"","overlay-type":"","overlay-color":"","overlay-opacity":"","overlay-gradient":""}},"ast-content-background-meta":{"desktop":{"background-color":"var(--ast-global-color-5)","background-image":"","background-repeat":"repeat","background-position":"center center","background-size":"auto","background-attachment":"scroll","background-type":"","background-media":"","overlay-type":"","overlay-color":"","overlay-opacity":"","overlay-gradient":""},"tablet":{"background-color":"var(--ast-global-color-5)","background-image":"","background-repeat":"repeat","background-position":"center center","background-size":"auto","background-attachment":"scroll","background-type":"","background-media":"","overlay-type":"","overlay-color":"","overlay-opacity":"","overlay-gradient":""},"mobile":{"background-color":"var(--ast-global-color-5)","background-image":"","background-repeat":"repeat","background-position":"center center","background-size":"auto","background-attachment":"scroll","background-type":"","background-media":"","overlay-type":"","overlay-color":"","overlay-opacity":"","overlay-gradient":""}},"_joinchat":[]},"product_brand":[],"product_cat":[94,261],"product_tag":[],"class_list":{"0":"post-6350","1":"product","2":"type-product","3":"status-publish","4":"has-post-thumbnail","6":"product_cat-agro-soil-sensor","7":"product_cat-fruit-sugar-meter","8":"desktop-align-left","9":"tablet-align-left","10":"mobile-align-left","12":"first","13":"instock","14":"shipping-taxable","15":"purchasable","16":"product-type-simple"},"jetpack_sharing_enabled":true,"_links":{"self":[{"href":"https:\/\/ecosentec.com\/pt\/wp-json\/wp\/v2\/product\/6350","targetHints":{"allow":["GET"]}}],"collection":[{"href":"https:\/\/ecosentec.com\/pt\/wp-json\/wp\/v2\/product"}],"about":[{"href":"https:\/\/ecosentec.com\/pt\/wp-json\/wp\/v2\/types\/product"}],"version-history":[{"count":2,"href":"https:\/\/ecosentec.com\/pt\/wp-json\/wp\/v2\/product\/6350\/revisions"}],"predecessor-version":[{"id":6355,"href":"https:\/\/ecosentec.com\/pt\/wp-json\/wp\/v2\/product\/6350\/revisions\/6355"}],"wp:featuredmedia":[{"embeddable":true,"href":"https:\/\/ecosentec.com\/pt\/wp-json\/wp\/v2\/media\/6352"}],"wp:attachment":[{"href":"https:\/\/ecosentec.com\/pt\/wp-json\/wp\/v2\/media?parent=6350"}],"wp:term":[{"taxonomy":"product_brand","embeddable":true,"href":"https:\/\/ecosentec.com\/pt\/wp-json\/wp\/v2\/product_brand?post=6350"},{"taxonomy":"product_cat","embeddable":true,"href":"https:\/\/ecosentec.com\/pt\/wp-json\/wp\/v2\/product_cat?post=6350"},{"taxonomy":"product_tag","embeddable":true,"href":"https:\/\/ecosentec.com\/pt\/wp-json\/wp\/v2\/product_tag?post=6350"}],"curies":[{"name":"wp","href":"https:\/\/api.w.org\/{rel}","templated":true}]}}