{"id":6345,"date":"2025-04-17T10:33:45","date_gmt":"2025-04-17T10:33:45","guid":{"rendered":"https:\/\/ecosentec.com\/?post_type=product&#038;p=6345"},"modified":"2025-04-17T10:37:04","modified_gmt":"2025-04-17T10:37:04","slug":"sensor-de-acucar-de-frutas","status":"publish","type":"product","link":"https:\/\/ecosentec.com\/pt\/produto\/sensor-de-acucar-de-frutas\/","title":{"rendered":"ES-TB01 Sensor de a\u00e7\u00facar de frutas n\u00e3o destrutivo"},"content":{"rendered":"<p>O sensor de a\u00e7\u00facar em frutas n\u00e3o destrutivo ES-TB01 mede o teor de a\u00e7\u00facar e a maturidade das frutas pelo princ\u00edpio da luz difusa. N\u00e3o \u00e9 necess\u00e1rio colher e romper a casca para a medi\u00e7\u00e3o. Ele suporta medi\u00e7\u00e3o direta na \u00e1rvore e o valor do teor de a\u00e7\u00facar pode ser visualizado no celular via Bluetooth. Ele pode medir uma variedade de frutas e \u00e9 pequeno e f\u00e1cil de transportar.<\/p>","protected":false},"excerpt":{"rendered":"<p>O sensor de a\u00e7\u00facar em frutas n\u00e3o destrutivo ES-TB01 mede o teor de a\u00e7\u00facar e a maturidade das frutas pelo princ\u00edpio da luz difusa. N\u00e3o \u00e9 necess\u00e1rio retirar e romper a casca para a medi\u00e7\u00e3o.<\/p>","protected":false},"featured_media":6346,"template":"","meta":{"om_disable_all_campaigns":false,"_monsterinsights_skip_tracking":false,"_monsterinsights_sitenote_active":false,"_monsterinsights_sitenote_note":"","_monsterinsights_sitenote_category":0,"site-sidebar-layout":"default","site-content-layout":"default","ast-site-content-layout":"default","site-content-style":"default","site-sidebar-style":"default","ast-global-header-display":"","ast-banner-title-visibility":"","ast-main-header-display":"","ast-hfb-above-header-display":"","ast-hfb-below-header-display":"","ast-hfb-mobile-header-display":"","site-post-title":"","ast-breadcrumbs-content":"","ast-featured-img":"","footer-sml-layout":"","ast-disable-related-posts":"","theme-transparent-header-meta":"default","adv-header-id-meta":"","stick-header-meta":"","header-above-stick-meta":"","header-main-stick-meta":"","header-below-stick-meta":"","astra-migrate-meta-layouts":"set","ast-page-background-enabled":"default","ast-page-background-meta":{"desktop":{"background-color":"","background-image":"","background-repeat":"repeat","background-position":"center center","background-size":"auto","background-attachment":"scroll","background-type":"","background-media":"","overlay-type":"","overlay-color":"","overlay-opacity":"","overlay-gradient":""},"tablet":{"background-color":"","background-image":"","background-repeat":"repeat","background-position":"center center","background-size":"auto","background-attachment":"scroll","background-type":"","background-media":"","overlay-type":"","overlay-color":"","overlay-opacity":"","overlay-gradient":""},"mobile":{"background-color":"","background-image":"","background-repeat":"repeat","background-position":"center center","background-size":"auto","background-attachment":"scroll","background-type":"","background-media":"","overlay-type":"","overlay-color":"","overlay-opacity":"","overlay-gradient":""}},"ast-content-background-meta":{"desktop":{"background-color":"var(--ast-global-color-5)","background-image":"","background-repeat":"repeat","background-position":"center center","background-size":"auto","background-attachment":"scroll","background-type":"","background-media":"","overlay-type":"","overlay-color":"","overlay-opacity":"","overlay-gradient":""},"tablet":{"background-color":"var(--ast-global-color-5)","background-image":"","background-repeat":"repeat","background-position":"center center","background-size":"auto","background-attachment":"scroll","background-type":"","background-media":"","overlay-type":"","overlay-color":"","overlay-opacity":"","overlay-gradient":""},"mobile":{"background-color":"var(--ast-global-color-5)","background-image":"","background-repeat":"repeat","background-position":"center center","background-size":"auto","background-attachment":"scroll","background-type":"","background-media":"","overlay-type":"","overlay-color":"","overlay-opacity":"","overlay-gradient":""}},"_joinchat":[]},"product_brand":[],"product_cat":[94,261],"product_tag":[],"class_list":{"0":"post-6345","1":"product","2":"type-product","3":"status-publish","4":"has-post-thumbnail","6":"product_cat-agro-soil-sensor","7":"product_cat-fruit-sugar-meter","8":"desktop-align-left","9":"tablet-align-left","10":"mobile-align-left","12":"first","13":"instock","14":"shipping-taxable","15":"purchasable","16":"product-type-simple"},"jetpack_sharing_enabled":true,"_links":{"self":[{"href":"https:\/\/ecosentec.com\/pt\/wp-json\/wp\/v2\/product\/6345","targetHints":{"allow":["GET"]}}],"collection":[{"href":"https:\/\/ecosentec.com\/pt\/wp-json\/wp\/v2\/product"}],"about":[{"href":"https:\/\/ecosentec.com\/pt\/wp-json\/wp\/v2\/types\/product"}],"version-history":[{"count":2,"href":"https:\/\/ecosentec.com\/pt\/wp-json\/wp\/v2\/product\/6345\/revisions"}],"predecessor-version":[{"id":6349,"href":"https:\/\/ecosentec.com\/pt\/wp-json\/wp\/v2\/product\/6345\/revisions\/6349"}],"wp:featuredmedia":[{"embeddable":true,"href":"https:\/\/ecosentec.com\/pt\/wp-json\/wp\/v2\/media\/6346"}],"wp:attachment":[{"href":"https:\/\/ecosentec.com\/pt\/wp-json\/wp\/v2\/media?parent=6345"}],"wp:term":[{"taxonomy":"product_brand","embeddable":true,"href":"https:\/\/ecosentec.com\/pt\/wp-json\/wp\/v2\/product_brand?post=6345"},{"taxonomy":"product_cat","embeddable":true,"href":"https:\/\/ecosentec.com\/pt\/wp-json\/wp\/v2\/product_cat?post=6345"},{"taxonomy":"product_tag","embeddable":true,"href":"https:\/\/ecosentec.com\/pt\/wp-json\/wp\/v2\/product_tag?post=6345"}],"curies":[{"name":"wp","href":"https:\/\/api.w.org\/{rel}","templated":true}]}}