{"id":6222,"date":"2025-04-13T06:25:23","date_gmt":"2025-04-13T06:25:23","guid":{"rendered":"https:\/\/ecosentec.com\/?post_type=product&#038;p=6222"},"modified":"2025-05-30T11:38:03","modified_gmt":"2025-05-30T11:38:03","slug":"sensor-de-cloro-residual","status":"publish","type":"product","link":"https:\/\/ecosentec.com\/pt\/produto\/sensor-de-cloro-residual\/","title":{"rendered":"Sensor de cloro residual de \u00e1gua s\u00e9rie ES-W7707"},"content":{"rendered":"<p>O sensor digital de cloro residual ES-W7707 \u00e9 uma nova gera\u00e7\u00e3o de sensores digitais inteligentes para detec\u00e7\u00e3o da qualidade da \u00e1gua, desenvolvidos de forma independente pela nossa empresa. Ele suporta m\u00faltiplas sa\u00eddas de sinal industriais, como RS485 (MODBUS-RTU) e 4-20 mA. Sensores digitais de cloro residual, medidores online de cloro residual, medidores port\u00e1teis de cloro residual, medidores de cloro residual de parede, etc., s\u00e3o projetados para diferentes cen\u00e1rios de aplica\u00e7\u00e3o.<br \/>\nEles podem visualizar dados, depurar e realizar a manuten\u00e7\u00e3o por meio de um aplicativo de celular ou computador. Possui caracter\u00edsticas de f\u00e1cil manuten\u00e7\u00e3o, alta estabilidade, excelente repetibilidade e multifuncionalidade, al\u00e9m de poder medir com precis\u00e3o o valor de cloro residual e a temperatura da solu\u00e7\u00e3o.<br \/>\nTecnologia de isolamento de sinal interno, forte anti-interfer\u00eancia. Boa reprodutibilidade, estabilidade t\u00e9rmica, baixo desvio, tamanho compacto e alta velocidade de resposta. O sensor IP68 possui desempenho est\u00e1vel e longa vida \u00fatil.<br \/>\nEles s\u00e3o amplamente utilizados no tratamento de \u00e1guas residuais, \u00e1gua pura, \u00e1gua circulante, \u00e1gua de caldeira e outros sistemas, bem como em eletr\u00f4nicos, reprodu\u00e7\u00e3o, alimentos, impress\u00e3o e tingimento, galvanoplastia, produtos farmac\u00eauticos, fermenta\u00e7\u00e3o, ind\u00fastria qu\u00edmica e outros campos, e s\u00e3o poderosos em monitoramento ambiental e aplica\u00e7\u00f5es de sistemas remotos, como \u00e1guas superficiais e emiss\u00f5es de fontes de polui\u00e7\u00e3o.<br \/>\nOxig\u00eanio dissolvido<\/p>","protected":false},"excerpt":{"rendered":"<p>O sensor digital de cloro residual ES-W7707 \u00e9 uma nova gera\u00e7\u00e3o de sensores digitais inteligentes para detec\u00e7\u00e3o da qualidade da \u00e1gua, desenvolvidos de forma independente pela nossa empresa. Ele suporta m\u00faltiplas sa\u00eddas de sinal industriais, como RS485 (MODBUS-RTU) e 4-20 mA. Sensores digitais de cloro residual, medidores online de cloro residual, medidores port\u00e1teis de cloro residual, medidores de cloro residual de parede, etc., s\u00e3o projetados para diferentes cen\u00e1rios de aplica\u00e7\u00e3o.<\/p>","protected":false},"featured_media":6200,"template":"","meta":{"om_disable_all_campaigns":false,"_monsterinsights_skip_tracking":false,"_monsterinsights_sitenote_active":false,"_monsterinsights_sitenote_note":"","_monsterinsights_sitenote_category":0,"site-sidebar-layout":"default","site-content-layout":"default","ast-site-content-layout":"default","site-content-style":"default","site-sidebar-style":"default","ast-global-header-display":"","ast-banner-title-visibility":"","ast-main-header-display":"","ast-hfb-above-header-display":"","ast-hfb-below-header-display":"","ast-hfb-mobile-header-display":"","site-post-title":"","ast-breadcrumbs-content":"","ast-featured-img":"","footer-sml-layout":"","ast-disable-related-posts":"","theme-transparent-header-meta":"default","adv-header-id-meta":"","stick-header-meta":"","header-above-stick-meta":"","header-main-stick-meta":"","header-below-stick-meta":"","astra-migrate-meta-layouts":"set","ast-page-background-enabled":"default","ast-page-background-meta":{"desktop":{"background-color":"","background-image":"","background-repeat":"repeat","background-position":"center center","background-size":"auto","background-attachment":"scroll","background-type":"","background-media":"","overlay-type":"","overlay-color":"","overlay-opacity":"","overlay-gradient":""},"tablet":{"background-color":"","background-image":"","background-repeat":"repeat","background-position":"center center","background-size":"auto","background-attachment":"scroll","background-type":"","background-media":"","overlay-type":"","overlay-color":"","overlay-opacity":"","overlay-gradient":""},"mobile":{"background-color":"","background-image":"","background-repeat":"repeat","background-position":"center center","background-size":"auto","background-attachment":"scroll","background-type":"","background-media":"","overlay-type":"","overlay-color":"","overlay-opacity":"","overlay-gradient":""}},"ast-content-background-meta":{"desktop":{"background-color":"var(--ast-global-color-5)","background-image":"","background-repeat":"repeat","background-position":"center center","background-size":"auto","background-attachment":"scroll","background-type":"","background-media":"","overlay-type":"","overlay-color":"","overlay-opacity":"","overlay-gradient":""},"tablet":{"background-color":"var(--ast-global-color-5)","background-image":"","background-repeat":"repeat","background-position":"center center","background-size":"auto","background-attachment":"scroll","background-type":"","background-media":"","overlay-type":"","overlay-color":"","overlay-opacity":"","overlay-gradient":""},"mobile":{"background-color":"var(--ast-global-color-5)","background-image":"","background-repeat":"repeat","background-position":"center center","background-size":"auto","background-attachment":"scroll","background-type":"","background-media":"","overlay-type":"","overlay-color":"","overlay-opacity":"","overlay-gradient":""}},"_joinchat":[]},"product_brand":[],"product_cat":[285,284],"product_tag":[],"class_list":{"0":"post-6222","1":"product","2":"type-product","3":"status-publish","4":"has-post-thumbnail","6":"product_cat-water-qaulity-sensor","7":"product_cat-water-quality-and-conservancy-sensor","8":"desktop-align-left","9":"tablet-align-left","10":"mobile-align-left","12":"first","13":"instock","14":"shipping-taxable","15":"purchasable","16":"product-type-simple"},"jetpack_sharing_enabled":true,"_links":{"self":[{"href":"https:\/\/ecosentec.com\/pt\/wp-json\/wp\/v2\/product\/6222","targetHints":{"allow":["GET"]}}],"collection":[{"href":"https:\/\/ecosentec.com\/pt\/wp-json\/wp\/v2\/product"}],"about":[{"href":"https:\/\/ecosentec.com\/pt\/wp-json\/wp\/v2\/types\/product"}],"version-history":[{"count":3,"href":"https:\/\/ecosentec.com\/pt\/wp-json\/wp\/v2\/product\/6222\/revisions"}],"predecessor-version":[{"id":6892,"href":"https:\/\/ecosentec.com\/pt\/wp-json\/wp\/v2\/product\/6222\/revisions\/6892"}],"wp:featuredmedia":[{"embeddable":true,"href":"https:\/\/ecosentec.com\/pt\/wp-json\/wp\/v2\/media\/6200"}],"wp:attachment":[{"href":"https:\/\/ecosentec.com\/pt\/wp-json\/wp\/v2\/media?parent=6222"}],"wp:term":[{"taxonomy":"product_brand","embeddable":true,"href":"https:\/\/ecosentec.com\/pt\/wp-json\/wp\/v2\/product_brand?post=6222"},{"taxonomy":"product_cat","embeddable":true,"href":"https:\/\/ecosentec.com\/pt\/wp-json\/wp\/v2\/product_cat?post=6222"},{"taxonomy":"product_tag","embeddable":true,"href":"https:\/\/ecosentec.com\/pt\/wp-json\/wp\/v2\/product_tag?post=6222"}],"curies":[{"name":"wp","href":"https:\/\/api.w.org\/{rel}","templated":true}]}}