{"id":6177,"date":"2025-04-13T01:33:10","date_gmt":"2025-04-13T01:33:10","guid":{"rendered":"https:\/\/ecosentec.com\/?post_type=product&#038;p=6177"},"modified":"2025-06-11T10:25:41","modified_gmt":"2025-06-11T10:25:41","slug":"transmissor-de-radiacao-espalhada","status":"publish","type":"product","link":"https:\/\/ecosentec.com\/pt\/produto\/transmissor-de-radiacao-espalhada\/","title":{"rendered":"Transmissor de Radia\u00e7\u00e3o Espalhada ES-S228TAB"},"content":{"rendered":"<p class=\"p1\">O transmissor de radia\u00e7\u00e3o espalhada ES-S228TB consiste em duas partes: o transmissor de radia\u00e7\u00e3o solar total e o anel de sombreamento espalhado. O transmissor de radia\u00e7\u00e3o solar total adota o princ\u00edpio termoel\u00e9trico e \u00e9 usado para medir a radia\u00e7\u00e3o solar na faixa espectral de 0,3 a 3 \u03bcm. O elemento sensor adota uma termopilha galvanizada enrolada, e a superf\u00edcie sensora \u00e9 um revestimento preto com alta taxa de absor\u00e7\u00e3o. O efeito t\u00e9rmico da radia\u00e7\u00e3o \u00e9 usado para absorver a radia\u00e7\u00e3o solar e convert\u00ea-la em potencial termoel\u00e9trico. A compensa\u00e7\u00e3o autom\u00e1tica de temperatura garante uma medi\u00e7\u00e3o da radia\u00e7\u00e3o solar com mais precis\u00e3o. Uma cobertura de vidro de camada dupla \u00e9 usada acima da superf\u00edcie sensora, o que pode n\u00e3o apenas reduzir o impacto da convec\u00e7\u00e3o do ar no equipamento, mas tamb\u00e9m bloquear a radia\u00e7\u00e3o da pr\u00f3pria cobertura externa.<\/p>\n<p class=\"p1\">A fun\u00e7\u00e3o do anel de sombreamento disperso \u00e9 garantir que a radia\u00e7\u00e3o solar direta seja bloqueada continuamente do nascer ao p\u00f4r do sol. O anel de sombreamento consiste em um anel de sombreamento, uma r\u00e9gua, um parafuso de ajuste, um suporte e um chassi. A r\u00e9gua possui escalas de latitude e declina\u00e7\u00e3o gravadas, e os par\u00e2metros correspondentes podem ser ajustados atrav\u00e9s da al\u00e7a do parafuso. A r\u00e9gua e o suporte s\u00e3o fixados no chassi e fixados para medi\u00e7\u00e3o de acordo com a latitude geogr\u00e1fica do local de montagem.<\/p>","protected":false},"excerpt":{"rendered":"<p>O transmissor de radia\u00e7\u00e3o espalhada ES-S228TB consiste em duas partes: o transmissor de radia\u00e7\u00e3o solar total e o anel de sombreamento espalhado. O transmissor de radia\u00e7\u00e3o solar total adota o princ\u00edpio termoel\u00e9trico e \u00e9 usado para medir a radia\u00e7\u00e3o solar na faixa espectral de 0,3 a 3 \u03bcm. O elemento sensor utiliza uma termopilha galvanizada enrolada, e a superf\u00edcie sensora possui um revestimento preto com alta taxa de absor\u00e7\u00e3o. O efeito t\u00e9rmico da radia\u00e7\u00e3o \u00e9 usado para absorver a radia\u00e7\u00e3o solar e convert\u00ea-la em potencial termoel\u00e9trico. A compensa\u00e7\u00e3o autom\u00e1tica de temperatura garante uma medi\u00e7\u00e3o mais precisa da radia\u00e7\u00e3o solar.<\/p>","protected":false},"featured_media":6178,"template":"","meta":{"om_disable_all_campaigns":false,"_monsterinsights_skip_tracking":false,"_monsterinsights_sitenote_active":false,"_monsterinsights_sitenote_note":"","_monsterinsights_sitenote_category":0,"site-sidebar-layout":"default","site-content-layout":"default","ast-site-content-layout":"default","site-content-style":"default","site-sidebar-style":"default","ast-global-header-display":"","ast-banner-title-visibility":"","ast-main-header-display":"","ast-hfb-above-header-display":"","ast-hfb-below-header-display":"","ast-hfb-mobile-header-display":"","site-post-title":"","ast-breadcrumbs-content":"","ast-featured-img":"","footer-sml-layout":"","ast-disable-related-posts":"","theme-transparent-header-meta":"default","adv-header-id-meta":"","stick-header-meta":"","header-above-stick-meta":"","header-main-stick-meta":"","header-below-stick-meta":"","astra-migrate-meta-layouts":"set","ast-page-background-enabled":"default","ast-page-background-meta":{"desktop":{"background-color":"","background-image":"","background-repeat":"repeat","background-position":"center center","background-size":"auto","background-attachment":"scroll","background-type":"","background-media":"","overlay-type":"","overlay-color":"","overlay-opacity":"","overlay-gradient":""},"tablet":{"background-color":"","background-image":"","background-repeat":"repeat","background-position":"center center","background-size":"auto","background-attachment":"scroll","background-type":"","background-media":"","overlay-type":"","overlay-color":"","overlay-opacity":"","overlay-gradient":""},"mobile":{"background-color":"","background-image":"","background-repeat":"repeat","background-position":"center center","background-size":"auto","background-attachment":"scroll","background-type":"","background-media":"","overlay-type":"","overlay-color":"","overlay-opacity":"","overlay-gradient":""}},"ast-content-background-meta":{"desktop":{"background-color":"var(--ast-global-color-5)","background-image":"","background-repeat":"repeat","background-position":"center center","background-size":"auto","background-attachment":"scroll","background-type":"","background-media":"","overlay-type":"","overlay-color":"","overlay-opacity":"","overlay-gradient":""},"tablet":{"background-color":"var(--ast-global-color-5)","background-image":"","background-repeat":"repeat","background-position":"center center","background-size":"auto","background-attachment":"scroll","background-type":"","background-media":"","overlay-type":"","overlay-color":"","overlay-opacity":"","overlay-gradient":""},"mobile":{"background-color":"var(--ast-global-color-5)","background-image":"","background-repeat":"repeat","background-position":"center center","background-size":"auto","background-attachment":"scroll","background-type":"","background-media":"","overlay-type":"","overlay-color":"","overlay-opacity":"","overlay-gradient":""}},"_joinchat":[]},"product_brand":[],"product_cat":[84,76],"product_tag":[291],"class_list":{"0":"post-6177","1":"product","2":"type-product","3":"status-publish","4":"has-post-thumbnail","6":"product_cat-pyrgeometers","7":"product_cat-solar-radiation-sensor","8":"product_tag-solar","9":"desktop-align-left","10":"tablet-align-left","11":"mobile-align-left","13":"first","14":"instock","15":"shipping-taxable","16":"purchasable","17":"product-type-simple"},"jetpack_sharing_enabled":true,"_links":{"self":[{"href":"https:\/\/ecosentec.com\/pt\/wp-json\/wp\/v2\/product\/6177","targetHints":{"allow":["GET"]}}],"collection":[{"href":"https:\/\/ecosentec.com\/pt\/wp-json\/wp\/v2\/product"}],"about":[{"href":"https:\/\/ecosentec.com\/pt\/wp-json\/wp\/v2\/types\/product"}],"version-history":[{"count":2,"href":"https:\/\/ecosentec.com\/pt\/wp-json\/wp\/v2\/product\/6177\/revisions"}],"predecessor-version":[{"id":6181,"href":"https:\/\/ecosentec.com\/pt\/wp-json\/wp\/v2\/product\/6177\/revisions\/6181"}],"wp:featuredmedia":[{"embeddable":true,"href":"https:\/\/ecosentec.com\/pt\/wp-json\/wp\/v2\/media\/6178"}],"wp:attachment":[{"href":"https:\/\/ecosentec.com\/pt\/wp-json\/wp\/v2\/media?parent=6177"}],"wp:term":[{"taxonomy":"product_brand","embeddable":true,"href":"https:\/\/ecosentec.com\/pt\/wp-json\/wp\/v2\/product_brand?post=6177"},{"taxonomy":"product_cat","embeddable":true,"href":"https:\/\/ecosentec.com\/pt\/wp-json\/wp\/v2\/product_cat?post=6177"},{"taxonomy":"product_tag","embeddable":true,"href":"https:\/\/ecosentec.com\/pt\/wp-json\/wp\/v2\/product_tag?post=6177"}],"curies":[{"name":"wp","href":"https:\/\/api.w.org\/{rel}","templated":true}]}}