{"id":6079,"date":"2025-04-10T09:38:37","date_gmt":"2025-04-10T09:38:37","guid":{"rendered":"https:\/\/ecosentec.com\/?post_type=product&#038;p=6079"},"modified":"2025-06-26T09:33:10","modified_gmt":"2025-06-26T09:33:10","slug":"transmissor-de-gas","status":"publish","type":"product","link":"https:\/\/ecosentec.com\/pt\/produto\/transmissor-de-gas\/","title":{"rendered":"Transmissor de g\u00e1s ES-GXXXP montado em tubo CO2,NH3,H2,CO,H2S,CH4,NO2,SO2,O3,O2,PH3,TVOC,CH2O"},"content":{"rendered":"<p class=\"p1\">Os transmissores de g\u00e1s montados em tubos da s\u00e9rie ES-GXXXP incluem transmissores de mon\u00f3xido de carbono, transmissores de di\u00f3xido de carbono, transmissores sem fio de di\u00f3xido de carbono, transmissores industriais de di\u00f3xido de carbono montados em parede, transmissores de oxig\u00eanio, transmissores de oz\u00f4nio, transmissores de hexafluoreto de enxofre, transmissores de sulfeto de hidrog\u00eanio, transmissores de am\u00f4nia, transmissores de di\u00f3xido de enxofre, transmissores de di\u00f3xido de nitrog\u00eanio, transmissores TVOC, transmissores de fosfina, transmissores de hidrog\u00eanio, transmissores de metano, transmissores de formalde\u00eddo, etc.<\/p>\n<p class=\"p1\">Os transmissores de g\u00e1s da s\u00e9rie ES-GXXXP utilizam sensores importados, que possuem as caracter\u00edsticas de alta velocidade de resposta e forte capacidade antiparasit\u00e1ria. Alta precis\u00e3o, alta repetibilidade e alta estabilidade. O equipamento adota um design de inv\u00f3lucro \u00e0 prova d&#039;\u00e1gua e um m\u00e9todo de instala\u00e7\u00e3o em tubula\u00e7\u00e3o. Pode ser equipado com uma tela OLED de alta qualidade, e o valor pode ser visualizado diretamente no local. Adota um design de circuito antiparasit\u00e1rio e pode suportar diversas interfer\u00eancias eletromagn\u00e9ticas fortes, como conversores de frequ\u00eancia no local.<\/p>\n<p class=\"p1\">Eles suportam m\u00faltiplas sa\u00eddas de sinal, como RS485 e anal\u00f3gico (4~20mA\/0~10V\/0~5V).<\/p>","protected":false},"excerpt":{"rendered":"<p>Os transmissores de g\u00e1s montados em tubos da s\u00e9rie ES-GXXXP incluem transmissores de mon\u00f3xido de carbono, transmissores de di\u00f3xido de carbono, transmissores sem fio de di\u00f3xido de carbono, transmissores industriais de di\u00f3xido de carbono montados em parede, transmissores de oxig\u00eanio, transmissores de oz\u00f4nio, transmissores de hexafluoreto de enxofre, transmissores de sulfeto de hidrog\u00eanio, transmissores de am\u00f4nia, transmissores de di\u00f3xido de enxofre, transmissores de di\u00f3xido de nitrog\u00eanio, transmissores TVOC, transmissores de fosfina, transmissores de hidrog\u00eanio, transmissores de metano, transmissores de formalde\u00eddo, etc.<\/p>","protected":false},"featured_media":6080,"template":"","meta":{"om_disable_all_campaigns":false,"_monsterinsights_skip_tracking":false,"_monsterinsights_sitenote_active":false,"_monsterinsights_sitenote_note":"","_monsterinsights_sitenote_category":0,"site-sidebar-layout":"default","site-content-layout":"default","ast-site-content-layout":"default","site-content-style":"default","site-sidebar-style":"default","ast-global-header-display":"","ast-banner-title-visibility":"","ast-main-header-display":"","ast-hfb-above-header-display":"","ast-hfb-below-header-display":"","ast-hfb-mobile-header-display":"","site-post-title":"","ast-breadcrumbs-content":"","ast-featured-img":"","footer-sml-layout":"","ast-disable-related-posts":"","theme-transparent-header-meta":"default","adv-header-id-meta":"","stick-header-meta":"","header-above-stick-meta":"","header-main-stick-meta":"","header-below-stick-meta":"","astra-migrate-meta-layouts":"set","ast-page-background-enabled":"default","ast-page-background-meta":{"desktop":{"background-color":"","background-image":"","background-repeat":"repeat","background-position":"center center","background-size":"auto","background-attachment":"scroll","background-type":"","background-media":"","overlay-type":"","overlay-color":"","overlay-opacity":"","overlay-gradient":""},"tablet":{"background-color":"","background-image":"","background-repeat":"repeat","background-position":"center center","background-size":"auto","background-attachment":"scroll","background-type":"","background-media":"","overlay-type":"","overlay-color":"","overlay-opacity":"","overlay-gradient":""},"mobile":{"background-color":"","background-image":"","background-repeat":"repeat","background-position":"center center","background-size":"auto","background-attachment":"scroll","background-type":"","background-media":"","overlay-type":"","overlay-color":"","overlay-opacity":"","overlay-gradient":""}},"ast-content-background-meta":{"desktop":{"background-color":"var(--ast-global-color-5)","background-image":"","background-repeat":"repeat","background-position":"center center","background-size":"auto","background-attachment":"scroll","background-type":"","background-media":"","overlay-type":"","overlay-color":"","overlay-opacity":"","overlay-gradient":""},"tablet":{"background-color":"var(--ast-global-color-5)","background-image":"","background-repeat":"repeat","background-position":"center center","background-size":"auto","background-attachment":"scroll","background-type":"","background-media":"","overlay-type":"","overlay-color":"","overlay-opacity":"","overlay-gradient":""},"mobile":{"background-color":"var(--ast-global-color-5)","background-image":"","background-repeat":"repeat","background-position":"center center","background-size":"auto","background-attachment":"scroll","background-type":"","background-media":"","overlay-type":"","overlay-color":"","overlay-opacity":"","overlay-gradient":""}},"_joinchat":[]},"product_brand":[],"product_cat":[89,93],"product_tag":[297,298],"class_list":{"0":"post-6079","1":"product","2":"type-product","3":"status-publish","4":"has-post-thumbnail","6":"product_cat-ambient-sensor","7":"product_cat-gas-concentration-sensor","8":"product_tag-air-quality","9":"product_tag-gas-detector","10":"desktop-align-left","11":"tablet-align-left","12":"mobile-align-left","14":"first","15":"instock","16":"shipping-taxable","17":"purchasable","18":"product-type-simple"},"jetpack_sharing_enabled":true,"_links":{"self":[{"href":"https:\/\/ecosentec.com\/pt\/wp-json\/wp\/v2\/product\/6079","targetHints":{"allow":["GET"]}}],"collection":[{"href":"https:\/\/ecosentec.com\/pt\/wp-json\/wp\/v2\/product"}],"about":[{"href":"https:\/\/ecosentec.com\/pt\/wp-json\/wp\/v2\/types\/product"}],"version-history":[{"count":2,"href":"https:\/\/ecosentec.com\/pt\/wp-json\/wp\/v2\/product\/6079\/revisions"}],"predecessor-version":[{"id":6083,"href":"https:\/\/ecosentec.com\/pt\/wp-json\/wp\/v2\/product\/6079\/revisions\/6083"}],"wp:featuredmedia":[{"embeddable":true,"href":"https:\/\/ecosentec.com\/pt\/wp-json\/wp\/v2\/media\/6080"}],"wp:attachment":[{"href":"https:\/\/ecosentec.com\/pt\/wp-json\/wp\/v2\/media?parent=6079"}],"wp:term":[{"taxonomy":"product_brand","embeddable":true,"href":"https:\/\/ecosentec.com\/pt\/wp-json\/wp\/v2\/product_brand?post=6079"},{"taxonomy":"product_cat","embeddable":true,"href":"https:\/\/ecosentec.com\/pt\/wp-json\/wp\/v2\/product_cat?post=6079"},{"taxonomy":"product_tag","embeddable":true,"href":"https:\/\/ecosentec.com\/pt\/wp-json\/wp\/v2\/product_tag?post=6079"}],"curies":[{"name":"wp","href":"https:\/\/api.w.org\/{rel}","templated":true}]}}