{"id":5788,"date":"2025-04-01T10:05:49","date_gmt":"2025-04-01T10:05:49","guid":{"rendered":"https:\/\/ecosentec.com\/?post_type=product&#038;p=5788"},"modified":"2025-04-01T10:07:35","modified_gmt":"2025-04-01T10:07:35","slug":"detector-de-condicoes-da-superficie-da-estrada","status":"publish","type":"product","link":"https:\/\/ecosentec.com\/pt\/produto\/detector-de-condicoes-da-superficie-da-estrada\/","title":{"rendered":"Detector de condi\u00e7\u00f5es da superf\u00edcie da estrada ES-S110"},"content":{"rendered":"<p class=\"p1\">O ES-S110 \u00e9 um detector de condi\u00e7\u00f5es da superf\u00edcie da estrada sem contato que utiliza tecnologia de sensoriamento remoto para evitar danos \u00e0 estrada, eliminando assim a interrup\u00e7\u00e3o do tr\u00e1fego causada pela instala\u00e7\u00e3o de uma esta\u00e7\u00e3o meteorol\u00f3gica rodovi\u00e1ria. A tecnologia de medi\u00e7\u00e3o multiespectral permite a detec\u00e7\u00e3o precisa da espessura de gelo, neve e \u00e1gua na superf\u00edcie da estrada.<\/p>\n<p class=\"p1\">O detector ES-S110 \u00e9 a melhor escolha para condi\u00e7\u00f5es de estrada onde sensores subterr\u00e2neos s\u00e3o inconvenientes ou imposs\u00edveis de instalar. A instala\u00e7\u00e3o por sensoriamento remoto dispensa a necessidade de fechamentos ou cortes de vias, tornando a instala\u00e7\u00e3o segura e conveniente. A baixa manuten\u00e7\u00e3o o torna a escolha ideal como parte de um sistema meteorol\u00f3gico rodovi\u00e1rio. Pode ser instalado em esta\u00e7\u00f5es meteorol\u00f3gicas existentes ou em outros edif\u00edcios com vista desobstru\u00edda da superf\u00edcie da estrada.<\/p>\n<p class=\"p1\">O detector ES-S110 \u00e9 instalado em um inv\u00f3lucro dur\u00e1vel e resistente a todas as condi\u00e7\u00f5es clim\u00e1ticas para garantir que ele resista a condi\u00e7\u00f5es clim\u00e1ticas adversas, permitindo fornecer dados precisos em todas as condi\u00e7\u00f5es clim\u00e1ticas.<\/p>\n<p class=\"p1\">Ao fornecer informa\u00e7\u00f5es sobre as condi\u00e7\u00f5es das estradas, o detector ES-S110 fornece aos departamentos de gerenciamento de estradas dados de monitoramento precisos para tomar medidas de resposta antes que a seguran\u00e7a nas estradas seja colocada em risco.<\/p>","protected":false},"excerpt":{"rendered":"<p>O ES-S110 \u00e9 um detector de condi\u00e7\u00f5es da superf\u00edcie da estrada sem contato que utiliza tecnologia de sensoriamento remoto para evitar danos \u00e0 estrada, eliminando assim a interrup\u00e7\u00e3o do tr\u00e1fego causada pela instala\u00e7\u00e3o de uma esta\u00e7\u00e3o meteorol\u00f3gica rodovi\u00e1ria. A tecnologia de medi\u00e7\u00e3o multiespectral permite a detec\u00e7\u00e3o precisa da espessura de gelo, neve e \u00e1gua na superf\u00edcie da estrada.<\/p>","protected":false},"featured_media":5790,"template":"","meta":{"om_disable_all_campaigns":false,"_monsterinsights_skip_tracking":false,"_monsterinsights_sitenote_active":false,"_monsterinsights_sitenote_note":"","_monsterinsights_sitenote_category":0,"site-sidebar-layout":"default","site-content-layout":"default","ast-site-content-layout":"default","site-content-style":"default","site-sidebar-style":"default","ast-global-header-display":"","ast-banner-title-visibility":"","ast-main-header-display":"","ast-hfb-above-header-display":"","ast-hfb-below-header-display":"","ast-hfb-mobile-header-display":"","site-post-title":"","ast-breadcrumbs-content":"","ast-featured-img":"","footer-sml-layout":"","ast-disable-related-posts":"","theme-transparent-header-meta":"default","adv-header-id-meta":"","stick-header-meta":"","header-above-stick-meta":"","header-main-stick-meta":"","header-below-stick-meta":"","astra-migrate-meta-layouts":"set","ast-page-background-enabled":"default","ast-page-background-meta":{"desktop":{"background-color":"","background-image":"","background-repeat":"repeat","background-position":"center center","background-size":"auto","background-attachment":"scroll","background-type":"","background-media":"","overlay-type":"","overlay-color":"","overlay-opacity":"","overlay-gradient":""},"tablet":{"background-color":"","background-image":"","background-repeat":"repeat","background-position":"center center","background-size":"auto","background-attachment":"scroll","background-type":"","background-media":"","overlay-type":"","overlay-color":"","overlay-opacity":"","overlay-gradient":""},"mobile":{"background-color":"","background-image":"","background-repeat":"repeat","background-position":"center center","background-size":"auto","background-attachment":"scroll","background-type":"","background-media":"","overlay-type":"","overlay-color":"","overlay-opacity":"","overlay-gradient":""}},"ast-content-background-meta":{"desktop":{"background-color":"var(--ast-global-color-5)","background-image":"","background-repeat":"repeat","background-position":"center center","background-size":"auto","background-attachment":"scroll","background-type":"","background-media":"","overlay-type":"","overlay-color":"","overlay-opacity":"","overlay-gradient":""},"tablet":{"background-color":"var(--ast-global-color-5)","background-image":"","background-repeat":"repeat","background-position":"center center","background-size":"auto","background-attachment":"scroll","background-type":"","background-media":"","overlay-type":"","overlay-color":"","overlay-opacity":"","overlay-gradient":""},"mobile":{"background-color":"var(--ast-global-color-5)","background-image":"","background-repeat":"repeat","background-position":"center center","background-size":"auto","background-attachment":"scroll","background-type":"","background-media":"","overlay-type":"","overlay-color":"","overlay-opacity":"","overlay-gradient":""}},"_joinchat":[]},"product_brand":[],"product_cat":[80,245],"product_tag":[],"class_list":{"0":"post-5788","1":"product","2":"type-product","3":"status-publish","4":"has-post-thumbnail","6":"product_cat-precipitation-snow-visibility-sensor","7":"product_cat-road-state-sensor","8":"desktop-align-left","9":"tablet-align-left","10":"mobile-align-left","12":"first","13":"instock","14":"shipping-taxable","15":"purchasable","16":"product-type-simple"},"jetpack_sharing_enabled":true,"_links":{"self":[{"href":"https:\/\/ecosentec.com\/pt\/wp-json\/wp\/v2\/product\/5788","targetHints":{"allow":["GET"]}}],"collection":[{"href":"https:\/\/ecosentec.com\/pt\/wp-json\/wp\/v2\/product"}],"about":[{"href":"https:\/\/ecosentec.com\/pt\/wp-json\/wp\/v2\/types\/product"}],"version-history":[{"count":2,"href":"https:\/\/ecosentec.com\/pt\/wp-json\/wp\/v2\/product\/5788\/revisions"}],"predecessor-version":[{"id":5792,"href":"https:\/\/ecosentec.com\/pt\/wp-json\/wp\/v2\/product\/5788\/revisions\/5792"}],"wp:featuredmedia":[{"embeddable":true,"href":"https:\/\/ecosentec.com\/pt\/wp-json\/wp\/v2\/media\/5790"}],"wp:attachment":[{"href":"https:\/\/ecosentec.com\/pt\/wp-json\/wp\/v2\/media?parent=5788"}],"wp:term":[{"taxonomy":"product_brand","embeddable":true,"href":"https:\/\/ecosentec.com\/pt\/wp-json\/wp\/v2\/product_brand?post=5788"},{"taxonomy":"product_cat","embeddable":true,"href":"https:\/\/ecosentec.com\/pt\/wp-json\/wp\/v2\/product_cat?post=5788"},{"taxonomy":"product_tag","embeddable":true,"href":"https:\/\/ecosentec.com\/pt\/wp-json\/wp\/v2\/product_tag?post=5788"}],"curies":[{"name":"wp","href":"https:\/\/api.w.org\/{rel}","templated":true}]}}