{"id":5773,"date":"2025-04-01T09:52:57","date_gmt":"2025-04-01T09:52:57","guid":{"rendered":"https:\/\/ecosentec.com\/?post_type=product&#038;p=5773"},"modified":"2025-04-01T10:02:59","modified_gmt":"2025-04-01T10:02:59","slug":"detector-de-condicoes-da-superficie-da-estrada-montado-em-veiculo","status":"publish","type":"product","link":"https:\/\/ecosentec.com\/pt\/produto\/detector-de-condicoes-da-superficie-da-estrada-montado-em-veiculo\/","title":{"rendered":"Detector de condi\u00e7\u00f5es da superf\u00edcie da estrada montado em ve\u00edculo ES-S130"},"content":{"rendered":"<p class=\"p1\">O ES-S130 \u00e9 um detector de condi\u00e7\u00f5es da superf\u00edcie da estrada montado em ve\u00edculos. Ele utiliza tecnologia de sensoriamento remoto para detectar de forma r\u00e1pida e em tempo real o tipo de estado e a espessura acumulada de gelo, neve e \u00e1gua na superf\u00edcie da estrada durante o movimento. \u00c9 usado principalmente para fornecer base para a tomada de decis\u00f5es em manuten\u00e7\u00e3o de estradas no inverno e controle de seguran\u00e7a.<\/p>\n<p class=\"p1\">O instrumento possui uma estrutura robusta, uma bateria de l\u00edtio recarreg\u00e1vel interna e tamb\u00e9m pode ser conectado a uma fonte de alimenta\u00e7\u00e3o externa. Os dados podem ser transmitidos para o aplicativo do celular via Bluetooth para exibi\u00e7\u00e3o, ou conectados ao software do computador via interface RS485 para exibi\u00e7\u00e3o e armazenamento de dados.<\/p>","protected":false},"excerpt":{"rendered":"<p>O ES-S130 \u00e9 um sensor de condi\u00e7\u00f5es da superf\u00edcie da estrada montado em ve\u00edculos. Ele utiliza tecnologia de sensoriamento remoto para detectar de forma r\u00e1pida e em tempo real o tipo de estado e a espessura acumulada de gelo, neve e \u00e1gua na superf\u00edcie da estrada durante a condu\u00e7\u00e3o. \u00c9 usado principalmente para fornecer base para a tomada de decis\u00f5es em manuten\u00e7\u00e3o de estradas no inverno e controle de seguran\u00e7a.<\/p>","protected":false},"featured_media":5783,"template":"","meta":{"om_disable_all_campaigns":false,"_monsterinsights_skip_tracking":false,"_monsterinsights_sitenote_active":false,"_monsterinsights_sitenote_note":"","_monsterinsights_sitenote_category":0,"site-sidebar-layout":"default","site-content-layout":"default","ast-site-content-layout":"default","site-content-style":"default","site-sidebar-style":"default","ast-global-header-display":"","ast-banner-title-visibility":"","ast-main-header-display":"","ast-hfb-above-header-display":"","ast-hfb-below-header-display":"","ast-hfb-mobile-header-display":"","site-post-title":"","ast-breadcrumbs-content":"","ast-featured-img":"","footer-sml-layout":"","ast-disable-related-posts":"","theme-transparent-header-meta":"default","adv-header-id-meta":"","stick-header-meta":"","header-above-stick-meta":"","header-main-stick-meta":"","header-below-stick-meta":"","astra-migrate-meta-layouts":"set","ast-page-background-enabled":"default","ast-page-background-meta":{"desktop":{"background-color":"","background-image":"","background-repeat":"repeat","background-position":"center center","background-size":"auto","background-attachment":"scroll","background-type":"","background-media":"","overlay-type":"","overlay-color":"","overlay-opacity":"","overlay-gradient":""},"tablet":{"background-color":"","background-image":"","background-repeat":"repeat","background-position":"center center","background-size":"auto","background-attachment":"scroll","background-type":"","background-media":"","overlay-type":"","overlay-color":"","overlay-opacity":"","overlay-gradient":""},"mobile":{"background-color":"","background-image":"","background-repeat":"repeat","background-position":"center center","background-size":"auto","background-attachment":"scroll","background-type":"","background-media":"","overlay-type":"","overlay-color":"","overlay-opacity":"","overlay-gradient":""}},"ast-content-background-meta":{"desktop":{"background-color":"var(--ast-global-color-5)","background-image":"","background-repeat":"repeat","background-position":"center center","background-size":"auto","background-attachment":"scroll","background-type":"","background-media":"","overlay-type":"","overlay-color":"","overlay-opacity":"","overlay-gradient":""},"tablet":{"background-color":"var(--ast-global-color-5)","background-image":"","background-repeat":"repeat","background-position":"center center","background-size":"auto","background-attachment":"scroll","background-type":"","background-media":"","overlay-type":"","overlay-color":"","overlay-opacity":"","overlay-gradient":""},"mobile":{"background-color":"var(--ast-global-color-5)","background-image":"","background-repeat":"repeat","background-position":"center center","background-size":"auto","background-attachment":"scroll","background-type":"","background-media":"","overlay-type":"","overlay-color":"","overlay-opacity":"","overlay-gradient":""}},"_joinchat":[]},"product_brand":[],"product_cat":[80,245],"product_tag":[],"class_list":{"0":"post-5773","1":"product","2":"type-product","3":"status-publish","4":"has-post-thumbnail","6":"product_cat-precipitation-snow-visibility-sensor","7":"product_cat-road-state-sensor","8":"desktop-align-left","9":"tablet-align-left","10":"mobile-align-left","12":"first","13":"instock","14":"shipping-taxable","15":"purchasable","16":"product-type-simple"},"jetpack_sharing_enabled":true,"_links":{"self":[{"href":"https:\/\/ecosentec.com\/pt\/wp-json\/wp\/v2\/product\/5773","targetHints":{"allow":["GET"]}}],"collection":[{"href":"https:\/\/ecosentec.com\/pt\/wp-json\/wp\/v2\/product"}],"about":[{"href":"https:\/\/ecosentec.com\/pt\/wp-json\/wp\/v2\/types\/product"}],"version-history":[{"count":3,"href":"https:\/\/ecosentec.com\/pt\/wp-json\/wp\/v2\/product\/5773\/revisions"}],"predecessor-version":[{"id":5779,"href":"https:\/\/ecosentec.com\/pt\/wp-json\/wp\/v2\/product\/5773\/revisions\/5779"}],"wp:featuredmedia":[{"embeddable":true,"href":"https:\/\/ecosentec.com\/pt\/wp-json\/wp\/v2\/media\/5783"}],"wp:attachment":[{"href":"https:\/\/ecosentec.com\/pt\/wp-json\/wp\/v2\/media?parent=5773"}],"wp:term":[{"taxonomy":"product_brand","embeddable":true,"href":"https:\/\/ecosentec.com\/pt\/wp-json\/wp\/v2\/product_brand?post=5773"},{"taxonomy":"product_cat","embeddable":true,"href":"https:\/\/ecosentec.com\/pt\/wp-json\/wp\/v2\/product_cat?post=5773"},{"taxonomy":"product_tag","embeddable":true,"href":"https:\/\/ecosentec.com\/pt\/wp-json\/wp\/v2\/product_tag?post=5773"}],"curies":[{"name":"wp","href":"https:\/\/api.w.org\/{rel}","templated":true}]}}