{"id":5665,"date":"2025-04-01T03:30:54","date_gmt":"2025-04-01T03:30:54","guid":{"rendered":"https:\/\/ecosentec.com\/?post_type=product&#038;p=5665"},"modified":"2025-04-01T03:37:18","modified_gmt":"2025-04-01T03:37:18","slug":"sensor-de-direcao-do-cata-vento","status":"publish","type":"product","link":"https:\/\/ecosentec.com\/pt\/produto\/sensor-de-direcao-do-cata-vento\/","title":{"rendered":"Sensor de dire\u00e7\u00e3o de cata-vento ES-W300S"},"content":{"rendered":"<p class=\"p1\">ES-W300S <span class=\"s1\">Sensor de dire\u00e7\u00e3o do cata-vento<\/span> \u00e9 usado para medir o valor da dire\u00e7\u00e3o do vento e convert\u00ea-lo em sinal el\u00e9trico, que pode ser transmitido diretamente ao equipamento de grava\u00e7\u00e3o para processamento.<\/p>\n<p class=\"p1\">O inv\u00f3lucro do sensor \u00e9 feito de alum\u00ednio, com toler\u00e2ncia dimensional muito pequena, alta precis\u00e3o de superf\u00edcie, alta resist\u00eancia \u00e0s intemp\u00e9ries, alta resist\u00eancia mec\u00e2nica, resist\u00eancia \u00e0 corros\u00e3o e resist\u00eancia \u00e0 \u00e1gua; o circuito interno \u00e9 protegido e todo o sensor possui boa adaptabilidade a ambientes adversos. O conector do cabo \u00e9 um plugue militar, com bom desempenho anticorrosivo, garantindo o uso a longo prazo do instrumento e a coopera\u00e7\u00e3o com o sistema de rolamento interno importado para garantir a precis\u00e3o da coleta da dire\u00e7\u00e3o do vento.<\/p>","protected":false},"excerpt":{"rendered":"<p>ES-W300S <span class=\"s1\">Sensor de dire\u00e7\u00e3o do cata-vento<\/span> \u00e9 usado para medir o valor da dire\u00e7\u00e3o do vento e convert\u00ea-lo em sinal el\u00e9trico, que pode ser transmitido diretamente ao equipamento de grava\u00e7\u00e3o para processamento.<\/p>","protected":false},"featured_media":5667,"template":"","meta":{"om_disable_all_campaigns":false,"_monsterinsights_skip_tracking":false,"_monsterinsights_sitenote_active":false,"_monsterinsights_sitenote_note":"","_monsterinsights_sitenote_category":0,"site-sidebar-layout":"default","site-content-layout":"","ast-site-content-layout":"default","site-content-style":"default","site-sidebar-style":"default","ast-global-header-display":"","ast-banner-title-visibility":"","ast-main-header-display":"","ast-hfb-above-header-display":"","ast-hfb-below-header-display":"","ast-hfb-mobile-header-display":"","site-post-title":"","ast-breadcrumbs-content":"","ast-featured-img":"","footer-sml-layout":"","ast-disable-related-posts":"","theme-transparent-header-meta":"default","adv-header-id-meta":"","stick-header-meta":"","header-above-stick-meta":"","header-main-stick-meta":"","header-below-stick-meta":"","astra-migrate-meta-layouts":"set","ast-page-background-enabled":"default","ast-page-background-meta":{"desktop":{"background-color":"","background-image":"","background-repeat":"repeat","background-position":"center center","background-size":"auto","background-attachment":"scroll","background-type":"","background-media":"","overlay-type":"","overlay-color":"","overlay-opacity":"","overlay-gradient":""},"tablet":{"background-color":"","background-image":"","background-repeat":"repeat","background-position":"center center","background-size":"auto","background-attachment":"scroll","background-type":"","background-media":"","overlay-type":"","overlay-color":"","overlay-opacity":"","overlay-gradient":""},"mobile":{"background-color":"","background-image":"","background-repeat":"repeat","background-position":"center center","background-size":"auto","background-attachment":"scroll","background-type":"","background-media":"","overlay-type":"","overlay-color":"","overlay-opacity":"","overlay-gradient":""}},"ast-content-background-meta":{"desktop":{"background-color":"var(--ast-global-color-5)","background-image":"","background-repeat":"repeat","background-position":"center center","background-size":"auto","background-attachment":"scroll","background-type":"","background-media":"","overlay-type":"","overlay-color":"","overlay-opacity":"","overlay-gradient":""},"tablet":{"background-color":"var(--ast-global-color-5)","background-image":"","background-repeat":"repeat","background-position":"center center","background-size":"auto","background-attachment":"scroll","background-type":"","background-media":"","overlay-type":"","overlay-color":"","overlay-opacity":"","overlay-gradient":""},"mobile":{"background-color":"var(--ast-global-color-5)","background-image":"","background-repeat":"repeat","background-position":"center center","background-size":"auto","background-attachment":"scroll","background-type":"","background-media":"","overlay-type":"","overlay-color":"","overlay-opacity":"","overlay-gradient":""}},"_joinchat":[]},"product_brand":[],"product_cat":[25,78],"product_tag":[],"class_list":{"0":"post-5665","1":"product","2":"type-product","3":"status-publish","4":"has-post-thumbnail","6":"product_cat-wind-sensor","7":"product_cat-cup-vane-wind-sensor","8":"desktop-align-left","9":"tablet-align-left","10":"mobile-align-left","12":"first","13":"instock","14":"shipping-taxable","15":"purchasable","16":"product-type-simple"},"jetpack_sharing_enabled":true,"_links":{"self":[{"href":"https:\/\/ecosentec.com\/pt\/wp-json\/wp\/v2\/product\/5665","targetHints":{"allow":["GET"]}}],"collection":[{"href":"https:\/\/ecosentec.com\/pt\/wp-json\/wp\/v2\/product"}],"about":[{"href":"https:\/\/ecosentec.com\/pt\/wp-json\/wp\/v2\/types\/product"}],"version-history":[{"count":3,"href":"https:\/\/ecosentec.com\/pt\/wp-json\/wp\/v2\/product\/5665\/revisions"}],"predecessor-version":[{"id":5670,"href":"https:\/\/ecosentec.com\/pt\/wp-json\/wp\/v2\/product\/5665\/revisions\/5670"}],"wp:featuredmedia":[{"embeddable":true,"href":"https:\/\/ecosentec.com\/pt\/wp-json\/wp\/v2\/media\/5667"}],"wp:attachment":[{"href":"https:\/\/ecosentec.com\/pt\/wp-json\/wp\/v2\/media?parent=5665"}],"wp:term":[{"taxonomy":"product_brand","embeddable":true,"href":"https:\/\/ecosentec.com\/pt\/wp-json\/wp\/v2\/product_brand?post=5665"},{"taxonomy":"product_cat","embeddable":true,"href":"https:\/\/ecosentec.com\/pt\/wp-json\/wp\/v2\/product_cat?post=5665"},{"taxonomy":"product_tag","embeddable":true,"href":"https:\/\/ecosentec.com\/pt\/wp-json\/wp\/v2\/product_tag?post=5665"}],"curies":[{"name":"wp","href":"https:\/\/api.w.org\/{rel}","templated":true}]}}