{"id":5478,"date":"2025-03-29T09:10:54","date_gmt":"2025-03-29T09:10:54","guid":{"rendered":"https:\/\/ecosentec.com\/?post_type=product&#038;p=5478"},"modified":"2025-04-10T06:51:50","modified_gmt":"2025-04-10T06:51:50","slug":"anemometro-ultrassonico-de-drones","status":"publish","type":"product","link":"https:\/\/ecosentec.com\/pt\/produto\/anemometro-ultrassonico-de-drones\/","title":{"rendered":"Anem\u00f4metro ultrass\u00f4nico ES-W3054 Drones"},"content":{"rendered":"<p class=\"p1\"><span class=\"s1\">Anem\u00f4metro ultrass\u00f4nico ES-W3054 Drones <\/span>que utiliza o princ\u00edpio da resson\u00e2ncia ultrass\u00f4nica. Foi especialmente projetado para ser instalado em pequenas aeronaves e plataformas n\u00e3o tripuladas para monitorar os valores de velocidade e dire\u00e7\u00e3o do vento em \u00e1reas de baixa altitude.<\/p>\n<p class=\"p1\">O ES-W3054 pesa 56 g e tem um di\u00e2metro de 46 mm. \u00c9 o menor e mais leve anem\u00f4metro ultrass\u00f4nico do mercado. Possui apar\u00eancia compacta e s\u00f3lida, \u00e9 altamente resistente a interfer\u00eancias eletromagn\u00e9ticas, \u00e0 prova d&#039;\u00e1gua e de poeira, e pode operar normalmente a uma altitude de 4.000 metros e em ambientes externos entre -40 \u00b0C e +70 \u00b0C.<\/p>\n<p class=\"p1\">Ele utiliza um chip de baixo consumo de energia e pode medir ventos de at\u00e9 60 m\/s. \u00c9 especialmente usado em aeronaves n\u00e3o tripuladas e plataformas de controle de voo relacionadas, bem como em sistemas de monitoramento ambiental que utilizam aeronaves.<\/p>\n<p class=\"p1\">O ES-W3054 foi projetado com dois m\u00e9todos de instala\u00e7\u00e3o: pode ser instalado verticalmente na parte superior da aeronave e pode ser instalado invertido na parte inferior da aeronave.<\/p>","protected":false},"excerpt":{"rendered":"<p><span class=\"s1\">Anem\u00f4metro ultrass\u00f4nico ES-W3054 Drones <\/span>que utiliza o princ\u00edpio da resson\u00e2ncia ultrass\u00f4nica. Foi especialmente projetado para ser instalado em pequenas aeronaves e plataformas n\u00e3o tripuladas para monitorar os valores de velocidade e dire\u00e7\u00e3o do vento em \u00e1reas de baixa altitude.<\/p>","protected":false},"featured_media":6014,"template":"","meta":{"om_disable_all_campaigns":false,"_monsterinsights_skip_tracking":false,"_monsterinsights_sitenote_active":false,"_monsterinsights_sitenote_note":"","_monsterinsights_sitenote_category":0,"site-sidebar-layout":"default","site-content-layout":"","ast-site-content-layout":"default","site-content-style":"default","site-sidebar-style":"default","ast-global-header-display":"","ast-banner-title-visibility":"","ast-main-header-display":"","ast-hfb-above-header-display":"","ast-hfb-below-header-display":"","ast-hfb-mobile-header-display":"","site-post-title":"","ast-breadcrumbs-content":"","ast-featured-img":"","footer-sml-layout":"","ast-disable-related-posts":"","theme-transparent-header-meta":"default","adv-header-id-meta":"","stick-header-meta":"","header-above-stick-meta":"","header-main-stick-meta":"","header-below-stick-meta":"","astra-migrate-meta-layouts":"set","ast-page-background-enabled":"default","ast-page-background-meta":{"desktop":{"background-color":"","background-image":"","background-repeat":"repeat","background-position":"center center","background-size":"auto","background-attachment":"scroll","background-type":"","background-media":"","overlay-type":"","overlay-color":"","overlay-opacity":"","overlay-gradient":""},"tablet":{"background-color":"","background-image":"","background-repeat":"repeat","background-position":"center center","background-size":"auto","background-attachment":"scroll","background-type":"","background-media":"","overlay-type":"","overlay-color":"","overlay-opacity":"","overlay-gradient":""},"mobile":{"background-color":"","background-image":"","background-repeat":"repeat","background-position":"center center","background-size":"auto","background-attachment":"scroll","background-type":"","background-media":"","overlay-type":"","overlay-color":"","overlay-opacity":"","overlay-gradient":""}},"ast-content-background-meta":{"desktop":{"background-color":"var(--ast-global-color-5)","background-image":"","background-repeat":"repeat","background-position":"center center","background-size":"auto","background-attachment":"scroll","background-type":"","background-media":"","overlay-type":"","overlay-color":"","overlay-opacity":"","overlay-gradient":""},"tablet":{"background-color":"var(--ast-global-color-5)","background-image":"","background-repeat":"repeat","background-position":"center center","background-size":"auto","background-attachment":"scroll","background-type":"","background-media":"","overlay-type":"","overlay-color":"","overlay-opacity":"","overlay-gradient":""},"mobile":{"background-color":"var(--ast-global-color-5)","background-image":"","background-repeat":"repeat","background-position":"center center","background-size":"auto","background-attachment":"scroll","background-type":"","background-media":"","overlay-type":"","overlay-color":"","overlay-opacity":"","overlay-gradient":""}},"_joinchat":[]},"product_brand":[],"product_cat":[25,77],"product_tag":[],"class_list":{"0":"post-5478","1":"product","2":"type-product","3":"status-publish","4":"has-post-thumbnail","6":"product_cat-wind-sensor","7":"product_cat-ultrasonic-wind-sensor","8":"desktop-align-left","9":"tablet-align-left","10":"mobile-align-left","12":"first","13":"instock","14":"shipping-taxable","15":"purchasable","16":"product-type-simple"},"jetpack_sharing_enabled":true,"_links":{"self":[{"href":"https:\/\/ecosentec.com\/pt\/wp-json\/wp\/v2\/product\/5478","targetHints":{"allow":["GET"]}}],"collection":[{"href":"https:\/\/ecosentec.com\/pt\/wp-json\/wp\/v2\/product"}],"about":[{"href":"https:\/\/ecosentec.com\/pt\/wp-json\/wp\/v2\/types\/product"}],"version-history":[{"count":2,"href":"https:\/\/ecosentec.com\/pt\/wp-json\/wp\/v2\/product\/5478\/revisions"}],"predecessor-version":[{"id":5480,"href":"https:\/\/ecosentec.com\/pt\/wp-json\/wp\/v2\/product\/5478\/revisions\/5480"}],"wp:featuredmedia":[{"embeddable":true,"href":"https:\/\/ecosentec.com\/pt\/wp-json\/wp\/v2\/media\/6014"}],"wp:attachment":[{"href":"https:\/\/ecosentec.com\/pt\/wp-json\/wp\/v2\/media?parent=5478"}],"wp:term":[{"taxonomy":"product_brand","embeddable":true,"href":"https:\/\/ecosentec.com\/pt\/wp-json\/wp\/v2\/product_brand?post=5478"},{"taxonomy":"product_cat","embeddable":true,"href":"https:\/\/ecosentec.com\/pt\/wp-json\/wp\/v2\/product_cat?post=5478"},{"taxonomy":"product_tag","embeddable":true,"href":"https:\/\/ecosentec.com\/pt\/wp-json\/wp\/v2\/product_tag?post=5478"}],"curies":[{"name":"wp","href":"https:\/\/api.w.org\/{rel}","templated":true}]}}