{"id":5162,"date":"2025-03-27T09:00:25","date_gmt":"2025-03-27T09:00:25","guid":{"rendered":"https:\/\/ecosentec.com\/?post_type=product&#038;p=5162"},"modified":"2025-04-01T04:03:13","modified_gmt":"2025-04-01T04:03:13","slug":"anemometro-ultrassonico-com-aquecimento","status":"publish","type":"product","link":"https:\/\/ecosentec.com\/pt\/produto\/anemometro-ultrassonico-com-aquecimento\/","title":{"rendered":"ES-W3055 Mini anem\u00f4metro ultrass\u00f4nico com aquecimento"},"content":{"rendered":"<p class=\"p1\">O anem\u00f4metro ultrass\u00f4nico com aquecimento da s\u00e9rie ES-W3055 utiliza o m\u00e9todo de resson\u00e2ncia ultrass\u00f4nica para medir a velocidade e a dire\u00e7\u00e3o do vento. O ES-W3055 \u00e9 o menor e mais leve anem\u00f4metro ultrass\u00f4nico do mercado, com um di\u00e2metro de apenas 43 mm e um peso de apenas 130 g. Ele utiliza um chip de baixo consumo de energia, e o consumo de energia \u00e9 de apenas 0,1 W em condi\u00e7\u00f5es de baixa temperatura.<\/p>\n<p class=\"p1\">Esta s\u00e9rie de anem\u00f4metros ultrass\u00f4nicos foi projetada para diferentes ambientes de uso, com m\u00faltiplos m\u00e9todos de instala\u00e7\u00e3o e tr\u00eas materiais de revestimento para atender \u00e0s necessidades personalizadas do usu\u00e1rio. Os materiais do revestimento s\u00e3o ABS, liga de alum\u00ednio e a\u00e7o inoxid\u00e1vel, e a superf\u00edcie \u00e9 especialmente tratada para oferecer resist\u00eancia \u00e0 oxida\u00e7\u00e3o e \u00e0 corros\u00e3o.<\/p>\n<p class=\"p1\">Os m\u00e9todos de instala\u00e7\u00e3o incluem instala\u00e7\u00e3o vertical, i\u00e7amento e instala\u00e7\u00e3o horizontal. O n\u00edvel de prote\u00e7\u00e3o pode ser aumentado para IP68 para adapta\u00e7\u00e3o ao uso em ambientes offshore adversos.<\/p>\n<p class=\"p1\">Usado principalmente em esta\u00e7\u00f5es meteorol\u00f3gicas, torres de alta tens\u00e3o, torres de comunica\u00e7\u00e3o, dutos de ventila\u00e7\u00e3o especiais, b\u00f3ias offshore, etc.<\/p>","protected":false},"excerpt":{"rendered":"<p>O medidor de velocidade e dire\u00e7\u00e3o do vento da s\u00e9rie ES-W3055 utiliza o m\u00e9todo de resson\u00e2ncia ultrass\u00f4nica para medir a velocidade e a dire\u00e7\u00e3o do vento. O ES-W3055 \u00e9 o menor e mais leve anem\u00f4metro ultrass\u00f4nico do mercado, com um di\u00e2metro de apenas 43 mm e um peso de apenas 130 g. Ele utiliza um chip de baixo consumo de energia, e o consumo de energia \u00e9 de apenas 0,1 W em condi\u00e7\u00f5es de baixa pot\u00eancia.<\/p>","protected":false},"featured_media":5305,"template":"","meta":{"om_disable_all_campaigns":false,"_monsterinsights_skip_tracking":false,"_monsterinsights_sitenote_active":false,"_monsterinsights_sitenote_note":"","_monsterinsights_sitenote_category":0,"site-sidebar-layout":"default","site-content-layout":"","ast-site-content-layout":"default","site-content-style":"default","site-sidebar-style":"default","ast-global-header-display":"","ast-banner-title-visibility":"","ast-main-header-display":"","ast-hfb-above-header-display":"","ast-hfb-below-header-display":"","ast-hfb-mobile-header-display":"","site-post-title":"","ast-breadcrumbs-content":"","ast-featured-img":"","footer-sml-layout":"","ast-disable-related-posts":"","theme-transparent-header-meta":"default","adv-header-id-meta":"","stick-header-meta":"","header-above-stick-meta":"","header-main-stick-meta":"","header-below-stick-meta":"","astra-migrate-meta-layouts":"set","ast-page-background-enabled":"default","ast-page-background-meta":{"desktop":{"background-color":"","background-image":"","background-repeat":"repeat","background-position":"center center","background-size":"auto","background-attachment":"scroll","background-type":"","background-media":"","overlay-type":"","overlay-color":"","overlay-opacity":"","overlay-gradient":""},"tablet":{"background-color":"","background-image":"","background-repeat":"repeat","background-position":"center center","background-size":"auto","background-attachment":"scroll","background-type":"","background-media":"","overlay-type":"","overlay-color":"","overlay-opacity":"","overlay-gradient":""},"mobile":{"background-color":"","background-image":"","background-repeat":"repeat","background-position":"center center","background-size":"auto","background-attachment":"scroll","background-type":"","background-media":"","overlay-type":"","overlay-color":"","overlay-opacity":"","overlay-gradient":""}},"ast-content-background-meta":{"desktop":{"background-color":"var(--ast-global-color-5)","background-image":"","background-repeat":"repeat","background-position":"center center","background-size":"auto","background-attachment":"scroll","background-type":"","background-media":"","overlay-type":"","overlay-color":"","overlay-opacity":"","overlay-gradient":""},"tablet":{"background-color":"var(--ast-global-color-5)","background-image":"","background-repeat":"repeat","background-position":"center center","background-size":"auto","background-attachment":"scroll","background-type":"","background-media":"","overlay-type":"","overlay-color":"","overlay-opacity":"","overlay-gradient":""},"mobile":{"background-color":"var(--ast-global-color-5)","background-image":"","background-repeat":"repeat","background-position":"center center","background-size":"auto","background-attachment":"scroll","background-type":"","background-media":"","overlay-type":"","overlay-color":"","overlay-opacity":"","overlay-gradient":""}},"_joinchat":[]},"product_brand":[],"product_cat":[25,77],"product_tag":[],"class_list":{"0":"post-5162","1":"product","2":"type-product","3":"status-publish","4":"has-post-thumbnail","6":"product_cat-wind-sensor","7":"product_cat-ultrasonic-wind-sensor","8":"desktop-align-left","9":"tablet-align-left","10":"mobile-align-left","12":"first","13":"instock","14":"shipping-taxable","15":"purchasable","16":"product-type-simple"},"jetpack_sharing_enabled":true,"_links":{"self":[{"href":"https:\/\/ecosentec.com\/pt\/wp-json\/wp\/v2\/product\/5162","targetHints":{"allow":["GET"]}}],"collection":[{"href":"https:\/\/ecosentec.com\/pt\/wp-json\/wp\/v2\/product"}],"about":[{"href":"https:\/\/ecosentec.com\/pt\/wp-json\/wp\/v2\/types\/product"}],"version-history":[{"count":5,"href":"https:\/\/ecosentec.com\/pt\/wp-json\/wp\/v2\/product\/5162\/revisions"}],"predecessor-version":[{"id":5679,"href":"https:\/\/ecosentec.com\/pt\/wp-json\/wp\/v2\/product\/5162\/revisions\/5679"}],"wp:featuredmedia":[{"embeddable":true,"href":"https:\/\/ecosentec.com\/pt\/wp-json\/wp\/v2\/media\/5305"}],"wp:attachment":[{"href":"https:\/\/ecosentec.com\/pt\/wp-json\/wp\/v2\/media?parent=5162"}],"wp:term":[{"taxonomy":"product_brand","embeddable":true,"href":"https:\/\/ecosentec.com\/pt\/wp-json\/wp\/v2\/product_brand?post=5162"},{"taxonomy":"product_cat","embeddable":true,"href":"https:\/\/ecosentec.com\/pt\/wp-json\/wp\/v2\/product_cat?post=5162"},{"taxonomy":"product_tag","embeddable":true,"href":"https:\/\/ecosentec.com\/pt\/wp-json\/wp\/v2\/product_tag?post=5162"}],"curies":[{"name":"wp","href":"https:\/\/api.w.org\/{rel}","templated":true}]}}