{"id":5161,"date":"2025-03-27T09:00:25","date_gmt":"2025-03-27T09:00:25","guid":{"rendered":"https:\/\/ecosentec.com\/?post_type=product&#038;p=5161"},"modified":"2025-04-01T04:09:32","modified_gmt":"2025-04-01T04:09:32","slug":"sensor-ultrassonico-de-velocidade-do-vento-para-tunel","status":"publish","type":"product","link":"https:\/\/ecosentec.com\/pt\/produto\/sensor-ultrassonico-de-velocidade-do-vento-para-tunel\/","title":{"rendered":"Sensor ultrass\u00f4nico de velocidade do vento ES-W3033 para t\u00fanel"},"content":{"rendered":"<p class=\"p1\">O sensor ultrass\u00f4nico de velocidade do vento ES-W3033 para t\u00faneis \u00e9 um tipo especial para t\u00faneis. A sonda de detec\u00e7\u00e3o \u00e9 instalada na parede do t\u00fanel para fornecer os valores de detec\u00e7\u00e3o da velocidade e dire\u00e7\u00e3o do vento para a sala de controle geral do t\u00fanel, como base para ventila\u00e7\u00e3o e opera\u00e7\u00e3o. Ao mesmo tempo, a sa\u00edda de sinal anal\u00f3gico e de comuta\u00e7\u00e3o da interface de sa\u00edda de dados pode ser conectada ao CLP na subsala de controle pr\u00f3xima, e ent\u00e3o o transceptor \u00f3ptico de dados e a fibra \u00f3ptica podem ser conectados \u00e0 sala de controle principal.<\/p>","protected":false},"excerpt":{"rendered":"<p class=\"p1\">O detector ultrass\u00f4nico de velocidade e dire\u00e7\u00e3o do vento ES-W3033 \u00e9 um tipo especial para t\u00faneis. A sonda de detec\u00e7\u00e3o \u00e9 instalada na parede do t\u00fanel para fornecer os valores de detec\u00e7\u00e3o de velocidade e dire\u00e7\u00e3o do vento no t\u00fanel para a sala de controle geral do t\u00fanel, como base para ventila\u00e7\u00e3o e opera\u00e7\u00e3o. Ao mesmo tempo, a sa\u00edda de sinal anal\u00f3gico e de comuta\u00e7\u00e3o da interface de sa\u00edda de dados pode ser conectada ao CLP na subsala de controle pr\u00f3xima e, em seguida, o transceptor \u00f3ptico de dados e a fibra \u00f3ptica podem ser conectados \u00e0 sala de controle principal.<\/p>","protected":false},"featured_media":5180,"template":"","meta":{"om_disable_all_campaigns":false,"_monsterinsights_skip_tracking":false,"_monsterinsights_sitenote_active":false,"_monsterinsights_sitenote_note":"","_monsterinsights_sitenote_category":0,"site-sidebar-layout":"default","site-content-layout":"","ast-site-content-layout":"default","site-content-style":"default","site-sidebar-style":"default","ast-global-header-display":"","ast-banner-title-visibility":"","ast-main-header-display":"","ast-hfb-above-header-display":"","ast-hfb-below-header-display":"","ast-hfb-mobile-header-display":"","site-post-title":"","ast-breadcrumbs-content":"","ast-featured-img":"","footer-sml-layout":"","ast-disable-related-posts":"","theme-transparent-header-meta":"default","adv-header-id-meta":"","stick-header-meta":"","header-above-stick-meta":"","header-main-stick-meta":"","header-below-stick-meta":"","astra-migrate-meta-layouts":"set","ast-page-background-enabled":"default","ast-page-background-meta":{"desktop":{"background-color":"","background-image":"","background-repeat":"repeat","background-position":"center center","background-size":"auto","background-attachment":"scroll","background-type":"","background-media":"","overlay-type":"","overlay-color":"","overlay-opacity":"","overlay-gradient":""},"tablet":{"background-color":"","background-image":"","background-repeat":"repeat","background-position":"center center","background-size":"auto","background-attachment":"scroll","background-type":"","background-media":"","overlay-type":"","overlay-color":"","overlay-opacity":"","overlay-gradient":""},"mobile":{"background-color":"","background-image":"","background-repeat":"repeat","background-position":"center center","background-size":"auto","background-attachment":"scroll","background-type":"","background-media":"","overlay-type":"","overlay-color":"","overlay-opacity":"","overlay-gradient":""}},"ast-content-background-meta":{"desktop":{"background-color":"var(--ast-global-color-5)","background-image":"","background-repeat":"repeat","background-position":"center center","background-size":"auto","background-attachment":"scroll","background-type":"","background-media":"","overlay-type":"","overlay-color":"","overlay-opacity":"","overlay-gradient":""},"tablet":{"background-color":"var(--ast-global-color-5)","background-image":"","background-repeat":"repeat","background-position":"center center","background-size":"auto","background-attachment":"scroll","background-type":"","background-media":"","overlay-type":"","overlay-color":"","overlay-opacity":"","overlay-gradient":""},"mobile":{"background-color":"var(--ast-global-color-5)","background-image":"","background-repeat":"repeat","background-position":"center center","background-size":"auto","background-attachment":"scroll","background-type":"","background-media":"","overlay-type":"","overlay-color":"","overlay-opacity":"","overlay-gradient":""}},"_joinchat":[]},"product_brand":[],"product_cat":[25,77],"product_tag":[],"class_list":{"0":"post-5161","1":"product","2":"type-product","3":"status-publish","4":"has-post-thumbnail","6":"product_cat-wind-sensor","7":"product_cat-ultrasonic-wind-sensor","8":"desktop-align-left","9":"tablet-align-left","10":"mobile-align-left","12":"first","13":"instock","14":"shipping-taxable","15":"purchasable","16":"product-type-simple"},"jetpack_sharing_enabled":true,"_links":{"self":[{"href":"https:\/\/ecosentec.com\/pt\/wp-json\/wp\/v2\/product\/5161","targetHints":{"allow":["GET"]}}],"collection":[{"href":"https:\/\/ecosentec.com\/pt\/wp-json\/wp\/v2\/product"}],"about":[{"href":"https:\/\/ecosentec.com\/pt\/wp-json\/wp\/v2\/types\/product"}],"version-history":[{"count":3,"href":"https:\/\/ecosentec.com\/pt\/wp-json\/wp\/v2\/product\/5161\/revisions"}],"predecessor-version":[{"id":5477,"href":"https:\/\/ecosentec.com\/pt\/wp-json\/wp\/v2\/product\/5161\/revisions\/5477"}],"wp:featuredmedia":[{"embeddable":true,"href":"https:\/\/ecosentec.com\/pt\/wp-json\/wp\/v2\/media\/5180"}],"wp:attachment":[{"href":"https:\/\/ecosentec.com\/pt\/wp-json\/wp\/v2\/media?parent=5161"}],"wp:term":[{"taxonomy":"product_brand","embeddable":true,"href":"https:\/\/ecosentec.com\/pt\/wp-json\/wp\/v2\/product_brand?post=5161"},{"taxonomy":"product_cat","embeddable":true,"href":"https:\/\/ecosentec.com\/pt\/wp-json\/wp\/v2\/product_cat?post=5161"},{"taxonomy":"product_tag","embeddable":true,"href":"https:\/\/ecosentec.com\/pt\/wp-json\/wp\/v2\/product_tag?post=5161"}],"curies":[{"name":"wp","href":"https:\/\/api.w.org\/{rel}","templated":true}]}}