{"id":5160,"date":"2025-03-27T09:00:24","date_gmt":"2025-03-27T09:00:24","guid":{"rendered":"https:\/\/ecosentec.com\/?post_type=product&#038;p=5160"},"modified":"2025-04-10T07:12:53","modified_gmt":"2025-04-10T07:12:53","slug":"mini-anemometro-ultrassonico-de-velocidade-e-direcao-do-vento-ws3032","status":"publish","type":"product","link":"https:\/\/ecosentec.com\/pt\/produto\/mini-anemometro-ultrassonico-de-velocidade-e-direcao-do-vento-ws3032\/","title":{"rendered":"ES-W3032 Mini anem\u00f4metro ultrass\u00f4nico de velocidade e dire\u00e7\u00e3o do vento"},"content":{"rendered":"<p class=\"p1\">O mini anem\u00f4metro ultrass\u00f4nico de velocidade e dire\u00e7\u00e3o do vento ES-W3032 \u00e9 um instrumento de medi\u00e7\u00e3o que utiliza a diferen\u00e7a de tempo da onda ultrass\u00f4nica no ar para medir a velocidade e a dire\u00e7\u00e3o do vento. O ES-W3032 utiliza um chip de baixa pot\u00eancia, com consumo de energia de apenas 0,2 W, especialmente adequado para ambientes alimentados por energia solar ou bateria com altos requisitos de consumo de energia. Gra\u00e7as \u00e0 ado\u00e7\u00e3o de novas tecnologias e novos processos, a estrutura \u00e9 mais compacta e compacta, com custo bastante reduzido em compara\u00e7\u00e3o com o anem\u00f4metro de baixo custo da s\u00e9rie ES-W3032 original. O inv\u00f3lucro possui dois tipos de fundi\u00e7\u00e3o de alum\u00ednio e ABS, facilitando o uso em diferentes ambientes.<\/p>\n<p class=\"p1\">\u00c9 usado principalmente em esta\u00e7\u00f5es meteorol\u00f3gicas familiares, detec\u00e7\u00e3o meteorol\u00f3gica em terras agr\u00edcolas, monitoramento de velocidade do vento de guindastes de torre, etc.<\/p>","protected":false},"excerpt":{"rendered":"<p>O mini anem\u00f4metro ultrass\u00f4nico de velocidade e dire\u00e7\u00e3o do vento ES-W3032 \u00e9 um instrumento de medi\u00e7\u00e3o que utiliza a diferen\u00e7a de tempo da onda ultrass\u00f4nica no ar para medir a velocidade e a dire\u00e7\u00e3o do vento. O ES-W3032 utiliza um chip de baixa pot\u00eancia, com consumo de energia de apenas 0,2 W, especialmente adequado para ambientes alimentados por energia solar ou bateria com altos requisitos de consumo de energia. Gra\u00e7as \u00e0 ado\u00e7\u00e3o de novas tecnologias e novos processos, a estrutura \u00e9 mais compacta e compacta, com custo bastante reduzido em compara\u00e7\u00e3o com o anem\u00f4metro original da s\u00e9rie ES-W3032. O inv\u00f3lucro possui dois tipos de fundi\u00e7\u00e3o de alum\u00ednio e ABS, facilitando o uso em diferentes ambientes.<\/p>","protected":false},"featured_media":6024,"template":"","meta":{"om_disable_all_campaigns":false,"_monsterinsights_skip_tracking":false,"_monsterinsights_sitenote_active":false,"_monsterinsights_sitenote_note":"","_monsterinsights_sitenote_category":0,"site-sidebar-layout":"default","site-content-layout":"","ast-site-content-layout":"default","site-content-style":"default","site-sidebar-style":"default","ast-global-header-display":"","ast-banner-title-visibility":"","ast-main-header-display":"","ast-hfb-above-header-display":"","ast-hfb-below-header-display":"","ast-hfb-mobile-header-display":"","site-post-title":"","ast-breadcrumbs-content":"","ast-featured-img":"","footer-sml-layout":"","ast-disable-related-posts":"","theme-transparent-header-meta":"default","adv-header-id-meta":"","stick-header-meta":"","header-above-stick-meta":"","header-main-stick-meta":"","header-below-stick-meta":"","astra-migrate-meta-layouts":"set","ast-page-background-enabled":"default","ast-page-background-meta":{"desktop":{"background-color":"","background-image":"","background-repeat":"repeat","background-position":"center center","background-size":"auto","background-attachment":"scroll","background-type":"","background-media":"","overlay-type":"","overlay-color":"","overlay-opacity":"","overlay-gradient":""},"tablet":{"background-color":"","background-image":"","background-repeat":"repeat","background-position":"center center","background-size":"auto","background-attachment":"scroll","background-type":"","background-media":"","overlay-type":"","overlay-color":"","overlay-opacity":"","overlay-gradient":""},"mobile":{"background-color":"","background-image":"","background-repeat":"repeat","background-position":"center center","background-size":"auto","background-attachment":"scroll","background-type":"","background-media":"","overlay-type":"","overlay-color":"","overlay-opacity":"","overlay-gradient":""}},"ast-content-background-meta":{"desktop":{"background-color":"var(--ast-global-color-5)","background-image":"","background-repeat":"repeat","background-position":"center center","background-size":"auto","background-attachment":"scroll","background-type":"","background-media":"","overlay-type":"","overlay-color":"","overlay-opacity":"","overlay-gradient":""},"tablet":{"background-color":"var(--ast-global-color-5)","background-image":"","background-repeat":"repeat","background-position":"center center","background-size":"auto","background-attachment":"scroll","background-type":"","background-media":"","overlay-type":"","overlay-color":"","overlay-opacity":"","overlay-gradient":""},"mobile":{"background-color":"var(--ast-global-color-5)","background-image":"","background-repeat":"repeat","background-position":"center center","background-size":"auto","background-attachment":"scroll","background-type":"","background-media":"","overlay-type":"","overlay-color":"","overlay-opacity":"","overlay-gradient":""}},"_joinchat":[]},"product_brand":[],"product_cat":[25,77],"product_tag":[],"class_list":{"0":"post-5160","1":"product","2":"type-product","3":"status-publish","4":"has-post-thumbnail","6":"product_cat-wind-sensor","7":"product_cat-ultrasonic-wind-sensor","8":"desktop-align-left","9":"tablet-align-left","10":"mobile-align-left","12":"first","13":"instock","14":"shipping-taxable","15":"purchasable","16":"product-type-simple"},"jetpack_sharing_enabled":true,"_links":{"self":[{"href":"https:\/\/ecosentec.com\/pt\/wp-json\/wp\/v2\/product\/5160","targetHints":{"allow":["GET"]}}],"collection":[{"href":"https:\/\/ecosentec.com\/pt\/wp-json\/wp\/v2\/product"}],"about":[{"href":"https:\/\/ecosentec.com\/pt\/wp-json\/wp\/v2\/types\/product"}],"version-history":[{"count":3,"href":"https:\/\/ecosentec.com\/pt\/wp-json\/wp\/v2\/product\/5160\/revisions"}],"predecessor-version":[{"id":6025,"href":"https:\/\/ecosentec.com\/pt\/wp-json\/wp\/v2\/product\/5160\/revisions\/6025"}],"wp:featuredmedia":[{"embeddable":true,"href":"https:\/\/ecosentec.com\/pt\/wp-json\/wp\/v2\/media\/6024"}],"wp:attachment":[{"href":"https:\/\/ecosentec.com\/pt\/wp-json\/wp\/v2\/media?parent=5160"}],"wp:term":[{"taxonomy":"product_brand","embeddable":true,"href":"https:\/\/ecosentec.com\/pt\/wp-json\/wp\/v2\/product_brand?post=5160"},{"taxonomy":"product_cat","embeddable":true,"href":"https:\/\/ecosentec.com\/pt\/wp-json\/wp\/v2\/product_cat?post=5160"},{"taxonomy":"product_tag","embeddable":true,"href":"https:\/\/ecosentec.com\/pt\/wp-json\/wp\/v2\/product_tag?post=5160"}],"curies":[{"name":"wp","href":"https:\/\/api.w.org\/{rel}","templated":true}]}}