{"id":5159,"date":"2025-03-27T09:00:24","date_gmt":"2025-03-27T09:00:24","guid":{"rendered":"https:\/\/ecosentec.com\/?post_type=product&#038;p=5159"},"modified":"2025-04-01T04:17:14","modified_gmt":"2025-04-01T04:17:14","slug":"anemometro-ultrassonico-de-baixo-custo","status":"publish","type":"product","link":"https:\/\/ecosentec.com\/pt\/produto\/anemometro-ultrassonico-de-baixo-custo\/","title":{"rendered":"ES-W303U Anem\u00f4metro ultrass\u00f4nico de baixo custo"},"content":{"rendered":"<p class=\"p1\">O anem\u00f4metro ultrass\u00f4nico de baixo custo ES-W303U \u00e9 um instrumento de medi\u00e7\u00e3o de velocidade e dire\u00e7\u00e3o do vento desenvolvido com base em princ\u00edpios ultrass\u00f4nicos. Ele utiliza os pulsos de ondas sonoras transmitidas para medir a diferen\u00e7a de fase na extremidade receptora, calculando a velocidade e a dire\u00e7\u00e3o do vento. O sensor pode medir os valores instant\u00e2neos da velocidade e da dire\u00e7\u00e3o do vento simultaneamente.<\/p>\n<p class=\"p1\">O dispositivo com sele\u00e7\u00e3o de b\u00fassola eletr\u00f4nica integrada n\u00e3o requer mais orienta\u00e7\u00e3o durante a instala\u00e7\u00e3o, bastando garantir a instala\u00e7\u00e3o horizontal. Toda a estrutura da m\u00e1quina \u00e9 feita de material ABS de alta qualidade, leve e sem partes m\u00f3veis.<\/p>","protected":false},"excerpt":{"rendered":"<p class=\"p1\">O anem\u00f4metro ultrass\u00f4nico de baixo custo ES-W303U \u00e9 um instrumento de medi\u00e7\u00e3o de velocidade e dire\u00e7\u00e3o do vento desenvolvido com base em princ\u00edpios ultrass\u00f4nicos. Ele utiliza os pulsos de ondas sonoras transmitidas para medir a diferen\u00e7a de fase na extremidade receptora, calculando a velocidade e a dire\u00e7\u00e3o do vento. O sensor pode medir os valores instant\u00e2neos da velocidade e da dire\u00e7\u00e3o do vento simultaneamente.<\/p>","protected":false},"featured_media":5344,"template":"","meta":{"om_disable_all_campaigns":false,"_monsterinsights_skip_tracking":false,"_monsterinsights_sitenote_active":false,"_monsterinsights_sitenote_note":"","_monsterinsights_sitenote_category":0,"site-sidebar-layout":"default","site-content-layout":"","ast-site-content-layout":"default","site-content-style":"default","site-sidebar-style":"default","ast-global-header-display":"","ast-banner-title-visibility":"","ast-main-header-display":"","ast-hfb-above-header-display":"","ast-hfb-below-header-display":"","ast-hfb-mobile-header-display":"","site-post-title":"","ast-breadcrumbs-content":"","ast-featured-img":"","footer-sml-layout":"","ast-disable-related-posts":"","theme-transparent-header-meta":"default","adv-header-id-meta":"","stick-header-meta":"","header-above-stick-meta":"","header-main-stick-meta":"","header-below-stick-meta":"","astra-migrate-meta-layouts":"set","ast-page-background-enabled":"default","ast-page-background-meta":{"desktop":{"background-color":"","background-image":"","background-repeat":"repeat","background-position":"center center","background-size":"auto","background-attachment":"scroll","background-type":"","background-media":"","overlay-type":"","overlay-color":"","overlay-opacity":"","overlay-gradient":""},"tablet":{"background-color":"","background-image":"","background-repeat":"repeat","background-position":"center center","background-size":"auto","background-attachment":"scroll","background-type":"","background-media":"","overlay-type":"","overlay-color":"","overlay-opacity":"","overlay-gradient":""},"mobile":{"background-color":"","background-image":"","background-repeat":"repeat","background-position":"center center","background-size":"auto","background-attachment":"scroll","background-type":"","background-media":"","overlay-type":"","overlay-color":"","overlay-opacity":"","overlay-gradient":""}},"ast-content-background-meta":{"desktop":{"background-color":"var(--ast-global-color-5)","background-image":"","background-repeat":"repeat","background-position":"center center","background-size":"auto","background-attachment":"scroll","background-type":"","background-media":"","overlay-type":"","overlay-color":"","overlay-opacity":"","overlay-gradient":""},"tablet":{"background-color":"var(--ast-global-color-5)","background-image":"","background-repeat":"repeat","background-position":"center center","background-size":"auto","background-attachment":"scroll","background-type":"","background-media":"","overlay-type":"","overlay-color":"","overlay-opacity":"","overlay-gradient":""},"mobile":{"background-color":"var(--ast-global-color-5)","background-image":"","background-repeat":"repeat","background-position":"center center","background-size":"auto","background-attachment":"scroll","background-type":"","background-media":"","overlay-type":"","overlay-color":"","overlay-opacity":"","overlay-gradient":""}},"_joinchat":[]},"product_brand":[],"product_cat":[25,77],"product_tag":[],"class_list":{"0":"post-5159","1":"product","2":"type-product","3":"status-publish","4":"has-post-thumbnail","6":"product_cat-wind-sensor","7":"product_cat-ultrasonic-wind-sensor","8":"desktop-align-left","9":"tablet-align-left","10":"mobile-align-left","12":"first","13":"instock","14":"shipping-taxable","15":"purchasable","16":"product-type-simple"},"jetpack_sharing_enabled":true,"_links":{"self":[{"href":"https:\/\/ecosentec.com\/pt\/wp-json\/wp\/v2\/product\/5159","targetHints":{"allow":["GET"]}}],"collection":[{"href":"https:\/\/ecosentec.com\/pt\/wp-json\/wp\/v2\/product"}],"about":[{"href":"https:\/\/ecosentec.com\/pt\/wp-json\/wp\/v2\/types\/product"}],"version-history":[{"count":4,"href":"https:\/\/ecosentec.com\/pt\/wp-json\/wp\/v2\/product\/5159\/revisions"}],"predecessor-version":[{"id":5686,"href":"https:\/\/ecosentec.com\/pt\/wp-json\/wp\/v2\/product\/5159\/revisions\/5686"}],"wp:featuredmedia":[{"embeddable":true,"href":"https:\/\/ecosentec.com\/pt\/wp-json\/wp\/v2\/media\/5344"}],"wp:attachment":[{"href":"https:\/\/ecosentec.com\/pt\/wp-json\/wp\/v2\/media?parent=5159"}],"wp:term":[{"taxonomy":"product_brand","embeddable":true,"href":"https:\/\/ecosentec.com\/pt\/wp-json\/wp\/v2\/product_brand?post=5159"},{"taxonomy":"product_cat","embeddable":true,"href":"https:\/\/ecosentec.com\/pt\/wp-json\/wp\/v2\/product_cat?post=5159"},{"taxonomy":"product_tag","embeddable":true,"href":"https:\/\/ecosentec.com\/pt\/wp-json\/wp\/v2\/product_tag?post=5159"}],"curies":[{"name":"wp","href":"https:\/\/api.w.org\/{rel}","templated":true}]}}