{"id":5158,"date":"2025-03-27T09:00:24","date_gmt":"2025-03-27T09:00:24","guid":{"rendered":"https:\/\/ecosentec.com\/?post_type=product&#038;p=5158"},"modified":"2025-07-02T08:17:48","modified_gmt":"2025-07-02T08:17:48","slug":"anemometro-ultrassonico-de-alta-precisao","status":"publish","type":"product","link":"https:\/\/ecosentec.com\/pt\/produto\/anemometro-ultrassonico-de-alta-precisao\/","title":{"rendered":"Anem\u00f4metro ultrass\u00f4nico de alta precis\u00e3o ES-W303"},"content":{"rendered":"<p class=\"p1\">O anem\u00f4metro ultrass\u00f4nico de alta precis\u00e3o ES-W303 \u00e9 um tipo de instrumento que pode medir a velocidade e a dire\u00e7\u00e3o do vento e a temperatura ac\u00fastica utilizando a diferen\u00e7a de tempo da propaga\u00e7\u00e3o ultrass\u00f4nica no ar. A estrutura compacta torna o volume menor e a apar\u00eancia mais bonita; o revestimento totalmente em liga de alum\u00ednio torna o peso mais leve; o aquecimento integral pode funcionar normalmente em climas frios e congelados. \u00c9 recomendado para energia e\u00f3lica, t\u00faneis, edif\u00edcios de grande altitude e outras \u00e1reas.<\/p>\n<p class=\"p1\">\u00c9 usado principalmente em rodovias, meteorologia, plataformas de perfura\u00e7\u00e3o, hidrovias, portos, gera\u00e7\u00e3o de energia e\u00f3lica, navios, esta\u00e7\u00f5es meteorol\u00f3gicas autom\u00e1ticas e outras ind\u00fastrias.<\/p>","protected":false},"excerpt":{"rendered":"<p>O anem\u00f4metro ultrass\u00f4nico de alta precis\u00e3o ES-W303 \u00e9 um instrumento capaz de medir a velocidade e a dire\u00e7\u00e3o do vento e a temperatura ac\u00fastica utilizando a diferen\u00e7a de tempo da propaga\u00e7\u00e3o ultrass\u00f4nica no ar. A estrutura compacta torna o volume menor e a apar\u00eancia mais bonita; o revestimento totalmente em liga de alum\u00ednio torna o peso mais leve; o aquecimento integral pode funcionar normalmente em climas frios e congelados. \u00c9 recomendado para energia e\u00f3lica, t\u00faneis, edif\u00edcios de grande altitude e outras \u00e1reas.<\/p>","protected":false},"featured_media":6027,"template":"","meta":{"om_disable_all_campaigns":false,"_monsterinsights_skip_tracking":false,"_monsterinsights_sitenote_active":false,"_monsterinsights_sitenote_note":"","_monsterinsights_sitenote_category":0,"site-sidebar-layout":"default","site-content-layout":"","ast-site-content-layout":"default","site-content-style":"default","site-sidebar-style":"default","ast-global-header-display":"","ast-banner-title-visibility":"","ast-main-header-display":"","ast-hfb-above-header-display":"","ast-hfb-below-header-display":"","ast-hfb-mobile-header-display":"","site-post-title":"","ast-breadcrumbs-content":"","ast-featured-img":"","footer-sml-layout":"","ast-disable-related-posts":"","theme-transparent-header-meta":"default","adv-header-id-meta":"","stick-header-meta":"","header-above-stick-meta":"","header-main-stick-meta":"","header-below-stick-meta":"","astra-migrate-meta-layouts":"set","ast-page-background-enabled":"default","ast-page-background-meta":{"desktop":{"background-color":"","background-image":"","background-repeat":"repeat","background-position":"center center","background-size":"auto","background-attachment":"scroll","background-type":"","background-media":"","overlay-type":"","overlay-color":"","overlay-opacity":"","overlay-gradient":""},"tablet":{"background-color":"","background-image":"","background-repeat":"repeat","background-position":"center center","background-size":"auto","background-attachment":"scroll","background-type":"","background-media":"","overlay-type":"","overlay-color":"","overlay-opacity":"","overlay-gradient":""},"mobile":{"background-color":"","background-image":"","background-repeat":"repeat","background-position":"center center","background-size":"auto","background-attachment":"scroll","background-type":"","background-media":"","overlay-type":"","overlay-color":"","overlay-opacity":"","overlay-gradient":""}},"ast-content-background-meta":{"desktop":{"background-color":"var(--ast-global-color-5)","background-image":"","background-repeat":"repeat","background-position":"center center","background-size":"auto","background-attachment":"scroll","background-type":"","background-media":"","overlay-type":"","overlay-color":"","overlay-opacity":"","overlay-gradient":""},"tablet":{"background-color":"var(--ast-global-color-5)","background-image":"","background-repeat":"repeat","background-position":"center center","background-size":"auto","background-attachment":"scroll","background-type":"","background-media":"","overlay-type":"","overlay-color":"","overlay-opacity":"","overlay-gradient":""},"mobile":{"background-color":"var(--ast-global-color-5)","background-image":"","background-repeat":"repeat","background-position":"center center","background-size":"auto","background-attachment":"scroll","background-type":"","background-media":"","overlay-type":"","overlay-color":"","overlay-opacity":"","overlay-gradient":""}},"_joinchat":[]},"product_brand":[],"product_cat":[25,77],"product_tag":[299,300],"class_list":{"0":"post-5158","1":"product","2":"type-product","3":"status-publish","4":"has-post-thumbnail","6":"product_cat-wind-sensor","7":"product_cat-ultrasonic-wind-sensor","8":"product_tag-ultrasonic-anemometer","9":"product_tag-wind-sensor","10":"desktop-align-left","11":"tablet-align-left","12":"mobile-align-left","14":"first","15":"instock","16":"shipping-taxable","17":"purchasable","18":"product-type-simple"},"jetpack_sharing_enabled":true,"_links":{"self":[{"href":"https:\/\/ecosentec.com\/pt\/wp-json\/wp\/v2\/product\/5158","targetHints":{"allow":["GET"]}}],"collection":[{"href":"https:\/\/ecosentec.com\/pt\/wp-json\/wp\/v2\/product"}],"about":[{"href":"https:\/\/ecosentec.com\/pt\/wp-json\/wp\/v2\/types\/product"}],"version-history":[{"count":4,"href":"https:\/\/ecosentec.com\/pt\/wp-json\/wp\/v2\/product\/5158\/revisions"}],"predecessor-version":[{"id":6028,"href":"https:\/\/ecosentec.com\/pt\/wp-json\/wp\/v2\/product\/5158\/revisions\/6028"}],"wp:featuredmedia":[{"embeddable":true,"href":"https:\/\/ecosentec.com\/pt\/wp-json\/wp\/v2\/media\/6027"}],"wp:attachment":[{"href":"https:\/\/ecosentec.com\/pt\/wp-json\/wp\/v2\/media?parent=5158"}],"wp:term":[{"taxonomy":"product_brand","embeddable":true,"href":"https:\/\/ecosentec.com\/pt\/wp-json\/wp\/v2\/product_brand?post=5158"},{"taxonomy":"product_cat","embeddable":true,"href":"https:\/\/ecosentec.com\/pt\/wp-json\/wp\/v2\/product_cat?post=5158"},{"taxonomy":"product_tag","embeddable":true,"href":"https:\/\/ecosentec.com\/pt\/wp-json\/wp\/v2\/product_tag?post=5158"}],"curies":[{"name":"wp","href":"https:\/\/api.w.org\/{rel}","templated":true}]}}