{"id":5155,"date":"2025-03-27T09:00:22","date_gmt":"2025-03-27T09:00:22","guid":{"rendered":"https:\/\/ecosentec.com\/?post_type=product&#038;p=5155"},"modified":"2025-04-10T06:43:07","modified_gmt":"2025-04-10T06:43:07","slug":"sensor-de-velocidade-do-vento-do-copo","status":"publish","type":"product","link":"https:\/\/ecosentec.com\/pt\/produto\/sensor-de-velocidade-do-vento-do-copo\/","title":{"rendered":"Sensor de velocidade do vento ES-W200 Cup"},"content":{"rendered":"<p class=\"p1\">ES-W200 c<span class=\"s1\">sensor de velocidade do vento ascendente <\/span>\u00c9 um instrumento de medi\u00e7\u00e3o da velocidade do vento desenvolvido e produzido de forma independente por nossa empresa. Suporta instrumentos de medi\u00e7\u00e3o da velocidade do vento para aquecimento personalizados. Os produtos de aquecimento possuem sensores de temperatura sens\u00edveis integrados e placas de aquecimento de alto desempenho. O inv\u00f3lucro do sensor \u00e9 feito de alum\u00ednio, com toler\u00e2ncias dimensionais muito reduzidas, apresentando alta resist\u00eancia \u00e0s intemp\u00e9ries, alta resist\u00eancia mec\u00e2nica, resist\u00eancia \u00e0 corros\u00e3o e resist\u00eancia \u00e0 \u00e1gua. Integra\u00e7\u00e3o interna de mecanismo de convers\u00e3o fotoel\u00e9trica, processador de microcomputador industrial, gerador de corrente padr\u00e3o, driver de corrente, etc.<br \/>\nO circuito PCB ES-W200 adota materiais de n\u00edvel militar de grau A para garantir a estabilidade dos par\u00e2metros de medi\u00e7\u00e3o e o desempenho el\u00e9trico; os componentes eletr\u00f4nicos s\u00e3o chips importados de n\u00edvel industrial, o que torna a capacidade geral anti-interfer\u00eancia eletromagn\u00e9tica extremamente confi\u00e1vel e pode garantir que o host esteja na faixa de -30 \u2103 ~ 75 \u2103, umidade 5% ~ 95%RH (sem condensa\u00e7\u00e3o) pode funcionar normalmente.<\/p>\n<p class=\"p1\">Este produto \u00e9 amplamente utilizado em estufas, prote\u00e7\u00e3o ambiental, esta\u00e7\u00f5es meteorol\u00f3gicas, m\u00e1quinas de engenharia, navios, docas, aquicultura e outras medi\u00e7\u00f5es de velocidade do vento ambiental.<\/p>","protected":false},"excerpt":{"rendered":"<p>ES-W200 c<span class=\"s1\">sensor de velocidade do vento ascendente <\/span>\u00c9 um instrumento de medi\u00e7\u00e3o da velocidade do vento desenvolvido e produzido de forma independente por nossa empresa. Suporta instrumentos de medi\u00e7\u00e3o da velocidade do vento para aquecimento personalizados. Os produtos de aquecimento possuem sensores de temperatura sens\u00edveis integrados e placas de aquecimento de alto desempenho. O inv\u00f3lucro do sensor \u00e9 feito de alum\u00ednio, com toler\u00e2ncias dimensionais muito reduzidas, apresentando alta resist\u00eancia \u00e0s intemp\u00e9ries, alta resist\u00eancia mec\u00e2nica, resist\u00eancia \u00e0 corros\u00e3o e resist\u00eancia \u00e0 \u00e1gua. Integra\u00e7\u00e3o interna de mecanismo de convers\u00e3o fotoel\u00e9trica, processador de microcomputador industrial, gerador de corrente padr\u00e3o, driver de corrente, etc.<\/p>","protected":false},"featured_media":6008,"template":"","meta":{"om_disable_all_campaigns":false,"_monsterinsights_skip_tracking":false,"_monsterinsights_sitenote_active":false,"_monsterinsights_sitenote_note":"","_monsterinsights_sitenote_category":0,"site-sidebar-layout":"default","site-content-layout":"","ast-site-content-layout":"default","site-content-style":"default","site-sidebar-style":"default","ast-global-header-display":"","ast-banner-title-visibility":"","ast-main-header-display":"","ast-hfb-above-header-display":"","ast-hfb-below-header-display":"","ast-hfb-mobile-header-display":"","site-post-title":"","ast-breadcrumbs-content":"","ast-featured-img":"","footer-sml-layout":"","ast-disable-related-posts":"","theme-transparent-header-meta":"default","adv-header-id-meta":"","stick-header-meta":"","header-above-stick-meta":"","header-main-stick-meta":"","header-below-stick-meta":"","astra-migrate-meta-layouts":"set","ast-page-background-enabled":"default","ast-page-background-meta":{"desktop":{"background-color":"","background-image":"","background-repeat":"repeat","background-position":"center center","background-size":"auto","background-attachment":"scroll","background-type":"","background-media":"","overlay-type":"","overlay-color":"","overlay-opacity":"","overlay-gradient":""},"tablet":{"background-color":"","background-image":"","background-repeat":"repeat","background-position":"center center","background-size":"auto","background-attachment":"scroll","background-type":"","background-media":"","overlay-type":"","overlay-color":"","overlay-opacity":"","overlay-gradient":""},"mobile":{"background-color":"","background-image":"","background-repeat":"repeat","background-position":"center center","background-size":"auto","background-attachment":"scroll","background-type":"","background-media":"","overlay-type":"","overlay-color":"","overlay-opacity":"","overlay-gradient":""}},"ast-content-background-meta":{"desktop":{"background-color":"var(--ast-global-color-5)","background-image":"","background-repeat":"repeat","background-position":"center center","background-size":"auto","background-attachment":"scroll","background-type":"","background-media":"","overlay-type":"","overlay-color":"","overlay-opacity":"","overlay-gradient":""},"tablet":{"background-color":"var(--ast-global-color-5)","background-image":"","background-repeat":"repeat","background-position":"center center","background-size":"auto","background-attachment":"scroll","background-type":"","background-media":"","overlay-type":"","overlay-color":"","overlay-opacity":"","overlay-gradient":""},"mobile":{"background-color":"var(--ast-global-color-5)","background-image":"","background-repeat":"repeat","background-position":"center center","background-size":"auto","background-attachment":"scroll","background-type":"","background-media":"","overlay-type":"","overlay-color":"","overlay-opacity":"","overlay-gradient":""}},"_joinchat":[]},"product_brand":[],"product_cat":[25,78],"product_tag":[],"class_list":{"0":"post-5155","1":"product","2":"type-product","3":"status-publish","4":"has-post-thumbnail","6":"product_cat-wind-sensor","7":"product_cat-cup-vane-wind-sensor","8":"desktop-align-left","9":"tablet-align-left","10":"mobile-align-left","12":"first","13":"instock","14":"shipping-taxable","15":"purchasable","16":"product-type-simple"},"jetpack_sharing_enabled":true,"_links":{"self":[{"href":"https:\/\/ecosentec.com\/pt\/wp-json\/wp\/v2\/product\/5155","targetHints":{"allow":["GET"]}}],"collection":[{"href":"https:\/\/ecosentec.com\/pt\/wp-json\/wp\/v2\/product"}],"about":[{"href":"https:\/\/ecosentec.com\/pt\/wp-json\/wp\/v2\/types\/product"}],"version-history":[{"count":3,"href":"https:\/\/ecosentec.com\/pt\/wp-json\/wp\/v2\/product\/5155\/revisions"}],"predecessor-version":[{"id":5651,"href":"https:\/\/ecosentec.com\/pt\/wp-json\/wp\/v2\/product\/5155\/revisions\/5651"}],"wp:featuredmedia":[{"embeddable":true,"href":"https:\/\/ecosentec.com\/pt\/wp-json\/wp\/v2\/media\/6008"}],"wp:attachment":[{"href":"https:\/\/ecosentec.com\/pt\/wp-json\/wp\/v2\/media?parent=5155"}],"wp:term":[{"taxonomy":"product_brand","embeddable":true,"href":"https:\/\/ecosentec.com\/pt\/wp-json\/wp\/v2\/product_brand?post=5155"},{"taxonomy":"product_cat","embeddable":true,"href":"https:\/\/ecosentec.com\/pt\/wp-json\/wp\/v2\/product_cat?post=5155"},{"taxonomy":"product_tag","embeddable":true,"href":"https:\/\/ecosentec.com\/pt\/wp-json\/wp\/v2\/product_tag?post=5155"}],"curies":[{"name":"wp","href":"https:\/\/api.w.org\/{rel}","templated":true}]}}