{"id":5116,"date":"2025-03-27T08:53:16","date_gmt":"2025-03-27T08:53:16","guid":{"rendered":"https:\/\/ecosentec.com\/?post_type=product&#038;p=5116"},"modified":"2025-03-31T10:33:55","modified_gmt":"2025-03-31T10:33:55","slug":"sensor-de-profundidade-de-neve-a-laser","status":"publish","type":"product","link":"https:\/\/ecosentec.com\/pt\/produto\/sensor-de-profundidade-de-neve-a-laser\/","title":{"rendered":"Sensor de profundidade de neve a laser ES-R226L"},"content":{"rendered":"<p class=\"p1\">O transmissor de profundidade de neve a laser ES-R226L adota o princ\u00edpio de medi\u00e7\u00e3o de profundidade de neve por laser de fase e \u00e9 um instrumento digital de medi\u00e7\u00e3o de profundidade de neve. O equipamento n\u00e3o \u00e9 facilmente afetado por fatores ambientais. Baseado na tecnologia universal de medi\u00e7\u00e3o de profundidade de neve a laser, a compensa\u00e7\u00e3o de temperatura \u00e9 utilizada para solucionar a estabilidade t\u00e9rmica do laser, que possui as caracter\u00edsticas de alta precis\u00e3o de medi\u00e7\u00e3o e boa estabilidade. Durante nevascas intensas ou mesmo nevascas, a boa continuidade dos dados de observa\u00e7\u00e3o ainda pode ser mantida. O equipamento pode ser pareado com nossos produtos de esta\u00e7\u00e3o meteorol\u00f3gica ou selecionado para upload online. Dados de queda de neve em tempo real podem ser carregados e os observadores podem monitorar a profundidade da neve em tempo real, fornecendo dados de observa\u00e7\u00e3o comparativos para o projeto de &quot;observa\u00e7\u00e3o autom\u00e1tica da profundidade de neve&quot;. Os resultados da observa\u00e7\u00e3o s\u00e3o objetivos e os dados de observa\u00e7\u00e3o s\u00e3o cont\u00ednuos, reduzindo a carga de trabalho dos observadores e melhorando ainda mais a qualidade e a efici\u00eancia da observa\u00e7\u00e3o.<\/p>","protected":false},"excerpt":{"rendered":"<p>O transmissor de profundidade de neve a laser ES-R226L adota o princ\u00edpio de medi\u00e7\u00e3o de profundidade de neve por laser de fase e \u00e9 um instrumento digital de medi\u00e7\u00e3o de profundidade de neve. O equipamento n\u00e3o \u00e9 facilmente afetado por fatores ambientais. Baseado na tecnologia universal de medi\u00e7\u00e3o de profundidade de neve a laser, a compensa\u00e7\u00e3o de temperatura \u00e9 utilizada para solucionar a estabilidade t\u00e9rmica do laser, que possui as caracter\u00edsticas de alta precis\u00e3o de medi\u00e7\u00e3o e boa estabilidade. Durante nevascas intensas ou mesmo nevascas, a boa continuidade dos dados de observa\u00e7\u00e3o ainda pode ser mantida.<\/p>","protected":false},"featured_media":5636,"template":"","meta":{"om_disable_all_campaigns":false,"_monsterinsights_skip_tracking":false,"_monsterinsights_sitenote_active":false,"_monsterinsights_sitenote_note":"","_monsterinsights_sitenote_category":0,"site-sidebar-layout":"default","site-content-layout":"","ast-site-content-layout":"default","site-content-style":"default","site-sidebar-style":"default","ast-global-header-display":"","ast-banner-title-visibility":"","ast-main-header-display":"","ast-hfb-above-header-display":"","ast-hfb-below-header-display":"","ast-hfb-mobile-header-display":"","site-post-title":"","ast-breadcrumbs-content":"","ast-featured-img":"","footer-sml-layout":"","ast-disable-related-posts":"","theme-transparent-header-meta":"default","adv-header-id-meta":"","stick-header-meta":"","header-above-stick-meta":"","header-main-stick-meta":"","header-below-stick-meta":"","astra-migrate-meta-layouts":"set","ast-page-background-enabled":"default","ast-page-background-meta":{"desktop":{"background-color":"","background-image":"","background-repeat":"repeat","background-position":"center center","background-size":"auto","background-attachment":"scroll","background-type":"","background-media":"","overlay-type":"","overlay-color":"","overlay-opacity":"","overlay-gradient":""},"tablet":{"background-color":"","background-image":"","background-repeat":"repeat","background-position":"center center","background-size":"auto","background-attachment":"scroll","background-type":"","background-media":"","overlay-type":"","overlay-color":"","overlay-opacity":"","overlay-gradient":""},"mobile":{"background-color":"","background-image":"","background-repeat":"repeat","background-position":"center center","background-size":"auto","background-attachment":"scroll","background-type":"","background-media":"","overlay-type":"","overlay-color":"","overlay-opacity":"","overlay-gradient":""}},"ast-content-background-meta":{"desktop":{"background-color":"var(--ast-global-color-5)","background-image":"","background-repeat":"repeat","background-position":"center center","background-size":"auto","background-attachment":"scroll","background-type":"","background-media":"","overlay-type":"","overlay-color":"","overlay-opacity":"","overlay-gradient":""},"tablet":{"background-color":"var(--ast-global-color-5)","background-image":"","background-repeat":"repeat","background-position":"center center","background-size":"auto","background-attachment":"scroll","background-type":"","background-media":"","overlay-type":"","overlay-color":"","overlay-opacity":"","overlay-gradient":""},"mobile":{"background-color":"var(--ast-global-color-5)","background-image":"","background-repeat":"repeat","background-position":"center center","background-size":"auto","background-attachment":"scroll","background-type":"","background-media":"","overlay-type":"","overlay-color":"","overlay-opacity":"","overlay-gradient":""}},"_joinchat":[]},"product_brand":[],"product_cat":[80,82],"product_tag":[],"class_list":{"0":"post-5116","1":"product","2":"type-product","3":"status-publish","4":"has-post-thumbnail","6":"product_cat-precipitation-snow-visibility-sensor","7":"product_cat-snow-sensor","8":"desktop-align-left","9":"tablet-align-left","10":"mobile-align-left","12":"first","13":"instock","14":"shipping-taxable","15":"purchasable","16":"product-type-simple"},"jetpack_sharing_enabled":true,"_links":{"self":[{"href":"https:\/\/ecosentec.com\/pt\/wp-json\/wp\/v2\/product\/5116","targetHints":{"allow":["GET"]}}],"collection":[{"href":"https:\/\/ecosentec.com\/pt\/wp-json\/wp\/v2\/product"}],"about":[{"href":"https:\/\/ecosentec.com\/pt\/wp-json\/wp\/v2\/types\/product"}],"version-history":[{"count":3,"href":"https:\/\/ecosentec.com\/pt\/wp-json\/wp\/v2\/product\/5116\/revisions"}],"predecessor-version":[{"id":5641,"href":"https:\/\/ecosentec.com\/pt\/wp-json\/wp\/v2\/product\/5116\/revisions\/5641"}],"wp:featuredmedia":[{"embeddable":true,"href":"https:\/\/ecosentec.com\/pt\/wp-json\/wp\/v2\/media\/5636"}],"wp:attachment":[{"href":"https:\/\/ecosentec.com\/pt\/wp-json\/wp\/v2\/media?parent=5116"}],"wp:term":[{"taxonomy":"product_brand","embeddable":true,"href":"https:\/\/ecosentec.com\/pt\/wp-json\/wp\/v2\/product_brand?post=5116"},{"taxonomy":"product_cat","embeddable":true,"href":"https:\/\/ecosentec.com\/pt\/wp-json\/wp\/v2\/product_cat?post=5116"},{"taxonomy":"product_tag","embeddable":true,"href":"https:\/\/ecosentec.com\/pt\/wp-json\/wp\/v2\/product_tag?post=5116"}],"curies":[{"name":"wp","href":"https:\/\/api.w.org\/{rel}","templated":true}]}}