{"id":5084,"date":"2025-03-27T08:52:23","date_gmt":"2025-03-27T08:52:23","guid":{"rendered":"https:\/\/ecosentec.com\/?post_type=product&#038;p=5084"},"modified":"2025-03-31T09:59:32","modified_gmt":"2025-03-31T09:59:32","slug":"medidor-de-visibilidade-compacto","status":"publish","type":"product","link":"https:\/\/ecosentec.com\/pt\/produto\/medidor-de-visibilidade-compacto\/","title":{"rendered":"Medidor de visibilidade compacto ES-V226VC"},"content":{"rendered":"<p class=\"p1\">O ES-V226VC \u00e9 um sensor de visibilidade de baixo custo que funciona com base no princ\u00edpio de espalhamento frontal. Sua principal aplica\u00e7\u00e3o \u00e9 para fins de tr\u00e1fego. Seu inv\u00f3lucro de a\u00e7o inoxid\u00e1vel com p\u00f3 pulverizado o torna inquebr\u00e1vel, sendo aplic\u00e1vel em plataformas de perfura\u00e7\u00e3o, navios, rodovias e outros setores de transporte.<\/p>\n<p class=\"p1\">Utilizando a t\u00e9cnica de espalhamento frontal, ele mede a quantidade de part\u00edculas no ar que limitam a visibilidade. Emite pulsos de luz infravermelha e mede a intensidade da luz espalhada frontalmente pelas part\u00edculas suspensas na atmosfera, utilizando algoritmos adequados para converter as medi\u00e7\u00f5es em valores de visibilidade meteorol\u00f3gica.<\/p>","protected":false},"excerpt":{"rendered":"<p>O ES-V226VC \u00e9 um sensor de visibilidade de baixo custo que funciona com base no princ\u00edpio de espalhamento frontal. Sua principal aplica\u00e7\u00e3o \u00e9 para fins de tr\u00e1fego. Seu inv\u00f3lucro de a\u00e7o inoxid\u00e1vel com p\u00f3 pulverizado o torna inquebr\u00e1vel, sendo aplic\u00e1vel em plataformas de perfura\u00e7\u00e3o, navios, rodovias e outros setores de transporte.<\/p>","protected":false},"featured_media":5598,"template":"","meta":{"om_disable_all_campaigns":false,"_monsterinsights_skip_tracking":false,"_monsterinsights_sitenote_active":false,"_monsterinsights_sitenote_note":"","_monsterinsights_sitenote_category":0,"site-sidebar-layout":"default","site-content-layout":"default","ast-site-content-layout":"default","site-content-style":"default","site-sidebar-style":"default","ast-global-header-display":"","ast-banner-title-visibility":"","ast-main-header-display":"","ast-hfb-above-header-display":"","ast-hfb-below-header-display":"","ast-hfb-mobile-header-display":"","site-post-title":"","ast-breadcrumbs-content":"","ast-featured-img":"","footer-sml-layout":"","ast-disable-related-posts":"","theme-transparent-header-meta":"default","adv-header-id-meta":"","stick-header-meta":"","header-above-stick-meta":"","header-main-stick-meta":"","header-below-stick-meta":"","astra-migrate-meta-layouts":"set","ast-page-background-enabled":"default","ast-page-background-meta":{"desktop":{"background-color":"","background-image":"","background-repeat":"repeat","background-position":"center center","background-size":"auto","background-attachment":"scroll","background-type":"","background-media":"","overlay-type":"","overlay-color":"","overlay-opacity":"","overlay-gradient":""},"tablet":{"background-color":"","background-image":"","background-repeat":"repeat","background-position":"center center","background-size":"auto","background-attachment":"scroll","background-type":"","background-media":"","overlay-type":"","overlay-color":"","overlay-opacity":"","overlay-gradient":""},"mobile":{"background-color":"","background-image":"","background-repeat":"repeat","background-position":"center center","background-size":"auto","background-attachment":"scroll","background-type":"","background-media":"","overlay-type":"","overlay-color":"","overlay-opacity":"","overlay-gradient":""}},"ast-content-background-meta":{"desktop":{"background-color":"var(--ast-global-color-5)","background-image":"","background-repeat":"repeat","background-position":"center center","background-size":"auto","background-attachment":"scroll","background-type":"","background-media":"","overlay-type":"","overlay-color":"","overlay-opacity":"","overlay-gradient":""},"tablet":{"background-color":"var(--ast-global-color-5)","background-image":"","background-repeat":"repeat","background-position":"center center","background-size":"auto","background-attachment":"scroll","background-type":"","background-media":"","overlay-type":"","overlay-color":"","overlay-opacity":"","overlay-gradient":""},"mobile":{"background-color":"var(--ast-global-color-5)","background-image":"","background-repeat":"repeat","background-position":"center center","background-size":"auto","background-attachment":"scroll","background-type":"","background-media":"","overlay-type":"","overlay-color":"","overlay-opacity":"","overlay-gradient":""}},"_joinchat":[]},"product_brand":[],"product_cat":[80,83],"product_tag":[],"class_list":{"0":"post-5084","1":"product","2":"type-product","3":"status-publish","4":"has-post-thumbnail","6":"product_cat-precipitation-snow-visibility-sensor","7":"product_cat-visibility-sensor","8":"desktop-align-left","9":"tablet-align-left","10":"mobile-align-left","12":"first","13":"instock","14":"shipping-taxable","15":"purchasable","16":"product-type-simple"},"jetpack_sharing_enabled":true,"_links":{"self":[{"href":"https:\/\/ecosentec.com\/pt\/wp-json\/wp\/v2\/product\/5084","targetHints":{"allow":["GET"]}}],"collection":[{"href":"https:\/\/ecosentec.com\/pt\/wp-json\/wp\/v2\/product"}],"about":[{"href":"https:\/\/ecosentec.com\/pt\/wp-json\/wp\/v2\/types\/product"}],"version-history":[{"count":2,"href":"https:\/\/ecosentec.com\/pt\/wp-json\/wp\/v2\/product\/5084\/revisions"}],"predecessor-version":[{"id":5594,"href":"https:\/\/ecosentec.com\/pt\/wp-json\/wp\/v2\/product\/5084\/revisions\/5594"}],"wp:featuredmedia":[{"embeddable":true,"href":"https:\/\/ecosentec.com\/pt\/wp-json\/wp\/v2\/media\/5598"}],"wp:attachment":[{"href":"https:\/\/ecosentec.com\/pt\/wp-json\/wp\/v2\/media?parent=5084"}],"wp:term":[{"taxonomy":"product_brand","embeddable":true,"href":"https:\/\/ecosentec.com\/pt\/wp-json\/wp\/v2\/product_brand?post=5084"},{"taxonomy":"product_cat","embeddable":true,"href":"https:\/\/ecosentec.com\/pt\/wp-json\/wp\/v2\/product_cat?post=5084"},{"taxonomy":"product_tag","embeddable":true,"href":"https:\/\/ecosentec.com\/pt\/wp-json\/wp\/v2\/product_tag?post=5084"}],"curies":[{"name":"wp","href":"https:\/\/api.w.org\/{rel}","templated":true}]}}