{"id":5081,"date":"2025-03-27T08:52:23","date_gmt":"2025-03-27T08:52:23","guid":{"rendered":"https:\/\/ecosentec.com\/?post_type=product&#038;p=5081"},"modified":"2025-03-31T08:57:35","modified_gmt":"2025-03-31T08:57:35","slug":"sensor-de-evaporacao","status":"publish","type":"product","link":"https:\/\/ecosentec.com\/pt\/produto\/sensor-de-evaporacao\/","title":{"rendered":"Sensor de evapora\u00e7\u00e3o ES-R406"},"content":{"rendered":"<p class=\"p1\">O sensor de evapora\u00e7\u00e3o ES-R406 \u00e9 um instrumento desenvolvido por nossa empresa para observar a evapora\u00e7\u00e3o da superf\u00edcie da \u00e1gua. O produto adota uma estrutura de a\u00e7o inoxid\u00e1vel de camada dupla, que evita erros de evapora\u00e7\u00e3o causados pela luz solar direta, e a precis\u00e3o da medi\u00e7\u00e3o \u00e9 mais precisa. O produto adota a\u00e7o inoxid\u00e1vel 304, com bela apar\u00eancia, resistente \u00e0 corros\u00e3o, o que pode efetivamente garantir a vida \u00fatil do sensor. O uso de sensores digitais possui as caracter\u00edsticas de alta precis\u00e3o de medi\u00e7\u00e3o, ampla faixa de medi\u00e7\u00e3o, alta sensibilidade, sem desvio de temperatura, desvio de tempo e desempenho est\u00e1vel a longo prazo.<\/p>\n<p class=\"p1\">O equipamento adota o princ\u00edpio de medi\u00e7\u00e3o de press\u00e3o e mede a mudan\u00e7a de peso do l\u00edquido no prato de evapora\u00e7\u00e3o por meio do princ\u00edpio de pesagem e, em seguida, calcula a altura do n\u00edvel do l\u00edquido, de modo a obter o volume de evapora\u00e7\u00e3o, a medi\u00e7\u00e3o \u00e9 mais precisa e os dados s\u00e3o mais cient\u00edficos; n\u00e3o \u00e9 afetado pelo congelamento do l\u00edquido e superado Ao usar o princ\u00edpio ultrass\u00f4nico para medir a altura do n\u00edvel do l\u00edquido, h\u00e1 desvantagens como medi\u00e7\u00e3o imprecisa durante o congelamento, f\u00e1cil dano ao sensor quando n\u00e3o h\u00e1 \u00e1gua e baixa precis\u00e3o de medi\u00e7\u00e3o.<\/p>","protected":false},"excerpt":{"rendered":"<p>O sensor de evapora\u00e7\u00e3o ES-R406 \u00e9 um instrumento desenvolvido por nossa empresa para observar a evapora\u00e7\u00e3o da superf\u00edcie da \u00e1gua. O produto adota uma estrutura de a\u00e7o inoxid\u00e1vel de camada dupla, que evita erros de evapora\u00e7\u00e3o causados pela luz solar direta, e a precis\u00e3o da medi\u00e7\u00e3o \u00e9 mais precisa. O produto adota a\u00e7o inoxid\u00e1vel 304, com bela apar\u00eancia, resistente \u00e0 corros\u00e3o, o que pode efetivamente garantir a vida \u00fatil do sensor. O uso de sensores digitais possui as caracter\u00edsticas de alta precis\u00e3o de medi\u00e7\u00e3o, ampla faixa de medi\u00e7\u00e3o, alta sensibilidade, sem desvio de temperatura, desvio de tempo e desempenho est\u00e1vel a longo prazo.<\/p>","protected":false},"featured_media":5141,"template":"","meta":{"om_disable_all_campaigns":false,"_monsterinsights_skip_tracking":false,"_monsterinsights_sitenote_active":false,"_monsterinsights_sitenote_note":"","_monsterinsights_sitenote_category":0,"site-sidebar-layout":"default","site-content-layout":"default","ast-site-content-layout":"default","site-content-style":"default","site-sidebar-style":"default","ast-global-header-display":"","ast-banner-title-visibility":"","ast-main-header-display":"","ast-hfb-above-header-display":"","ast-hfb-below-header-display":"","ast-hfb-mobile-header-display":"","site-post-title":"","ast-breadcrumbs-content":"","ast-featured-img":"","footer-sml-layout":"","ast-disable-related-posts":"","theme-transparent-header-meta":"default","adv-header-id-meta":"","stick-header-meta":"","header-above-stick-meta":"","header-main-stick-meta":"","header-below-stick-meta":"","astra-migrate-meta-layouts":"set","ast-page-background-enabled":"default","ast-page-background-meta":{"desktop":{"background-color":"","background-image":"","background-repeat":"repeat","background-position":"center center","background-size":"auto","background-attachment":"scroll","background-type":"","background-media":"","overlay-type":"","overlay-color":"","overlay-opacity":"","overlay-gradient":""},"tablet":{"background-color":"","background-image":"","background-repeat":"repeat","background-position":"center center","background-size":"auto","background-attachment":"scroll","background-type":"","background-media":"","overlay-type":"","overlay-color":"","overlay-opacity":"","overlay-gradient":""},"mobile":{"background-color":"","background-image":"","background-repeat":"repeat","background-position":"center center","background-size":"auto","background-attachment":"scroll","background-type":"","background-media":"","overlay-type":"","overlay-color":"","overlay-opacity":"","overlay-gradient":""}},"ast-content-background-meta":{"desktop":{"background-color":"var(--ast-global-color-5)","background-image":"","background-repeat":"repeat","background-position":"center center","background-size":"auto","background-attachment":"scroll","background-type":"","background-media":"","overlay-type":"","overlay-color":"","overlay-opacity":"","overlay-gradient":""},"tablet":{"background-color":"var(--ast-global-color-5)","background-image":"","background-repeat":"repeat","background-position":"center center","background-size":"auto","background-attachment":"scroll","background-type":"","background-media":"","overlay-type":"","overlay-color":"","overlay-opacity":"","overlay-gradient":""},"mobile":{"background-color":"var(--ast-global-color-5)","background-image":"","background-repeat":"repeat","background-position":"center center","background-size":"auto","background-attachment":"scroll","background-type":"","background-media":"","overlay-type":"","overlay-color":"","overlay-opacity":"","overlay-gradient":""}},"_joinchat":[]},"product_brand":[],"product_cat":[80,81],"product_tag":[],"class_list":{"0":"post-5081","1":"product","2":"type-product","3":"status-publish","4":"has-post-thumbnail","6":"product_cat-precipitation-snow-visibility-sensor","7":"product_cat-rain-gauge","8":"desktop-align-left","9":"tablet-align-left","10":"mobile-align-left","12":"first","13":"instock","14":"shipping-taxable","15":"purchasable","16":"product-type-simple"},"jetpack_sharing_enabled":true,"_links":{"self":[{"href":"https:\/\/ecosentec.com\/pt\/wp-json\/wp\/v2\/product\/5081","targetHints":{"allow":["GET"]}}],"collection":[{"href":"https:\/\/ecosentec.com\/pt\/wp-json\/wp\/v2\/product"}],"about":[{"href":"https:\/\/ecosentec.com\/pt\/wp-json\/wp\/v2\/types\/product"}],"version-history":[{"count":2,"href":"https:\/\/ecosentec.com\/pt\/wp-json\/wp\/v2\/product\/5081\/revisions"}],"predecessor-version":[{"id":5564,"href":"https:\/\/ecosentec.com\/pt\/wp-json\/wp\/v2\/product\/5081\/revisions\/5564"}],"wp:featuredmedia":[{"embeddable":true,"href":"https:\/\/ecosentec.com\/pt\/wp-json\/wp\/v2\/media\/5141"}],"wp:attachment":[{"href":"https:\/\/ecosentec.com\/pt\/wp-json\/wp\/v2\/media?parent=5081"}],"wp:term":[{"taxonomy":"product_brand","embeddable":true,"href":"https:\/\/ecosentec.com\/pt\/wp-json\/wp\/v2\/product_brand?post=5081"},{"taxonomy":"product_cat","embeddable":true,"href":"https:\/\/ecosentec.com\/pt\/wp-json\/wp\/v2\/product_cat?post=5081"},{"taxonomy":"product_tag","embeddable":true,"href":"https:\/\/ecosentec.com\/pt\/wp-json\/wp\/v2\/product_tag?post=5081"}],"curies":[{"name":"wp","href":"https:\/\/api.w.org\/{rel}","templated":true}]}}