{"id":5080,"date":"2025-03-27T08:52:23","date_gmt":"2025-03-27T08:52:23","guid":{"rendered":"https:\/\/ecosentec.com\/?post_type=product&#038;p=5080"},"modified":"2025-06-18T10:13:41","modified_gmt":"2025-06-18T10:13:41","slug":"pluviometro-de-balde-basculante-abs","status":"publish","type":"product","link":"https:\/\/ecosentec.com\/pt\/produto\/pluviometro-de-balde-basculante-abs\/","title":{"rendered":"Pluvi\u00f4metro de balde basculante ABS ES-R404"},"content":{"rendered":"<p class=\"p1\">O pluvi\u00f4metro de balde basculante ES-R404 ABS \u00e9 um instrumento de medi\u00e7\u00e3o de precipita\u00e7\u00e3o e seu desempenho atende aos requisitos da norma nacional GB\/T 21978.2-2014 \u201cRequisitos de observa\u00e7\u00e3o de precipita\u00e7\u00e3o\u201d.<span class=\"s1\"><br \/>\n<\/span>O componente principal do instrumento, o balde basculante, adota um design tridimensional aerodin\u00e2mico, o que torna o balde basculante o escoamento da \u00e1gua mais suave, com fun\u00e7\u00f5es de autolimpeza de poeira e f\u00e1cil limpeza. A precipita\u00e7\u00e3o pluvial pode ser lida diretamente, sem a necessidade de c\u00e1lculos secund\u00e1rios, o que \u00e9 simples e conveniente.<\/p>\n<p class=\"p2\">O balde basculante do instrumento \u00e9 equipado com um a\u00e7o magn\u00e9tico constante, e o suporte do interruptor reed \u00e9 equipado com um interruptor reed. Quando o instrumento sai da f\u00e1brica, o a\u00e7o magn\u00e9tico e o interruptor reed s\u00e3o ajustados para uma dist\u00e2ncia de acoplamento adequada, de modo que o sinal de sa\u00edda do instrumento seja proporcional ao n\u00famero de vezes que o balde basculante \u00e9 girado.<\/p>","protected":false},"excerpt":{"rendered":"<p>O pluvi\u00f4metro de balde basculante ES-R404 ABS \u00e9 um instrumento de medi\u00e7\u00e3o de precipita\u00e7\u00e3o e seu desempenho atende aos requisitos da norma nacional GB\/T 21978.2-2014 \u201cRequisitos de observa\u00e7\u00e3o de precipita\u00e7\u00e3o\u201d.<span class=\"s1\"><br \/>\n<\/span>O componente principal do instrumento, o balde basculante, adota um design tridimensional aerodin\u00e2mico, o que torna o balde basculante o escoamento da \u00e1gua mais suave, com fun\u00e7\u00f5es de autolimpeza de poeira e f\u00e1cil limpeza. A precipita\u00e7\u00e3o pluvial pode ser lida diretamente, sem a necessidade de c\u00e1lculos secund\u00e1rios, o que \u00e9 simples e conveniente.<\/p>","protected":false},"featured_media":6034,"template":"","meta":{"om_disable_all_campaigns":false,"_monsterinsights_skip_tracking":false,"_monsterinsights_sitenote_active":false,"_monsterinsights_sitenote_note":"","_monsterinsights_sitenote_category":0,"site-sidebar-layout":"default","site-content-layout":"default","ast-site-content-layout":"default","site-content-style":"default","site-sidebar-style":"default","ast-global-header-display":"","ast-banner-title-visibility":"","ast-main-header-display":"","ast-hfb-above-header-display":"","ast-hfb-below-header-display":"","ast-hfb-mobile-header-display":"","site-post-title":"","ast-breadcrumbs-content":"","ast-featured-img":"","footer-sml-layout":"","ast-disable-related-posts":"","theme-transparent-header-meta":"default","adv-header-id-meta":"","stick-header-meta":"","header-above-stick-meta":"","header-main-stick-meta":"","header-below-stick-meta":"","astra-migrate-meta-layouts":"set","ast-page-background-enabled":"default","ast-page-background-meta":{"desktop":{"background-color":"","background-image":"","background-repeat":"repeat","background-position":"center center","background-size":"auto","background-attachment":"scroll","background-type":"","background-media":"","overlay-type":"","overlay-color":"","overlay-opacity":"","overlay-gradient":""},"tablet":{"background-color":"","background-image":"","background-repeat":"repeat","background-position":"center center","background-size":"auto","background-attachment":"scroll","background-type":"","background-media":"","overlay-type":"","overlay-color":"","overlay-opacity":"","overlay-gradient":""},"mobile":{"background-color":"","background-image":"","background-repeat":"repeat","background-position":"center center","background-size":"auto","background-attachment":"scroll","background-type":"","background-media":"","overlay-type":"","overlay-color":"","overlay-opacity":"","overlay-gradient":""}},"ast-content-background-meta":{"desktop":{"background-color":"var(--ast-global-color-5)","background-image":"","background-repeat":"repeat","background-position":"center center","background-size":"auto","background-attachment":"scroll","background-type":"","background-media":"","overlay-type":"","overlay-color":"","overlay-opacity":"","overlay-gradient":""},"tablet":{"background-color":"var(--ast-global-color-5)","background-image":"","background-repeat":"repeat","background-position":"center center","background-size":"auto","background-attachment":"scroll","background-type":"","background-media":"","overlay-type":"","overlay-color":"","overlay-opacity":"","overlay-gradient":""},"mobile":{"background-color":"var(--ast-global-color-5)","background-image":"","background-repeat":"repeat","background-position":"center center","background-size":"auto","background-attachment":"scroll","background-type":"","background-media":"","overlay-type":"","overlay-color":"","overlay-opacity":"","overlay-gradient":""}},"_joinchat":[]},"product_brand":[],"product_cat":[80,81],"product_tag":[294],"class_list":{"0":"post-5080","1":"product","2":"type-product","3":"status-publish","4":"has-post-thumbnail","6":"product_cat-precipitation-snow-visibility-sensor","7":"product_cat-rain-gauge","8":"product_tag-rain-gauge","9":"desktop-align-left","10":"tablet-align-left","11":"mobile-align-left","13":"first","14":"instock","15":"shipping-taxable","16":"purchasable","17":"product-type-simple"},"jetpack_sharing_enabled":true,"_links":{"self":[{"href":"https:\/\/ecosentec.com\/pt\/wp-json\/wp\/v2\/product\/5080","targetHints":{"allow":["GET"]}}],"collection":[{"href":"https:\/\/ecosentec.com\/pt\/wp-json\/wp\/v2\/product"}],"about":[{"href":"https:\/\/ecosentec.com\/pt\/wp-json\/wp\/v2\/types\/product"}],"version-history":[{"count":4,"href":"https:\/\/ecosentec.com\/pt\/wp-json\/wp\/v2\/product\/5080\/revisions"}],"predecessor-version":[{"id":6036,"href":"https:\/\/ecosentec.com\/pt\/wp-json\/wp\/v2\/product\/5080\/revisions\/6036"}],"wp:featuredmedia":[{"embeddable":true,"href":"https:\/\/ecosentec.com\/pt\/wp-json\/wp\/v2\/media\/6034"}],"wp:attachment":[{"href":"https:\/\/ecosentec.com\/pt\/wp-json\/wp\/v2\/media?parent=5080"}],"wp:term":[{"taxonomy":"product_brand","embeddable":true,"href":"https:\/\/ecosentec.com\/pt\/wp-json\/wp\/v2\/product_brand?post=5080"},{"taxonomy":"product_cat","embeddable":true,"href":"https:\/\/ecosentec.com\/pt\/wp-json\/wp\/v2\/product_cat?post=5080"},{"taxonomy":"product_tag","embeddable":true,"href":"https:\/\/ecosentec.com\/pt\/wp-json\/wp\/v2\/product_tag?post=5080"}],"curies":[{"name":"wp","href":"https:\/\/api.w.org\/{rel}","templated":true}]}}