{"id":5079,"date":"2025-03-27T08:52:22","date_gmt":"2025-03-27T08:52:22","guid":{"rendered":"https:\/\/ecosentec.com\/?post_type=product&#038;p=5079"},"modified":"2025-03-31T08:49:52","modified_gmt":"2025-03-31T08:49:52","slug":"pluviometro-de-balde-basculante","status":"publish","type":"product","link":"https:\/\/ecosentec.com\/pt\/produto\/pluviometro-de-balde-basculante\/","title":{"rendered":"Pluvi\u00f4metro de balde basculante em a\u00e7o inoxid\u00e1vel ES-R400"},"content":{"rendered":"<p class=\"p1\">O pluvi\u00f4metro de balde basculante ES-R400, totalmente em a\u00e7o inoxid\u00e1vel, foi projetado no formato de um caractere chin\u00eas &quot;U&quot; e \u00e9 feito de a\u00e7o inoxid\u00e1vel espesso, que possui maior estabilidade central. A placa de suporte de nivelamento foi atualizada e espessada para ser mais est\u00e1vel. O interruptor reed adota uma estrutura embutida integrada e a bolha de n\u00edvel adota uma base especial, que \u00e9 bonita e generosa. O recipiente de sa\u00edda de \u00e1gua adota um design &quot;estilo labirinto&quot; e tamb\u00e9m \u00e9 elevado para garantir que a \u00e1gua da chuva n\u00e3o respingue quando o balde for virado. O terminal do interruptor reed \u00e9 fixado ao suporte do balde; a porca de ajuste de precis\u00e3o adota um design de &quot;serrilhamento reto&quot; para facilitar o ajuste manual de precis\u00e3o no local; a entrada de chuva adota uma entrada de chuva profunda por padr\u00e3o, e um dispositivo de filtro cil\u00edndrico \u00e9 usado na parte inferior, e um filtro envolto \u00e9 equipado por padr\u00e3o.<\/p>","protected":false},"excerpt":{"rendered":"<p>O pluvi\u00f4metro ES-R400, totalmente em a\u00e7o inoxid\u00e1vel, possui design em forma de &quot;U&quot; e \u00e9 feito de a\u00e7o inoxid\u00e1vel espesso, com maior estabilidade central. A placa de suporte de nivelamento foi aprimorada e refor\u00e7ada para maior estabilidade. O interruptor reed adota uma estrutura embutida integrada e a bolha de n\u00edvel adota uma base especial, que \u00e9 bonita e generosa.<\/p>","protected":false},"featured_media":5137,"template":"","meta":{"om_disable_all_campaigns":false,"_monsterinsights_skip_tracking":false,"_monsterinsights_sitenote_active":false,"_monsterinsights_sitenote_note":"","_monsterinsights_sitenote_category":0,"site-sidebar-layout":"default","site-content-layout":"default","ast-site-content-layout":"default","site-content-style":"default","site-sidebar-style":"default","ast-global-header-display":"","ast-banner-title-visibility":"","ast-main-header-display":"","ast-hfb-above-header-display":"","ast-hfb-below-header-display":"","ast-hfb-mobile-header-display":"","site-post-title":"","ast-breadcrumbs-content":"","ast-featured-img":"","footer-sml-layout":"","ast-disable-related-posts":"","theme-transparent-header-meta":"default","adv-header-id-meta":"","stick-header-meta":"","header-above-stick-meta":"","header-main-stick-meta":"","header-below-stick-meta":"","astra-migrate-meta-layouts":"set","ast-page-background-enabled":"default","ast-page-background-meta":{"desktop":{"background-color":"","background-image":"","background-repeat":"repeat","background-position":"center center","background-size":"auto","background-attachment":"scroll","background-type":"","background-media":"","overlay-type":"","overlay-color":"","overlay-opacity":"","overlay-gradient":""},"tablet":{"background-color":"","background-image":"","background-repeat":"repeat","background-position":"center center","background-size":"auto","background-attachment":"scroll","background-type":"","background-media":"","overlay-type":"","overlay-color":"","overlay-opacity":"","overlay-gradient":""},"mobile":{"background-color":"","background-image":"","background-repeat":"repeat","background-position":"center center","background-size":"auto","background-attachment":"scroll","background-type":"","background-media":"","overlay-type":"","overlay-color":"","overlay-opacity":"","overlay-gradient":""}},"ast-content-background-meta":{"desktop":{"background-color":"var(--ast-global-color-5)","background-image":"","background-repeat":"repeat","background-position":"center center","background-size":"auto","background-attachment":"scroll","background-type":"","background-media":"","overlay-type":"","overlay-color":"","overlay-opacity":"","overlay-gradient":""},"tablet":{"background-color":"var(--ast-global-color-5)","background-image":"","background-repeat":"repeat","background-position":"center center","background-size":"auto","background-attachment":"scroll","background-type":"","background-media":"","overlay-type":"","overlay-color":"","overlay-opacity":"","overlay-gradient":""},"mobile":{"background-color":"var(--ast-global-color-5)","background-image":"","background-repeat":"repeat","background-position":"center center","background-size":"auto","background-attachment":"scroll","background-type":"","background-media":"","overlay-type":"","overlay-color":"","overlay-opacity":"","overlay-gradient":""}},"_joinchat":[]},"product_brand":[],"product_cat":[80,81],"product_tag":[],"class_list":{"0":"post-5079","1":"product","2":"type-product","3":"status-publish","4":"has-post-thumbnail","6":"product_cat-precipitation-snow-visibility-sensor","7":"product_cat-rain-gauge","8":"desktop-align-left","9":"tablet-align-left","10":"mobile-align-left","12":"first","13":"instock","14":"shipping-taxable","15":"purchasable","16":"product-type-simple"},"jetpack_sharing_enabled":true,"_links":{"self":[{"href":"https:\/\/ecosentec.com\/pt\/wp-json\/wp\/v2\/product\/5079","targetHints":{"allow":["GET"]}}],"collection":[{"href":"https:\/\/ecosentec.com\/pt\/wp-json\/wp\/v2\/product"}],"about":[{"href":"https:\/\/ecosentec.com\/pt\/wp-json\/wp\/v2\/types\/product"}],"version-history":[{"count":3,"href":"https:\/\/ecosentec.com\/pt\/wp-json\/wp\/v2\/product\/5079\/revisions"}],"predecessor-version":[{"id":5553,"href":"https:\/\/ecosentec.com\/pt\/wp-json\/wp\/v2\/product\/5079\/revisions\/5553"}],"wp:featuredmedia":[{"embeddable":true,"href":"https:\/\/ecosentec.com\/pt\/wp-json\/wp\/v2\/media\/5137"}],"wp:attachment":[{"href":"https:\/\/ecosentec.com\/pt\/wp-json\/wp\/v2\/media?parent=5079"}],"wp:term":[{"taxonomy":"product_brand","embeddable":true,"href":"https:\/\/ecosentec.com\/pt\/wp-json\/wp\/v2\/product_brand?post=5079"},{"taxonomy":"product_cat","embeddable":true,"href":"https:\/\/ecosentec.com\/pt\/wp-json\/wp\/v2\/product_cat?post=5079"},{"taxonomy":"product_tag","embeddable":true,"href":"https:\/\/ecosentec.com\/pt\/wp-json\/wp\/v2\/product_tag?post=5079"}],"curies":[{"name":"wp","href":"https:\/\/api.w.org\/{rel}","templated":true}]}}