{"id":5078,"date":"2025-03-27T08:52:22","date_gmt":"2025-03-27T08:52:22","guid":{"rendered":"https:\/\/ecosentec.com\/?post_type=product&#038;p=5078"},"modified":"2025-03-31T10:02:08","modified_gmt":"2025-03-31T10:02:08","slug":"medidor-de-visibilidade","status":"publish","type":"product","link":"https:\/\/ecosentec.com\/pt\/produto\/medidor-de-visibilidade\/","title":{"rendered":"Medidor de Visibilidade ES-V226VP"},"content":{"rendered":"<p class=\"p1\">A s\u00e9rie ES-V226VP \u00e9 um medidor de visibilidade meteorol\u00f3gica profissional.<\/p>\n<p class=\"p1\">Utiliza um corpo de alum\u00ednio fundido, resistente e leve, podendo ser instalado em rodovias. O design \u00e9 extremamente compacto e port\u00e1til, podendo ser instalado em ve\u00edculos de alta velocidade.<\/p>\n<p class=\"p1\">Tamb\u00e9m pode ser fabricado em a\u00e7o inoxid\u00e1vel, totalmente adequado para uso em ambientes de alta salinidade e umidade, como navios, plataformas de perfura\u00e7\u00e3o e \u00e1reas costeiras. Al\u00e9m disso, para se adaptar ao uso em ambientes com gases inflam\u00e1veis de alto risco, esta s\u00e9rie tamb\u00e9m conta com medidores de visibilidade \u00e0 prova de explos\u00e3o.<\/p>\n<p class=\"p1\">O medidor de visibilidade da s\u00e9rie ES-V226VP pode adicionar um m\u00f3dulo de detec\u00e7\u00e3o de fen\u00f4menos meteorol\u00f3gicos, capaz de identificar os tipos de precipita\u00e7\u00e3o e queda de neve, e distinguir entre fen\u00f4menos meteorol\u00f3gicos como garoa, chuva leve, chuva moderada e chuva forte. M\u00f3dulos opcionais tamb\u00e9m podem ser usados para medir a intensidade e o ac\u00famulo de precipita\u00e7\u00e3o e queda de neve, de modo a atingir uma especialidade e m\u00faltiplas fun\u00e7\u00f5es.<\/p>\n<p class=\"p1\">Eles podem ser alimentados por uma fonte de alimenta\u00e7\u00e3o CC de 12-30 V. A lente \u00f3ptica do instrumento possui um m\u00f3dulo de controle de aquecimento autom\u00e1tico e pode funcionar normalmente mesmo em ambientes extremos, como frio intenso.<\/p>","protected":false},"excerpt":{"rendered":"<p class=\"p1\">A s\u00e9rie ES-V226VP \u00e9 um medidor de visibilidade meteorol\u00f3gica profissional. Utiliza um corpo de alum\u00ednio fundido, resistente e leve, podendo ser instalado em rodovias. O design \u00e9 extremamente compacto e port\u00e1til, podendo ser instalado em ve\u00edculos em alta velocidade.<\/p>","protected":false},"featured_media":5135,"template":"","meta":{"om_disable_all_campaigns":false,"_monsterinsights_skip_tracking":false,"_monsterinsights_sitenote_active":false,"_monsterinsights_sitenote_note":"","_monsterinsights_sitenote_category":0,"site-sidebar-layout":"default","site-content-layout":"default","ast-site-content-layout":"default","site-content-style":"default","site-sidebar-style":"default","ast-global-header-display":"","ast-banner-title-visibility":"","ast-main-header-display":"","ast-hfb-above-header-display":"","ast-hfb-below-header-display":"","ast-hfb-mobile-header-display":"","site-post-title":"","ast-breadcrumbs-content":"","ast-featured-img":"","footer-sml-layout":"","ast-disable-related-posts":"","theme-transparent-header-meta":"default","adv-header-id-meta":"","stick-header-meta":"","header-above-stick-meta":"","header-main-stick-meta":"","header-below-stick-meta":"","astra-migrate-meta-layouts":"set","ast-page-background-enabled":"default","ast-page-background-meta":{"desktop":{"background-color":"","background-image":"","background-repeat":"repeat","background-position":"center center","background-size":"auto","background-attachment":"scroll","background-type":"","background-media":"","overlay-type":"","overlay-color":"","overlay-opacity":"","overlay-gradient":""},"tablet":{"background-color":"","background-image":"","background-repeat":"repeat","background-position":"center center","background-size":"auto","background-attachment":"scroll","background-type":"","background-media":"","overlay-type":"","overlay-color":"","overlay-opacity":"","overlay-gradient":""},"mobile":{"background-color":"","background-image":"","background-repeat":"repeat","background-position":"center center","background-size":"auto","background-attachment":"scroll","background-type":"","background-media":"","overlay-type":"","overlay-color":"","overlay-opacity":"","overlay-gradient":""}},"ast-content-background-meta":{"desktop":{"background-color":"var(--ast-global-color-5)","background-image":"","background-repeat":"repeat","background-position":"center center","background-size":"auto","background-attachment":"scroll","background-type":"","background-media":"","overlay-type":"","overlay-color":"","overlay-opacity":"","overlay-gradient":""},"tablet":{"background-color":"var(--ast-global-color-5)","background-image":"","background-repeat":"repeat","background-position":"center center","background-size":"auto","background-attachment":"scroll","background-type":"","background-media":"","overlay-type":"","overlay-color":"","overlay-opacity":"","overlay-gradient":""},"mobile":{"background-color":"var(--ast-global-color-5)","background-image":"","background-repeat":"repeat","background-position":"center center","background-size":"auto","background-attachment":"scroll","background-type":"","background-media":"","overlay-type":"","overlay-color":"","overlay-opacity":"","overlay-gradient":""}},"_joinchat":[]},"product_brand":[],"product_cat":[80,83],"product_tag":[],"class_list":{"0":"post-5078","1":"product","2":"type-product","3":"status-publish","4":"has-post-thumbnail","6":"product_cat-precipitation-snow-visibility-sensor","7":"product_cat-visibility-sensor","8":"desktop-align-left","9":"tablet-align-left","10":"mobile-align-left","12":"first","13":"instock","14":"shipping-taxable","15":"purchasable","16":"product-type-simple"},"jetpack_sharing_enabled":true,"_links":{"self":[{"href":"https:\/\/ecosentec.com\/pt\/wp-json\/wp\/v2\/product\/5078","targetHints":{"allow":["GET"]}}],"collection":[{"href":"https:\/\/ecosentec.com\/pt\/wp-json\/wp\/v2\/product"}],"about":[{"href":"https:\/\/ecosentec.com\/pt\/wp-json\/wp\/v2\/types\/product"}],"version-history":[{"count":5,"href":"https:\/\/ecosentec.com\/pt\/wp-json\/wp\/v2\/product\/5078\/revisions"}],"predecessor-version":[{"id":5613,"href":"https:\/\/ecosentec.com\/pt\/wp-json\/wp\/v2\/product\/5078\/revisions\/5613"}],"wp:featuredmedia":[{"embeddable":true,"href":"https:\/\/ecosentec.com\/pt\/wp-json\/wp\/v2\/media\/5135"}],"wp:attachment":[{"href":"https:\/\/ecosentec.com\/pt\/wp-json\/wp\/v2\/media?parent=5078"}],"wp:term":[{"taxonomy":"product_brand","embeddable":true,"href":"https:\/\/ecosentec.com\/pt\/wp-json\/wp\/v2\/product_brand?post=5078"},{"taxonomy":"product_cat","embeddable":true,"href":"https:\/\/ecosentec.com\/pt\/wp-json\/wp\/v2\/product_cat?post=5078"},{"taxonomy":"product_tag","embeddable":true,"href":"https:\/\/ecosentec.com\/pt\/wp-json\/wp\/v2\/product_tag?post=5078"}],"curies":[{"name":"wp","href":"https:\/\/api.w.org\/{rel}","templated":true}]}}