{"id":5076,"date":"2025-03-27T08:52:22","date_gmt":"2025-03-27T08:52:22","guid":{"rendered":"https:\/\/ecosentec.com\/?post_type=product&#038;p=5076"},"modified":"2025-03-31T10:32:30","modified_gmt":"2025-03-31T10:32:30","slug":"sensor-ultrassonico-de-profundidade-de-neve","status":"publish","type":"product","link":"https:\/\/ecosentec.com\/pt\/produto\/sensor-ultrassonico-de-profundidade-de-neve\/","title":{"rendered":"Sensor ultrass\u00f4nico de profundidade de neve ES-R226U"},"content":{"rendered":"<p class=\"p1\">O sensor ultrass\u00f4nico de profundidade de neve ES-R226U, aproveitando as vantagens de diversos instrumentos de medi\u00e7\u00e3o de n\u00edvel, \u00e9 universal e caracterizado por um design totalmente digitalizado e humanizado. Possui monitoramento de n\u00edvel, transmiss\u00e3o de dados e comunica\u00e7\u00e3o homem-m\u00e1quina perfeitos.<\/p>\n<p class=\"p1\">Possui forte desempenho antiparasit\u00e1rio; configura\u00e7\u00e3o livre de limites superior e inferior e regula\u00e7\u00e3o de sa\u00edda online, indica\u00e7\u00e3o no local, anal\u00f3gico opcional, valor de comuta\u00e7\u00e3o e sa\u00edda RS485, al\u00e9m de f\u00e1cil conex\u00e3o com a unidade principal. A tampa, feita de pl\u00e1stico de engenharia \u00e0 prova d&#039;\u00e1gua, \u00e9 pequena e firme, com sonda ABS. Portanto, \u00e9 aplic\u00e1vel a diversas \u00e1reas de medi\u00e7\u00e3o e monitoramento de n\u00edvel. De acordo com a situa\u00e7\u00e3o pr\u00e1tica, tamb\u00e9m pode adicionar outros m\u00f3dulos, como RS485 e sa\u00edda de corrente; pode ser melhor integrado ao CLP.<\/p>","protected":false},"excerpt":{"rendered":"<p>O sensor ultrass\u00f4nico de profundidade de neve ES-R226U, aproveitando as vantagens de diversos instrumentos de medi\u00e7\u00e3o de n\u00edvel, \u00e9 universal e caracterizado por um design totalmente digitalizado e humanizado. Possui monitoramento de n\u00edvel, transmiss\u00e3o de dados e comunica\u00e7\u00e3o homem-m\u00e1quina perfeitos.<\/p>","protected":false},"featured_media":5639,"template":"","meta":{"om_disable_all_campaigns":false,"_monsterinsights_skip_tracking":false,"_monsterinsights_sitenote_active":false,"_monsterinsights_sitenote_note":"","_monsterinsights_sitenote_category":0,"site-sidebar-layout":"default","site-content-layout":"default","ast-site-content-layout":"default","site-content-style":"default","site-sidebar-style":"default","ast-global-header-display":"","ast-banner-title-visibility":"","ast-main-header-display":"","ast-hfb-above-header-display":"","ast-hfb-below-header-display":"","ast-hfb-mobile-header-display":"","site-post-title":"","ast-breadcrumbs-content":"","ast-featured-img":"","footer-sml-layout":"","ast-disable-related-posts":"","theme-transparent-header-meta":"default","adv-header-id-meta":"","stick-header-meta":"","header-above-stick-meta":"","header-main-stick-meta":"","header-below-stick-meta":"","astra-migrate-meta-layouts":"set","ast-page-background-enabled":"default","ast-page-background-meta":{"desktop":{"background-color":"","background-image":"","background-repeat":"repeat","background-position":"center center","background-size":"auto","background-attachment":"scroll","background-type":"","background-media":"","overlay-type":"","overlay-color":"","overlay-opacity":"","overlay-gradient":""},"tablet":{"background-color":"","background-image":"","background-repeat":"repeat","background-position":"center center","background-size":"auto","background-attachment":"scroll","background-type":"","background-media":"","overlay-type":"","overlay-color":"","overlay-opacity":"","overlay-gradient":""},"mobile":{"background-color":"","background-image":"","background-repeat":"repeat","background-position":"center center","background-size":"auto","background-attachment":"scroll","background-type":"","background-media":"","overlay-type":"","overlay-color":"","overlay-opacity":"","overlay-gradient":""}},"ast-content-background-meta":{"desktop":{"background-color":"var(--ast-global-color-5)","background-image":"","background-repeat":"repeat","background-position":"center center","background-size":"auto","background-attachment":"scroll","background-type":"","background-media":"","overlay-type":"","overlay-color":"","overlay-opacity":"","overlay-gradient":""},"tablet":{"background-color":"var(--ast-global-color-5)","background-image":"","background-repeat":"repeat","background-position":"center center","background-size":"auto","background-attachment":"scroll","background-type":"","background-media":"","overlay-type":"","overlay-color":"","overlay-opacity":"","overlay-gradient":""},"mobile":{"background-color":"var(--ast-global-color-5)","background-image":"","background-repeat":"repeat","background-position":"center center","background-size":"auto","background-attachment":"scroll","background-type":"","background-media":"","overlay-type":"","overlay-color":"","overlay-opacity":"","overlay-gradient":""}},"_joinchat":[]},"product_brand":[],"product_cat":[80,82],"product_tag":[],"class_list":{"0":"post-5076","1":"product","2":"type-product","3":"status-publish","4":"has-post-thumbnail","6":"product_cat-precipitation-snow-visibility-sensor","7":"product_cat-snow-sensor","8":"desktop-align-left","9":"tablet-align-left","10":"mobile-align-left","12":"first","13":"instock","14":"shipping-taxable","15":"purchasable","16":"product-type-simple"},"jetpack_sharing_enabled":true,"_links":{"self":[{"href":"https:\/\/ecosentec.com\/pt\/wp-json\/wp\/v2\/product\/5076","targetHints":{"allow":["GET"]}}],"collection":[{"href":"https:\/\/ecosentec.com\/pt\/wp-json\/wp\/v2\/product"}],"about":[{"href":"https:\/\/ecosentec.com\/pt\/wp-json\/wp\/v2\/types\/product"}],"version-history":[{"count":2,"href":"https:\/\/ecosentec.com\/pt\/wp-json\/wp\/v2\/product\/5076\/revisions"}],"predecessor-version":[{"id":5640,"href":"https:\/\/ecosentec.com\/pt\/wp-json\/wp\/v2\/product\/5076\/revisions\/5640"}],"wp:featuredmedia":[{"embeddable":true,"href":"https:\/\/ecosentec.com\/pt\/wp-json\/wp\/v2\/media\/5639"}],"wp:attachment":[{"href":"https:\/\/ecosentec.com\/pt\/wp-json\/wp\/v2\/media?parent=5076"}],"wp:term":[{"taxonomy":"product_brand","embeddable":true,"href":"https:\/\/ecosentec.com\/pt\/wp-json\/wp\/v2\/product_brand?post=5076"},{"taxonomy":"product_cat","embeddable":true,"href":"https:\/\/ecosentec.com\/pt\/wp-json\/wp\/v2\/product_cat?post=5076"},{"taxonomy":"product_tag","embeddable":true,"href":"https:\/\/ecosentec.com\/pt\/wp-json\/wp\/v2\/product_tag?post=5076"}],"curies":[{"name":"wp","href":"https:\/\/api.w.org\/{rel}","templated":true}]}}