{"id":5075,"date":"2025-03-27T08:52:22","date_gmt":"2025-03-27T08:52:22","guid":{"rendered":"https:\/\/ecosentec.com\/?post_type=product&#038;p=5075"},"modified":"2025-06-18T10:13:31","modified_gmt":"2025-06-18T10:13:31","slug":"detector-de-precipitacao-por-radar","status":"publish","type":"product","link":"https:\/\/ecosentec.com\/pt\/produto\/detector-de-precipitacao-por-radar\/","title":{"rendered":"Detector de precipita\u00e7\u00e3o por radar ES-R226R"},"content":{"rendered":"<p class=\"p1\"><span class=\"s1\">ES-R226<\/span>R \u00e9 um sensor que utiliza um m\u00f3dulo de radar plano avan\u00e7ado e tecnologia de ondas de radar para detectar chuva. Ele consegue distinguir os tipos de chuva, neve e granizo, bem como a intensidade da precipita\u00e7\u00e3o. <span class=\"s1\">ES-R226<\/span>O detector de chuva por radar R \u00e9 mais sens\u00edvel e r\u00e1pido do que o m\u00e9todo tradicional de detec\u00e7\u00e3o mec\u00e2nica de chuva para detectar o in\u00edcio e o fim da chuva, e n\u00e3o precisa se preocupar com a influ\u00eancia de folhas e outros objetos cobrindo a superf\u00edcie do detector na detec\u00e7\u00e3o de chuva. Possui dispositivo de aquecimento para evitar a forma\u00e7\u00e3o de gelo. N\u00e3o possui partes m\u00f3veis. <span class=\"s1\">ES-R226<\/span>Detector R, que quase n\u00e3o necessita de manuten\u00e7\u00e3o, \u00e9 pequeno em tamanho e tem baixo consumo de energia.<\/p>","protected":false},"excerpt":{"rendered":"<p class=\"p1\"><span class=\"s1\">ES-R226<\/span>R \u00e9 um sensor que utiliza um m\u00f3dulo de radar plano avan\u00e7ado e tecnologia de ondas de radar para detectar chuva. Ele consegue distinguir os tipos de chuva, neve e granizo, bem como a intensidade da precipita\u00e7\u00e3o. <span class=\"s1\">ES-R226<\/span>O detector de chuva por radar R \u00e9 mais sens\u00edvel e r\u00e1pido do que o m\u00e9todo tradicional de detec\u00e7\u00e3o mec\u00e2nica de chuva para detectar o in\u00edcio e o fim da chuva, e n\u00e3o precisa se preocupar com a influ\u00eancia de folhas e outros objetos cobrindo a superf\u00edcie do detector na detec\u00e7\u00e3o de chuva. Possui dispositivo de aquecimento para evitar a forma\u00e7\u00e3o de gelo. N\u00e3o possui partes m\u00f3veis. <span class=\"s1\">ES-R226<\/span>Detector R, que quase n\u00e3o necessita de manuten\u00e7\u00e3o, \u00e9 pequeno em tamanho e tem baixo consumo de energia.<\/p>","protected":false},"featured_media":5645,"template":"","meta":{"om_disable_all_campaigns":false,"_monsterinsights_skip_tracking":false,"_monsterinsights_sitenote_active":false,"_monsterinsights_sitenote_note":"","_monsterinsights_sitenote_category":0,"site-sidebar-layout":"default","site-content-layout":"default","ast-site-content-layout":"default","site-content-style":"default","site-sidebar-style":"default","ast-global-header-display":"","ast-banner-title-visibility":"","ast-main-header-display":"","ast-hfb-above-header-display":"","ast-hfb-below-header-display":"","ast-hfb-mobile-header-display":"","site-post-title":"","ast-breadcrumbs-content":"","ast-featured-img":"","footer-sml-layout":"","ast-disable-related-posts":"","theme-transparent-header-meta":"default","adv-header-id-meta":"","stick-header-meta":"","header-above-stick-meta":"","header-main-stick-meta":"","header-below-stick-meta":"","astra-migrate-meta-layouts":"set","ast-page-background-enabled":"default","ast-page-background-meta":{"desktop":{"background-color":"","background-image":"","background-repeat":"repeat","background-position":"center center","background-size":"auto","background-attachment":"scroll","background-type":"","background-media":"","overlay-type":"","overlay-color":"","overlay-opacity":"","overlay-gradient":""},"tablet":{"background-color":"","background-image":"","background-repeat":"repeat","background-position":"center center","background-size":"auto","background-attachment":"scroll","background-type":"","background-media":"","overlay-type":"","overlay-color":"","overlay-opacity":"","overlay-gradient":""},"mobile":{"background-color":"","background-image":"","background-repeat":"repeat","background-position":"center center","background-size":"auto","background-attachment":"scroll","background-type":"","background-media":"","overlay-type":"","overlay-color":"","overlay-opacity":"","overlay-gradient":""}},"ast-content-background-meta":{"desktop":{"background-color":"var(--ast-global-color-5)","background-image":"","background-repeat":"repeat","background-position":"center center","background-size":"auto","background-attachment":"scroll","background-type":"","background-media":"","overlay-type":"","overlay-color":"","overlay-opacity":"","overlay-gradient":""},"tablet":{"background-color":"var(--ast-global-color-5)","background-image":"","background-repeat":"repeat","background-position":"center center","background-size":"auto","background-attachment":"scroll","background-type":"","background-media":"","overlay-type":"","overlay-color":"","overlay-opacity":"","overlay-gradient":""},"mobile":{"background-color":"var(--ast-global-color-5)","background-image":"","background-repeat":"repeat","background-position":"center center","background-size":"auto","background-attachment":"scroll","background-type":"","background-media":"","overlay-type":"","overlay-color":"","overlay-opacity":"","overlay-gradient":""}},"_joinchat":[]},"product_brand":[],"product_cat":[80,81],"product_tag":[294],"class_list":{"0":"post-5075","1":"product","2":"type-product","3":"status-publish","4":"has-post-thumbnail","6":"product_cat-precipitation-snow-visibility-sensor","7":"product_cat-rain-gauge","8":"product_tag-rain-gauge","9":"desktop-align-left","10":"tablet-align-left","11":"mobile-align-left","13":"first","14":"instock","15":"shipping-taxable","16":"purchasable","17":"product-type-simple"},"jetpack_sharing_enabled":true,"_links":{"self":[{"href":"https:\/\/ecosentec.com\/pt\/wp-json\/wp\/v2\/product\/5075","targetHints":{"allow":["GET"]}}],"collection":[{"href":"https:\/\/ecosentec.com\/pt\/wp-json\/wp\/v2\/product"}],"about":[{"href":"https:\/\/ecosentec.com\/pt\/wp-json\/wp\/v2\/types\/product"}],"version-history":[{"count":3,"href":"https:\/\/ecosentec.com\/pt\/wp-json\/wp\/v2\/product\/5075\/revisions"}],"predecessor-version":[{"id":5647,"href":"https:\/\/ecosentec.com\/pt\/wp-json\/wp\/v2\/product\/5075\/revisions\/5647"}],"wp:featuredmedia":[{"embeddable":true,"href":"https:\/\/ecosentec.com\/pt\/wp-json\/wp\/v2\/media\/5645"}],"wp:attachment":[{"href":"https:\/\/ecosentec.com\/pt\/wp-json\/wp\/v2\/media?parent=5075"}],"wp:term":[{"taxonomy":"product_brand","embeddable":true,"href":"https:\/\/ecosentec.com\/pt\/wp-json\/wp\/v2\/product_brand?post=5075"},{"taxonomy":"product_cat","embeddable":true,"href":"https:\/\/ecosentec.com\/pt\/wp-json\/wp\/v2\/product_cat?post=5075"},{"taxonomy":"product_tag","embeddable":true,"href":"https:\/\/ecosentec.com\/pt\/wp-json\/wp\/v2\/product_tag?post=5075"}],"curies":[{"name":"wp","href":"https:\/\/api.w.org\/{rel}","templated":true}]}}