{"id":5046,"date":"2025-03-27T08:51:47","date_gmt":"2025-03-27T08:51:47","guid":{"rendered":"https:\/\/ecosentec.com\/?post_type=product&#038;p=5046"},"modified":"2025-03-31T09:54:47","modified_gmt":"2025-03-31T09:54:47","slug":"transmissor-de-visibilidade-uav","status":"publish","type":"product","link":"https:\/\/ecosentec.com\/pt\/produto\/transmissor-de-visibilidade-uav\/","title":{"rendered":"Transmissor de visibilidade UAV ES-V226W2"},"content":{"rendered":"<p class=\"p1\">O transmissor de visibilidade ES-V226W2 foi projetado para monitorar e coletar dados meteorol\u00f3gicos no ar quando aeronaves n\u00e3o tripuladas ou pequenas aeronaves de inspe\u00e7\u00e3o n\u00e3o tripuladas est\u00e3o em voo;<\/p>\n<p class=\"p1\">O transmissor de visibilidade ES-V226W2 tem apar\u00eancia compacta e utiliza o princ\u00edpio de espalhamento frontal para medir a visibilidade atmosf\u00e9rica. Ele pode operar normalmente a uma altitude de 4.000 metros e em um ambiente de -20 graus Celsius.<\/p>\n<p class=\"p1\">O medidor de visibilidade ES-V226W2 tem apar\u00eancia plana e \u00e9 i\u00e7ado na parte inferior da aeronave, com baixa resist\u00eancia ao vento. Os usu\u00e1rios podem escolher entre ABS e materiais de revestimento de liga de alum\u00ednio, conforme necess\u00e1rio, e tamb\u00e9m podem escolher sensores de temperatura, umidade e press\u00e3o atmosf\u00e9rica.<\/p>\n<p class=\"p1\">O medidor de visibilidade ES-V226W2 3 consome apenas 0,9 watts de energia, o que o torna muito adequado para pequenas plataformas UAV e sistemas de controle de voo, bem como para uso de aeronaves para inspe\u00e7\u00f5es ambientais de baixa altitude.<\/p>","protected":false},"excerpt":{"rendered":"<p>O transmissor de visibilidade ES-V226W2 foi projetado para monitorar e coletar dados meteorol\u00f3gicos no ar quando aeronaves n\u00e3o tripuladas ou pequenas aeronaves de inspe\u00e7\u00e3o n\u00e3o tripuladas est\u00e3o em voo;<\/p>","protected":false},"featured_media":5608,"template":"","meta":{"om_disable_all_campaigns":false,"_monsterinsights_skip_tracking":false,"_monsterinsights_sitenote_active":false,"_monsterinsights_sitenote_note":"","_monsterinsights_sitenote_category":0,"site-sidebar-layout":"default","site-content-layout":"default","ast-site-content-layout":"default","site-content-style":"default","site-sidebar-style":"default","ast-global-header-display":"","ast-banner-title-visibility":"","ast-main-header-display":"","ast-hfb-above-header-display":"","ast-hfb-below-header-display":"","ast-hfb-mobile-header-display":"","site-post-title":"","ast-breadcrumbs-content":"","ast-featured-img":"","footer-sml-layout":"","ast-disable-related-posts":"","theme-transparent-header-meta":"default","adv-header-id-meta":"","stick-header-meta":"","header-above-stick-meta":"","header-main-stick-meta":"","header-below-stick-meta":"","astra-migrate-meta-layouts":"set","ast-page-background-enabled":"default","ast-page-background-meta":{"desktop":{"background-color":"","background-image":"","background-repeat":"repeat","background-position":"center center","background-size":"auto","background-attachment":"scroll","background-type":"","background-media":"","overlay-type":"","overlay-color":"","overlay-opacity":"","overlay-gradient":""},"tablet":{"background-color":"","background-image":"","background-repeat":"repeat","background-position":"center center","background-size":"auto","background-attachment":"scroll","background-type":"","background-media":"","overlay-type":"","overlay-color":"","overlay-opacity":"","overlay-gradient":""},"mobile":{"background-color":"","background-image":"","background-repeat":"repeat","background-position":"center center","background-size":"auto","background-attachment":"scroll","background-type":"","background-media":"","overlay-type":"","overlay-color":"","overlay-opacity":"","overlay-gradient":""}},"ast-content-background-meta":{"desktop":{"background-color":"var(--ast-global-color-5)","background-image":"","background-repeat":"repeat","background-position":"center center","background-size":"auto","background-attachment":"scroll","background-type":"","background-media":"","overlay-type":"","overlay-color":"","overlay-opacity":"","overlay-gradient":""},"tablet":{"background-color":"var(--ast-global-color-5)","background-image":"","background-repeat":"repeat","background-position":"center center","background-size":"auto","background-attachment":"scroll","background-type":"","background-media":"","overlay-type":"","overlay-color":"","overlay-opacity":"","overlay-gradient":""},"mobile":{"background-color":"var(--ast-global-color-5)","background-image":"","background-repeat":"repeat","background-position":"center center","background-size":"auto","background-attachment":"scroll","background-type":"","background-media":"","overlay-type":"","overlay-color":"","overlay-opacity":"","overlay-gradient":""}},"_joinchat":[]},"product_brand":[],"product_cat":[80,83],"product_tag":[],"class_list":{"0":"post-5046","1":"product","2":"type-product","3":"status-publish","4":"has-post-thumbnail","6":"product_cat-precipitation-snow-visibility-sensor","7":"product_cat-visibility-sensor","8":"desktop-align-left","9":"tablet-align-left","10":"mobile-align-left","12":"first","13":"instock","14":"shipping-taxable","15":"purchasable","16":"product-type-simple"},"jetpack_sharing_enabled":true,"_links":{"self":[{"href":"https:\/\/ecosentec.com\/pt\/wp-json\/wp\/v2\/product\/5046","targetHints":{"allow":["GET"]}}],"collection":[{"href":"https:\/\/ecosentec.com\/pt\/wp-json\/wp\/v2\/product"}],"about":[{"href":"https:\/\/ecosentec.com\/pt\/wp-json\/wp\/v2\/types\/product"}],"version-history":[{"count":2,"href":"https:\/\/ecosentec.com\/pt\/wp-json\/wp\/v2\/product\/5046\/revisions"}],"predecessor-version":[{"id":5609,"href":"https:\/\/ecosentec.com\/pt\/wp-json\/wp\/v2\/product\/5046\/revisions\/5609"}],"wp:featuredmedia":[{"embeddable":true,"href":"https:\/\/ecosentec.com\/pt\/wp-json\/wp\/v2\/media\/5608"}],"wp:attachment":[{"href":"https:\/\/ecosentec.com\/pt\/wp-json\/wp\/v2\/media?parent=5046"}],"wp:term":[{"taxonomy":"product_brand","embeddable":true,"href":"https:\/\/ecosentec.com\/pt\/wp-json\/wp\/v2\/product_brand?post=5046"},{"taxonomy":"product_cat","embeddable":true,"href":"https:\/\/ecosentec.com\/pt\/wp-json\/wp\/v2\/product_cat?post=5046"},{"taxonomy":"product_tag","embeddable":true,"href":"https:\/\/ecosentec.com\/pt\/wp-json\/wp\/v2\/product_tag?post=5046"}],"curies":[{"name":"wp","href":"https:\/\/api.w.org\/{rel}","templated":true}]}}