{"id":5042,"date":"2025-03-27T08:51:47","date_gmt":"2025-03-27T08:51:47","guid":{"rendered":"https:\/\/ecosentec.com\/?post_type=product&#038;p=5042"},"modified":"2025-04-12T08:37:20","modified_gmt":"2025-04-12T08:37:20","slug":"detector-de-solo-tubular","status":"publish","type":"product","link":"https:\/\/ecosentec.com\/pt\/produto\/detector-de-solo-tubular\/","title":{"rendered":"ES-S2254 Detector de umidade do solo tubular"},"content":{"rendered":"<p class=\"p1\">O Detector Tubular de Umidade do Solo ES-S2254 adota uma estrutura de observa\u00e7\u00e3o em camadas. Por padr\u00e3o, um ponto de medi\u00e7\u00e3o de temperatura e umidade do solo \u00e9 configurado a cada 10 cm para observar a temperatura e a umidade do solo dentro da faixa correspondente. A estrutura de detec\u00e7\u00e3o de diferentes alturas pode ser personalizada de acordo com os requisitos do projeto, permitindo o monitoramento online em tempo real da temperatura e da umidade em diferentes camadas do solo. Ao mesmo tempo, elementos de monitoramento como \u00e2ngulo de inclina\u00e7\u00e3o, acelera\u00e7\u00e3o e condutividade podem ser integrados como opcionais. O tubo pl\u00e1stico industrial de PVC de alta resist\u00eancia, com revestimento interno de resina ep\u00f3xi, n\u00e3o \u00e9 afetado por \u00edons salinos presentes no solo, e atividades agr\u00edcolas como fertilizantes, pesticidas e irriga\u00e7\u00e3o n\u00e3o afetar\u00e3o os resultados da medi\u00e7\u00e3o.<\/p>","protected":false},"excerpt":{"rendered":"<p>O Detector Tubular de Umidade do Solo ES-S2254 adota uma estrutura de observa\u00e7\u00e3o em camadas. Por padr\u00e3o, um ponto de medi\u00e7\u00e3o de temperatura e umidade do solo \u00e9 configurado a cada 10 cm para observar a temperatura e a umidade do solo dentro da faixa correspondente.<\/p>","protected":false},"featured_media":6163,"template":"","meta":{"om_disable_all_campaigns":false,"_monsterinsights_skip_tracking":false,"_monsterinsights_sitenote_active":false,"_monsterinsights_sitenote_note":"","_monsterinsights_sitenote_category":0,"site-sidebar-layout":"default","site-content-layout":"default","ast-site-content-layout":"default","site-content-style":"default","site-sidebar-style":"default","ast-global-header-display":"","ast-banner-title-visibility":"","ast-main-header-display":"","ast-hfb-above-header-display":"","ast-hfb-below-header-display":"","ast-hfb-mobile-header-display":"","site-post-title":"","ast-breadcrumbs-content":"","ast-featured-img":"","footer-sml-layout":"","ast-disable-related-posts":"","theme-transparent-header-meta":"default","adv-header-id-meta":"","stick-header-meta":"","header-above-stick-meta":"","header-main-stick-meta":"","header-below-stick-meta":"","astra-migrate-meta-layouts":"set","ast-page-background-enabled":"default","ast-page-background-meta":{"desktop":{"background-color":"","background-image":"","background-repeat":"repeat","background-position":"center center","background-size":"auto","background-attachment":"scroll","background-type":"","background-media":"","overlay-type":"","overlay-color":"","overlay-opacity":"","overlay-gradient":""},"tablet":{"background-color":"","background-image":"","background-repeat":"repeat","background-position":"center center","background-size":"auto","background-attachment":"scroll","background-type":"","background-media":"","overlay-type":"","overlay-color":"","overlay-opacity":"","overlay-gradient":""},"mobile":{"background-color":"","background-image":"","background-repeat":"repeat","background-position":"center center","background-size":"auto","background-attachment":"scroll","background-type":"","background-media":"","overlay-type":"","overlay-color":"","overlay-opacity":"","overlay-gradient":""}},"ast-content-background-meta":{"desktop":{"background-color":"var(--ast-global-color-5)","background-image":"","background-repeat":"repeat","background-position":"center center","background-size":"auto","background-attachment":"scroll","background-type":"","background-media":"","overlay-type":"","overlay-color":"","overlay-opacity":"","overlay-gradient":""},"tablet":{"background-color":"var(--ast-global-color-5)","background-image":"","background-repeat":"repeat","background-position":"center center","background-size":"auto","background-attachment":"scroll","background-type":"","background-media":"","overlay-type":"","overlay-color":"","overlay-opacity":"","overlay-gradient":""},"mobile":{"background-color":"var(--ast-global-color-5)","background-image":"","background-repeat":"repeat","background-position":"center center","background-size":"auto","background-attachment":"scroll","background-type":"","background-media":"","overlay-type":"","overlay-color":"","overlay-opacity":"","overlay-gradient":""}},"_joinchat":[]},"product_brand":[],"product_cat":[94,95],"product_tag":[],"class_list":{"0":"post-5042","1":"product","2":"type-product","3":"status-publish","4":"has-post-thumbnail","6":"product_cat-agro-soil-sensor","7":"product_cat-soil-sensor","8":"desktop-align-left","9":"tablet-align-left","10":"mobile-align-left","12":"first","13":"instock","14":"shipping-taxable","15":"purchasable","16":"product-type-simple"},"jetpack_sharing_enabled":true,"_links":{"self":[{"href":"https:\/\/ecosentec.com\/pt\/wp-json\/wp\/v2\/product\/5042","targetHints":{"allow":["GET"]}}],"collection":[{"href":"https:\/\/ecosentec.com\/pt\/wp-json\/wp\/v2\/product"}],"about":[{"href":"https:\/\/ecosentec.com\/pt\/wp-json\/wp\/v2\/types\/product"}],"version-history":[{"count":3,"href":"https:\/\/ecosentec.com\/pt\/wp-json\/wp\/v2\/product\/5042\/revisions"}],"predecessor-version":[{"id":6165,"href":"https:\/\/ecosentec.com\/pt\/wp-json\/wp\/v2\/product\/5042\/revisions\/6165"}],"wp:featuredmedia":[{"embeddable":true,"href":"https:\/\/ecosentec.com\/pt\/wp-json\/wp\/v2\/media\/6163"}],"wp:attachment":[{"href":"https:\/\/ecosentec.com\/pt\/wp-json\/wp\/v2\/media?parent=5042"}],"wp:term":[{"taxonomy":"product_brand","embeddable":true,"href":"https:\/\/ecosentec.com\/pt\/wp-json\/wp\/v2\/product_brand?post=5042"},{"taxonomy":"product_cat","embeddable":true,"href":"https:\/\/ecosentec.com\/pt\/wp-json\/wp\/v2\/product_cat?post=5042"},{"taxonomy":"product_tag","embeddable":true,"href":"https:\/\/ecosentec.com\/pt\/wp-json\/wp\/v2\/product_tag?post=5042"}],"curies":[{"name":"wp","href":"https:\/\/api.w.org\/{rel}","templated":true}]}}