{"id":5040,"date":"2025-03-27T08:51:46","date_gmt":"2025-03-27T08:51:46","guid":{"rendered":"https:\/\/ecosentec.com\/?post_type=product&#038;p=5040"},"modified":"2025-06-11T10:40:09","modified_gmt":"2025-06-11T10:40:09","slug":"testador-rapido-de-solo","status":"publish","type":"product","link":"https:\/\/ecosentec.com\/pt\/produto\/testador-rapido-de-solo\/","title":{"rendered":"Testador r\u00e1pido de solo ES-S2252"},"content":{"rendered":"<p class=\"p1\">O testador r\u00e1pido de solo ES-S2252 \u00e9 um sensor desenvolvido por nossa empresa para detectar rapidamente os componentes do solo. O formato do sensor adota um design port\u00e1til, conveniente para o usu\u00e1rio. A sonda adota um design de quatro pinos e \u00e9 feita de a\u00e7o inoxid\u00e1vel. Possui boa resist\u00eancia \u00e0 corros\u00e3o e alta tenacidade.<\/p>\n<p class=\"p1\">O sensor pode detectar e exibir com precis\u00e3o uma variedade de componentes no solo em tempo real, como: temperatura e umidade do solo, condutividade do solo e componentes de nitrog\u00eanio, f\u00f3sforo e pot\u00e1ssio do solo; os indicadores de composi\u00e7\u00e3o do solo desempenham um papel muito importante no crescimento das planta\u00e7\u00f5es, usando nossa pesquisa e desenvolvimento. O detector pode detectar com precis\u00e3o v\u00e1rios componentes no solo e melhor\u00e1-lo por meio dos dados detectados para atingir o objetivo de monitorar o fornecimento de nutrientes \u00e0s plantas, para que as planta\u00e7\u00f5es estejam no melhor ambiente de vida, aumentando assim o rendimento.<\/p>","protected":false},"excerpt":{"rendered":"<p>O testador r\u00e1pido de solo ES-S2252 \u00e9 um sensor desenvolvido por nossa empresa para detectar rapidamente os componentes do solo. O formato do sensor adota um design port\u00e1til, conveniente para o usu\u00e1rio. A sonda adota um design de quatro pinos e \u00e9 feita de a\u00e7o inoxid\u00e1vel. Possui boa resist\u00eancia \u00e0 corros\u00e3o e alta tenacidade.<\/p>","protected":false},"featured_media":6147,"template":"","meta":{"om_disable_all_campaigns":false,"_monsterinsights_skip_tracking":false,"_monsterinsights_sitenote_active":false,"_monsterinsights_sitenote_note":"","_monsterinsights_sitenote_category":0,"site-sidebar-layout":"default","site-content-layout":"default","ast-site-content-layout":"default","site-content-style":"default","site-sidebar-style":"default","ast-global-header-display":"","ast-banner-title-visibility":"","ast-main-header-display":"","ast-hfb-above-header-display":"","ast-hfb-below-header-display":"","ast-hfb-mobile-header-display":"","site-post-title":"","ast-breadcrumbs-content":"","ast-featured-img":"","footer-sml-layout":"","ast-disable-related-posts":"","theme-transparent-header-meta":"default","adv-header-id-meta":"","stick-header-meta":"","header-above-stick-meta":"","header-main-stick-meta":"","header-below-stick-meta":"","astra-migrate-meta-layouts":"set","ast-page-background-enabled":"default","ast-page-background-meta":{"desktop":{"background-color":"","background-image":"","background-repeat":"repeat","background-position":"center center","background-size":"auto","background-attachment":"scroll","background-type":"","background-media":"","overlay-type":"","overlay-color":"","overlay-opacity":"","overlay-gradient":""},"tablet":{"background-color":"","background-image":"","background-repeat":"repeat","background-position":"center center","background-size":"auto","background-attachment":"scroll","background-type":"","background-media":"","overlay-type":"","overlay-color":"","overlay-opacity":"","overlay-gradient":""},"mobile":{"background-color":"","background-image":"","background-repeat":"repeat","background-position":"center center","background-size":"auto","background-attachment":"scroll","background-type":"","background-media":"","overlay-type":"","overlay-color":"","overlay-opacity":"","overlay-gradient":""}},"ast-content-background-meta":{"desktop":{"background-color":"var(--ast-global-color-5)","background-image":"","background-repeat":"repeat","background-position":"center center","background-size":"auto","background-attachment":"scroll","background-type":"","background-media":"","overlay-type":"","overlay-color":"","overlay-opacity":"","overlay-gradient":""},"tablet":{"background-color":"var(--ast-global-color-5)","background-image":"","background-repeat":"repeat","background-position":"center center","background-size":"auto","background-attachment":"scroll","background-type":"","background-media":"","overlay-type":"","overlay-color":"","overlay-opacity":"","overlay-gradient":""},"mobile":{"background-color":"var(--ast-global-color-5)","background-image":"","background-repeat":"repeat","background-position":"center center","background-size":"auto","background-attachment":"scroll","background-type":"","background-media":"","overlay-type":"","overlay-color":"","overlay-opacity":"","overlay-gradient":""}},"_joinchat":[]},"product_brand":[],"product_cat":[94,95],"product_tag":[292],"class_list":{"0":"post-5040","1":"product","2":"type-product","3":"status-publish","4":"has-post-thumbnail","6":"product_cat-agro-soil-sensor","7":"product_cat-soil-sensor","8":"product_tag-soil-sensor","9":"desktop-align-left","10":"tablet-align-left","11":"mobile-align-left","13":"first","14":"instock","15":"shipping-taxable","16":"purchasable","17":"product-type-simple"},"jetpack_sharing_enabled":true,"_links":{"self":[{"href":"https:\/\/ecosentec.com\/pt\/wp-json\/wp\/v2\/product\/5040","targetHints":{"allow":["GET"]}}],"collection":[{"href":"https:\/\/ecosentec.com\/pt\/wp-json\/wp\/v2\/product"}],"about":[{"href":"https:\/\/ecosentec.com\/pt\/wp-json\/wp\/v2\/types\/product"}],"version-history":[{"count":2,"href":"https:\/\/ecosentec.com\/pt\/wp-json\/wp\/v2\/product\/5040\/revisions"}],"predecessor-version":[{"id":6148,"href":"https:\/\/ecosentec.com\/pt\/wp-json\/wp\/v2\/product\/5040\/revisions\/6148"}],"wp:featuredmedia":[{"embeddable":true,"href":"https:\/\/ecosentec.com\/pt\/wp-json\/wp\/v2\/media\/6147"}],"wp:attachment":[{"href":"https:\/\/ecosentec.com\/pt\/wp-json\/wp\/v2\/media?parent=5040"}],"wp:term":[{"taxonomy":"product_brand","embeddable":true,"href":"https:\/\/ecosentec.com\/pt\/wp-json\/wp\/v2\/product_brand?post=5040"},{"taxonomy":"product_cat","embeddable":true,"href":"https:\/\/ecosentec.com\/pt\/wp-json\/wp\/v2\/product_cat?post=5040"},{"taxonomy":"product_tag","embeddable":true,"href":"https:\/\/ecosentec.com\/pt\/wp-json\/wp\/v2\/product_tag?post=5040"}],"curies":[{"name":"wp","href":"https:\/\/api.w.org\/{rel}","templated":true}]}}