{"id":5037,"date":"2025-03-27T08:51:46","date_gmt":"2025-03-27T08:51:46","guid":{"rendered":"https:\/\/ecosentec.com\/?post_type=product&#038;p=5037"},"modified":"2025-06-11T10:40:18","modified_gmt":"2025-06-11T10:40:18","slug":"sensor-de-umidade-e-temperatura-do-solo-ec-ph-npk","status":"publish","type":"product","link":"https:\/\/ecosentec.com\/pt\/produto\/sensor-de-umidade-e-temperatura-do-solo-ec-ph-npk\/","title":{"rendered":"Sensor de temperatura e umidade do solo EC PH NPK s\u00e9rie ES-S225"},"content":{"rendered":"<p class=\"p1\"><span class=\"s1\">ES-S<\/span>O sensor de solo da s\u00e9rie 225 \u00e9 um sensor de alta precis\u00e3o e sensibilidade para medi\u00e7\u00e3o online de umidade\/temperatura\/condutividade (CE)\/PH\/NPK do solo. Este sensor \u00e9 adequado para medir a temperatura e a umidade do solo. Ap\u00f3s compara\u00e7\u00e3o com o sensor de alta precis\u00e3o original da Alemanha e calibra\u00e7\u00e3o pelo m\u00e9todo de pesagem de secagem real do solo, ele apresenta alta precis\u00e3o, resposta r\u00e1pida e sa\u00edda est\u00e1vel.<\/p>\n<p class=\"p1\">Seus eletrodos s\u00e3o feitos de materiais de liga especialmente tratados, que suportam fortes impactos externos e n\u00e3o s\u00e3o facilmente danificados. Design totalmente selado com certifica\u00e7\u00e3o IP68, resistente \u00e0 corros\u00e3o \u00e1cida e alcalina, podendo ser enterrado no solo ou diretamente imerso em \u00e1gua para detec\u00e7\u00e3o din\u00e2mica de longo prazo. \u00c9 menos afetado pelo teor de sal do solo e \u00e9 adequado para diversos tipos de solo. Pode ser enterrado no solo por um longo per\u00edodo, \u00e9 resistente \u00e0 eletr\u00f3lise prolongada, corros\u00e3o, encapsulamento a v\u00e1cuo e \u00e9 completamente \u00e0 prova d&#039;\u00e1gua.<\/p>","protected":false},"excerpt":{"rendered":"<p><span class=\"s1\">ES-S<\/span>O sensor de solo da s\u00e9rie 225 \u00e9 um sensor de alta precis\u00e3o e sensibilidade para medi\u00e7\u00e3o online de umidade, temperatura, condutividade (CE)\/PH\/NPK do solo. Este sensor \u00e9 adequado para medir a temperatura e a umidade do solo.<\/p>","protected":false},"featured_media":6134,"template":"","meta":{"om_disable_all_campaigns":false,"_monsterinsights_skip_tracking":false,"_monsterinsights_sitenote_active":false,"_monsterinsights_sitenote_note":"","_monsterinsights_sitenote_category":0,"site-sidebar-layout":"default","site-content-layout":"default","ast-site-content-layout":"default","site-content-style":"default","site-sidebar-style":"default","ast-global-header-display":"","ast-banner-title-visibility":"","ast-main-header-display":"","ast-hfb-above-header-display":"","ast-hfb-below-header-display":"","ast-hfb-mobile-header-display":"","site-post-title":"","ast-breadcrumbs-content":"","ast-featured-img":"","footer-sml-layout":"","ast-disable-related-posts":"","theme-transparent-header-meta":"default","adv-header-id-meta":"","stick-header-meta":"","header-above-stick-meta":"","header-main-stick-meta":"","header-below-stick-meta":"","astra-migrate-meta-layouts":"set","ast-page-background-enabled":"default","ast-page-background-meta":{"desktop":{"background-color":"","background-image":"","background-repeat":"repeat","background-position":"center center","background-size":"auto","background-attachment":"scroll","background-type":"","background-media":"","overlay-type":"","overlay-color":"","overlay-opacity":"","overlay-gradient":""},"tablet":{"background-color":"","background-image":"","background-repeat":"repeat","background-position":"center center","background-size":"auto","background-attachment":"scroll","background-type":"","background-media":"","overlay-type":"","overlay-color":"","overlay-opacity":"","overlay-gradient":""},"mobile":{"background-color":"","background-image":"","background-repeat":"repeat","background-position":"center center","background-size":"auto","background-attachment":"scroll","background-type":"","background-media":"","overlay-type":"","overlay-color":"","overlay-opacity":"","overlay-gradient":""}},"ast-content-background-meta":{"desktop":{"background-color":"var(--ast-global-color-5)","background-image":"","background-repeat":"repeat","background-position":"center center","background-size":"auto","background-attachment":"scroll","background-type":"","background-media":"","overlay-type":"","overlay-color":"","overlay-opacity":"","overlay-gradient":""},"tablet":{"background-color":"var(--ast-global-color-5)","background-image":"","background-repeat":"repeat","background-position":"center center","background-size":"auto","background-attachment":"scroll","background-type":"","background-media":"","overlay-type":"","overlay-color":"","overlay-opacity":"","overlay-gradient":""},"mobile":{"background-color":"var(--ast-global-color-5)","background-image":"","background-repeat":"repeat","background-position":"center center","background-size":"auto","background-attachment":"scroll","background-type":"","background-media":"","overlay-type":"","overlay-color":"","overlay-opacity":"","overlay-gradient":""}},"_joinchat":[]},"product_brand":[],"product_cat":[94,95],"product_tag":[292],"class_list":{"0":"post-5037","1":"product","2":"type-product","3":"status-publish","4":"has-post-thumbnail","6":"product_cat-agro-soil-sensor","7":"product_cat-soil-sensor","8":"product_tag-soil-sensor","9":"desktop-align-left","10":"tablet-align-left","11":"mobile-align-left","13":"first","14":"instock","15":"shipping-taxable","16":"purchasable","17":"product-type-simple"},"jetpack_sharing_enabled":true,"_links":{"self":[{"href":"https:\/\/ecosentec.com\/pt\/wp-json\/wp\/v2\/product\/5037","targetHints":{"allow":["GET"]}}],"collection":[{"href":"https:\/\/ecosentec.com\/pt\/wp-json\/wp\/v2\/product"}],"about":[{"href":"https:\/\/ecosentec.com\/pt\/wp-json\/wp\/v2\/types\/product"}],"version-history":[{"count":2,"href":"https:\/\/ecosentec.com\/pt\/wp-json\/wp\/v2\/product\/5037\/revisions"}],"predecessor-version":[{"id":6135,"href":"https:\/\/ecosentec.com\/pt\/wp-json\/wp\/v2\/product\/5037\/revisions\/6135"}],"wp:featuredmedia":[{"embeddable":true,"href":"https:\/\/ecosentec.com\/pt\/wp-json\/wp\/v2\/media\/6134"}],"wp:attachment":[{"href":"https:\/\/ecosentec.com\/pt\/wp-json\/wp\/v2\/media?parent=5037"}],"wp:term":[{"taxonomy":"product_brand","embeddable":true,"href":"https:\/\/ecosentec.com\/pt\/wp-json\/wp\/v2\/product_brand?post=5037"},{"taxonomy":"product_cat","embeddable":true,"href":"https:\/\/ecosentec.com\/pt\/wp-json\/wp\/v2\/product_cat?post=5037"},{"taxonomy":"product_tag","embeddable":true,"href":"https:\/\/ecosentec.com\/pt\/wp-json\/wp\/v2\/product_tag?post=5037"}],"curies":[{"name":"wp","href":"https:\/\/api.w.org\/{rel}","templated":true}]}}