{"id":5036,"date":"2025-03-27T08:51:46","date_gmt":"2025-03-27T08:51:46","guid":{"rendered":"https:\/\/ecosentec.com\/?post_type=product&#038;p=5036"},"modified":"2025-06-26T09:33:43","modified_gmt":"2025-06-26T09:33:43","slug":"sensor-de-ar-e-gas-lcd-sensivel-ao-toque","status":"publish","type":"product","link":"https:\/\/ecosentec.com\/pt\/produto\/sensor-de-ar-e-gas-lcd-sensivel-ao-toque\/","title":{"rendered":"Sensor de ar e g\u00e1s LCD sens\u00edvel ao toque ES-A340"},"content":{"rendered":"<p class=\"p1\">Transmissor multifatorial de ambiente de ar ES-A340, com tela LCD grande integrada, interface amig\u00e1vel e f\u00e1cil de operar. \u00c9 usado para detectar temperatura, umidade, PM2,5, PM10, TSP, press\u00e3o atmosf\u00e9rica, luz, ru\u00eddo, odor, TVOC, CO2, formalde\u00eddo, O3, CO, CH4, O2, SO2, NO2, H2, H2S, NH3, fuma\u00e7a e outros fatores no ambiente de ar, abrangendo basicamente todos os indicadores que refletem a qualidade do ar.<\/p>\n<p class=\"p1\">O sensor de ar e g\u00e1s ES-A340 com tela LCD sens\u00edvel ao toque utiliza sensores e chips de controle importados, com alta resolu\u00e7\u00e3o e boa estabilidade. O dispositivo utiliza uma ampla fonte de alimenta\u00e7\u00e3o de 10-30 VCC, sa\u00edda de sinal 485, protocolo de comunica\u00e7\u00e3o padr\u00e3o ModBus-RTU, endere\u00e7o ModBus configur\u00e1vel, taxa de transmiss\u00e3o vari\u00e1vel e alcance de comunica\u00e7\u00e3o de at\u00e9 2.000 metros.<\/p>","protected":false},"excerpt":{"rendered":"<p>Sensor de ar e g\u00e1s ES-A340 com tela LCD sens\u00edvel ao toque. O dispositivo possui uma tela LCD grande integrada, interface amig\u00e1vel e f\u00e1cil de operar. \u00c9 usado para detectar temperatura, umidade, PM2,5, PM10, TSP, press\u00e3o atmosf\u00e9rica, luz, ru\u00eddo, odor, TVOC, CO2, formalde\u00eddo, O3, CO, CH4, O2, SO2, NO2, H2, H2S, NH3, fuma\u00e7a e outros fatores no ar ambiente, abrangendo basicamente todos os indicadores que refletem a qualidade do ar.<\/p>","protected":false},"featured_media":6047,"template":"","meta":{"om_disable_all_campaigns":false,"_monsterinsights_skip_tracking":false,"_monsterinsights_sitenote_active":false,"_monsterinsights_sitenote_note":"","_monsterinsights_sitenote_category":0,"site-sidebar-layout":"default","site-content-layout":"default","ast-site-content-layout":"default","site-content-style":"default","site-sidebar-style":"default","ast-global-header-display":"","ast-banner-title-visibility":"","ast-main-header-display":"","ast-hfb-above-header-display":"","ast-hfb-below-header-display":"","ast-hfb-mobile-header-display":"","site-post-title":"","ast-breadcrumbs-content":"","ast-featured-img":"","footer-sml-layout":"","ast-disable-related-posts":"","theme-transparent-header-meta":"default","adv-header-id-meta":"","stick-header-meta":"","header-above-stick-meta":"","header-main-stick-meta":"","header-below-stick-meta":"","astra-migrate-meta-layouts":"set","ast-page-background-enabled":"default","ast-page-background-meta":{"desktop":{"background-color":"","background-image":"","background-repeat":"repeat","background-position":"center center","background-size":"auto","background-attachment":"scroll","background-type":"","background-media":"","overlay-type":"","overlay-color":"","overlay-opacity":"","overlay-gradient":""},"tablet":{"background-color":"","background-image":"","background-repeat":"repeat","background-position":"center center","background-size":"auto","background-attachment":"scroll","background-type":"","background-media":"","overlay-type":"","overlay-color":"","overlay-opacity":"","overlay-gradient":""},"mobile":{"background-color":"","background-image":"","background-repeat":"repeat","background-position":"center center","background-size":"auto","background-attachment":"scroll","background-type":"","background-media":"","overlay-type":"","overlay-color":"","overlay-opacity":"","overlay-gradient":""}},"ast-content-background-meta":{"desktop":{"background-color":"var(--ast-global-color-5)","background-image":"","background-repeat":"repeat","background-position":"center center","background-size":"auto","background-attachment":"scroll","background-type":"","background-media":"","overlay-type":"","overlay-color":"","overlay-opacity":"","overlay-gradient":""},"tablet":{"background-color":"var(--ast-global-color-5)","background-image":"","background-repeat":"repeat","background-position":"center center","background-size":"auto","background-attachment":"scroll","background-type":"","background-media":"","overlay-type":"","overlay-color":"","overlay-opacity":"","overlay-gradient":""},"mobile":{"background-color":"var(--ast-global-color-5)","background-image":"","background-repeat":"repeat","background-position":"center center","background-size":"auto","background-attachment":"scroll","background-type":"","background-media":"","overlay-type":"","overlay-color":"","overlay-opacity":"","overlay-gradient":""}},"_joinchat":[]},"product_brand":[],"product_cat":[91,97,89,259,93,92,90],"product_tag":[298],"class_list":{"0":"post-5036","1":"product","2":"type-product","3":"status-publish","4":"has-post-thumbnail","6":"product_cat-air-quality-pm-sensor","7":"product_cat-all-in-one-ambient-sensor","8":"product_cat-ambient-sensor","9":"product_cat-barometric-pressure-sensor","10":"product_cat-gas-concentration-sensor","11":"product_cat-noise-sensor","12":"product_cat-temperature-humidity-sensor","13":"product_tag-gas-detector","14":"desktop-align-left","15":"tablet-align-left","16":"mobile-align-left","18":"first","19":"instock","20":"shipping-taxable","21":"purchasable","22":"product-type-simple"},"jetpack_sharing_enabled":true,"_links":{"self":[{"href":"https:\/\/ecosentec.com\/pt\/wp-json\/wp\/v2\/product\/5036","targetHints":{"allow":["GET"]}}],"collection":[{"href":"https:\/\/ecosentec.com\/pt\/wp-json\/wp\/v2\/product"}],"about":[{"href":"https:\/\/ecosentec.com\/pt\/wp-json\/wp\/v2\/types\/product"}],"version-history":[{"count":2,"href":"https:\/\/ecosentec.com\/pt\/wp-json\/wp\/v2\/product\/5036\/revisions"}],"predecessor-version":[{"id":6048,"href":"https:\/\/ecosentec.com\/pt\/wp-json\/wp\/v2\/product\/5036\/revisions\/6048"}],"wp:featuredmedia":[{"embeddable":true,"href":"https:\/\/ecosentec.com\/pt\/wp-json\/wp\/v2\/media\/6047"}],"wp:attachment":[{"href":"https:\/\/ecosentec.com\/pt\/wp-json\/wp\/v2\/media?parent=5036"}],"wp:term":[{"taxonomy":"product_brand","embeddable":true,"href":"https:\/\/ecosentec.com\/pt\/wp-json\/wp\/v2\/product_brand?post=5036"},{"taxonomy":"product_cat","embeddable":true,"href":"https:\/\/ecosentec.com\/pt\/wp-json\/wp\/v2\/product_cat?post=5036"},{"taxonomy":"product_tag","embeddable":true,"href":"https:\/\/ecosentec.com\/pt\/wp-json\/wp\/v2\/product_tag?post=5036"}],"curies":[{"name":"wp","href":"https:\/\/api.w.org\/{rel}","templated":true}]}}