{"id":5034,"date":"2025-03-27T08:51:45","date_gmt":"2025-03-27T08:51:45","guid":{"rendered":"https:\/\/ecosentec.com\/?post_type=product&#038;p=5034"},"modified":"2025-07-08T07:42:51","modified_gmt":"2025-07-08T07:42:51","slug":"sensor-de-ar-e-gas-de-teto","status":"publish","type":"product","link":"https:\/\/ecosentec.com\/pt\/produto\/sensor-de-ar-e-gas-de-teto\/","title":{"rendered":"Sensor de ar e g\u00e1s ES-A230 Celling"},"content":{"rendered":"<p class=\"p1\">O sensor de ar e g\u00e1s ES-A230 \u00e9 um transmissor multielemento de ambiente de ar desenvolvido de forma independente por nossa empresa, que \u00e9 usado para detectar temperatura, umidade, PM2,5, PM10, press\u00e3o atmosf\u00e9rica, luz, ru\u00eddo, TVOC, CO2, formalde\u00eddo, O3, CO no ambiente de ar, CH4, O2, SO2, NO2, H2, H2S, NH3 e outros elementos, cobrindo basicamente v\u00e1rios indicadores que refletem a qualidade do ar.<\/p>\n<p class=\"p1\">O transmissor utiliza sensor e chip de controle importados, que apresentam alta precis\u00e3o, alta resolu\u00e7\u00e3o e boa estabilidade. O equipamento possui ampla tens\u00e3o de alimenta\u00e7\u00e3o de 10-30 V CC, sa\u00edda de sinal 485, protocolo de comunica\u00e7\u00e3o padr\u00e3o Modbus-RTU, endere\u00e7o ModBus configur\u00e1vel, taxa de transmiss\u00e3o vari\u00e1vel e dist\u00e2ncia de comunica\u00e7\u00e3o de at\u00e9 2.000 metros. Amplamente utilizado em sistemas de climatiza\u00e7\u00e3o predial, economia de energia em edif\u00edcios, casas inteligentes, escolas, hospitais, esta\u00e7\u00f5es de aeroporto e outros locais.<\/p>","protected":false},"excerpt":{"rendered":"<p>O sensor de ar e g\u00e1s ES-A230 \u00e9 um transmissor multielemento de ambiente de ar desenvolvido de forma independente por nossa empresa, que \u00e9 usado para detectar temperatura, umidade, PM2,5, PM10, press\u00e3o atmosf\u00e9rica, luz, ru\u00eddo, TVOC, CO2, formalde\u00eddo, O3, CO no ambiente de ar, CH4, O2, SO2, NO2, H2, H2S, NH3 e outros elementos, cobrindo basicamente v\u00e1rios indicadores que refletem a qualidade do ar.<\/p>","protected":false},"featured_media":6037,"template":"","meta":{"om_disable_all_campaigns":false,"_monsterinsights_skip_tracking":false,"_monsterinsights_sitenote_active":false,"_monsterinsights_sitenote_note":"","_monsterinsights_sitenote_category":0,"site-sidebar-layout":"default","site-content-layout":"default","ast-site-content-layout":"default","site-content-style":"default","site-sidebar-style":"default","ast-global-header-display":"","ast-banner-title-visibility":"","ast-main-header-display":"","ast-hfb-above-header-display":"","ast-hfb-below-header-display":"","ast-hfb-mobile-header-display":"","site-post-title":"","ast-breadcrumbs-content":"","ast-featured-img":"","footer-sml-layout":"","ast-disable-related-posts":"","theme-transparent-header-meta":"default","adv-header-id-meta":"","stick-header-meta":"","header-above-stick-meta":"","header-main-stick-meta":"","header-below-stick-meta":"","astra-migrate-meta-layouts":"set","ast-page-background-enabled":"default","ast-page-background-meta":{"desktop":{"background-color":"","background-image":"","background-repeat":"repeat","background-position":"center center","background-size":"auto","background-attachment":"scroll","background-type":"","background-media":"","overlay-type":"","overlay-color":"","overlay-opacity":"","overlay-gradient":""},"tablet":{"background-color":"","background-image":"","background-repeat":"repeat","background-position":"center center","background-size":"auto","background-attachment":"scroll","background-type":"","background-media":"","overlay-type":"","overlay-color":"","overlay-opacity":"","overlay-gradient":""},"mobile":{"background-color":"","background-image":"","background-repeat":"repeat","background-position":"center center","background-size":"auto","background-attachment":"scroll","background-type":"","background-media":"","overlay-type":"","overlay-color":"","overlay-opacity":"","overlay-gradient":""}},"ast-content-background-meta":{"desktop":{"background-color":"var(--ast-global-color-5)","background-image":"","background-repeat":"repeat","background-position":"center center","background-size":"auto","background-attachment":"scroll","background-type":"","background-media":"","overlay-type":"","overlay-color":"","overlay-opacity":"","overlay-gradient":""},"tablet":{"background-color":"var(--ast-global-color-5)","background-image":"","background-repeat":"repeat","background-position":"center center","background-size":"auto","background-attachment":"scroll","background-type":"","background-media":"","overlay-type":"","overlay-color":"","overlay-opacity":"","overlay-gradient":""},"mobile":{"background-color":"var(--ast-global-color-5)","background-image":"","background-repeat":"repeat","background-position":"center center","background-size":"auto","background-attachment":"scroll","background-type":"","background-media":"","overlay-type":"","overlay-color":"","overlay-opacity":"","overlay-gradient":""}},"_joinchat":[]},"product_brand":[],"product_cat":[91,97,89,259,93,92,90],"product_tag":[301,298],"class_list":{"0":"post-5034","1":"product","2":"type-product","3":"status-publish","4":"has-post-thumbnail","6":"product_cat-air-quality-pm-sensor","7":"product_cat-all-in-one-ambient-sensor","8":"product_cat-ambient-sensor","9":"product_cat-barometric-pressure-sensor","10":"product_cat-gas-concentration-sensor","11":"product_cat-noise-sensor","12":"product_cat-temperature-humidity-sensor","13":"product_tag-ambient-sensor","14":"product_tag-gas-detector","15":"desktop-align-left","16":"tablet-align-left","17":"mobile-align-left","19":"first","20":"instock","21":"shipping-taxable","22":"purchasable","23":"product-type-simple"},"jetpack_sharing_enabled":true,"_links":{"self":[{"href":"https:\/\/ecosentec.com\/pt\/wp-json\/wp\/v2\/product\/5034","targetHints":{"allow":["GET"]}}],"collection":[{"href":"https:\/\/ecosentec.com\/pt\/wp-json\/wp\/v2\/product"}],"about":[{"href":"https:\/\/ecosentec.com\/pt\/wp-json\/wp\/v2\/types\/product"}],"version-history":[{"count":2,"href":"https:\/\/ecosentec.com\/pt\/wp-json\/wp\/v2\/product\/5034\/revisions"}],"predecessor-version":[{"id":6039,"href":"https:\/\/ecosentec.com\/pt\/wp-json\/wp\/v2\/product\/5034\/revisions\/6039"}],"wp:featuredmedia":[{"embeddable":true,"href":"https:\/\/ecosentec.com\/pt\/wp-json\/wp\/v2\/media\/6037"}],"wp:attachment":[{"href":"https:\/\/ecosentec.com\/pt\/wp-json\/wp\/v2\/media?parent=5034"}],"wp:term":[{"taxonomy":"product_brand","embeddable":true,"href":"https:\/\/ecosentec.com\/pt\/wp-json\/wp\/v2\/product_brand?post=5034"},{"taxonomy":"product_cat","embeddable":true,"href":"https:\/\/ecosentec.com\/pt\/wp-json\/wp\/v2\/product_cat?post=5034"},{"taxonomy":"product_tag","embeddable":true,"href":"https:\/\/ecosentec.com\/pt\/wp-json\/wp\/v2\/product_tag?post=5034"}],"curies":[{"name":"wp","href":"https:\/\/api.w.org\/{rel}","templated":true}]}}