{"id":4960,"date":"2025-03-27T08:12:51","date_gmt":"2025-03-27T08:12:51","guid":{"rendered":"https:\/\/ecosentec.com\/?post_type=product&#038;p=4960"},"modified":"2025-05-29T10:40:11","modified_gmt":"2025-05-29T10:40:11","slug":"estacao-meteorologica-ultrassonica-2","status":"publish","type":"product","link":"https:\/\/ecosentec.com\/pt\/produto\/estacao-meteorologica-ultrassonica-2\/","title":{"rendered":"Esta\u00e7\u00e3o meteorol\u00f3gica ultrass\u00f4nica compacta ES-W5006"},"content":{"rendered":"<p class=\"p1\">A esta\u00e7\u00e3o meteorol\u00f3gica integrada ES-W5006 \u00e9 um instrumento utilizado para o monitoramento de par\u00e2metros meteorol\u00f3gicos em diversas \u00e1reas. Gra\u00e7as \u00e0 sua estrutura altamente integrada, ela pode realizar o monitoramento online cont\u00ednuo 24 horas por dia de par\u00e2metros meteorol\u00f3gicos externos, como temperatura atmosf\u00e9rica, umidade, velocidade e dire\u00e7\u00e3o do vento, press\u00e3o atmosf\u00e9rica, ilumina\u00e7\u00e3o, radia\u00e7\u00e3o solar, precipita\u00e7\u00e3o, PM2,5, PM10, ru\u00eddo, mon\u00f3xido de carbono, di\u00f3xido de nitrog\u00eanio, di\u00f3xido de enxofre, oz\u00f4nio e outros par\u00e2metros, e enviar m\u00faltiplos par\u00e2metros aos usu\u00e1rios simultaneamente por meio da interface de comunica\u00e7\u00e3o digital.<\/p>","protected":false},"excerpt":{"rendered":"<p>A esta\u00e7\u00e3o meteorol\u00f3gica integrada ES-W5006 \u00e9 um instrumento utilizado para o monitoramento de par\u00e2metros meteorol\u00f3gicos em diversas \u00e1reas. Gra\u00e7as \u00e0 sua estrutura altamente integrada, permite o monitoramento online cont\u00ednuo 24 horas por dia de par\u00e2metros meteorol\u00f3gicos externos, como temperatura atmosf\u00e9rica, umidade, velocidade e dire\u00e7\u00e3o do vento, press\u00e3o atmosf\u00e9rica, ilumina\u00e7\u00e3o, radia\u00e7\u00e3o solar, precipita\u00e7\u00e3o, PM2,5, PM10, ru\u00eddo, mon\u00f3xido de carbono, di\u00f3xido de nitrog\u00eanio, di\u00f3xido de enxofre, oz\u00f4nio e outros par\u00e2metros.<\/p>","protected":false},"featured_media":6808,"template":"","meta":{"om_disable_all_campaigns":false,"_monsterinsights_skip_tracking":false,"_monsterinsights_sitenote_active":false,"_monsterinsights_sitenote_note":"","_monsterinsights_sitenote_category":0,"site-sidebar-layout":"default","site-content-layout":"default","ast-site-content-layout":"default","site-content-style":"default","site-sidebar-style":"default","ast-global-header-display":"","ast-banner-title-visibility":"","ast-main-header-display":"","ast-hfb-above-header-display":"","ast-hfb-below-header-display":"","ast-hfb-mobile-header-display":"","site-post-title":"","ast-breadcrumbs-content":"","ast-featured-img":"","footer-sml-layout":"","ast-disable-related-posts":"","theme-transparent-header-meta":"default","adv-header-id-meta":"","stick-header-meta":"","header-above-stick-meta":"","header-main-stick-meta":"","header-below-stick-meta":"","astra-migrate-meta-layouts":"set","ast-page-background-enabled":"default","ast-page-background-meta":{"desktop":{"background-color":"","background-image":"","background-repeat":"repeat","background-position":"center center","background-size":"auto","background-attachment":"scroll","background-type":"","background-media":"","overlay-type":"","overlay-color":"","overlay-opacity":"","overlay-gradient":""},"tablet":{"background-color":"","background-image":"","background-repeat":"repeat","background-position":"center center","background-size":"auto","background-attachment":"scroll","background-type":"","background-media":"","overlay-type":"","overlay-color":"","overlay-opacity":"","overlay-gradient":""},"mobile":{"background-color":"","background-image":"","background-repeat":"repeat","background-position":"center center","background-size":"auto","background-attachment":"scroll","background-type":"","background-media":"","overlay-type":"","overlay-color":"","overlay-opacity":"","overlay-gradient":""}},"ast-content-background-meta":{"desktop":{"background-color":"var(--ast-global-color-5)","background-image":"","background-repeat":"repeat","background-position":"center center","background-size":"auto","background-attachment":"scroll","background-type":"","background-media":"","overlay-type":"","overlay-color":"","overlay-opacity":"","overlay-gradient":""},"tablet":{"background-color":"var(--ast-global-color-5)","background-image":"","background-repeat":"repeat","background-position":"center center","background-size":"auto","background-attachment":"scroll","background-type":"","background-media":"","overlay-type":"","overlay-color":"","overlay-opacity":"","overlay-gradient":""},"mobile":{"background-color":"var(--ast-global-color-5)","background-image":"","background-repeat":"repeat","background-position":"center center","background-size":"auto","background-attachment":"scroll","background-type":"","background-media":"","overlay-type":"","overlay-color":"","overlay-opacity":"","overlay-gradient":""}},"_joinchat":[]},"product_brand":[],"product_cat":[87,86],"product_tag":[],"class_list":{"0":"post-4960","1":"product","2":"type-product","3":"status-publish","4":"has-post-thumbnail","6":"product_cat-ultrasonic-weather-station","7":"product_cat-weather-station","8":"desktop-align-left","9":"tablet-align-left","10":"mobile-align-left","12":"first","13":"instock","14":"shipping-taxable","15":"purchasable","16":"product-type-simple"},"jetpack_sharing_enabled":true,"_links":{"self":[{"href":"https:\/\/ecosentec.com\/pt\/wp-json\/wp\/v2\/product\/4960","targetHints":{"allow":["GET"]}}],"collection":[{"href":"https:\/\/ecosentec.com\/pt\/wp-json\/wp\/v2\/product"}],"about":[{"href":"https:\/\/ecosentec.com\/pt\/wp-json\/wp\/v2\/types\/product"}],"version-history":[{"count":2,"href":"https:\/\/ecosentec.com\/pt\/wp-json\/wp\/v2\/product\/4960\/revisions"}],"predecessor-version":[{"id":5852,"href":"https:\/\/ecosentec.com\/pt\/wp-json\/wp\/v2\/product\/4960\/revisions\/5852"}],"wp:featuredmedia":[{"embeddable":true,"href":"https:\/\/ecosentec.com\/pt\/wp-json\/wp\/v2\/media\/6808"}],"wp:attachment":[{"href":"https:\/\/ecosentec.com\/pt\/wp-json\/wp\/v2\/media?parent=4960"}],"wp:term":[{"taxonomy":"product_brand","embeddable":true,"href":"https:\/\/ecosentec.com\/pt\/wp-json\/wp\/v2\/product_brand?post=4960"},{"taxonomy":"product_cat","embeddable":true,"href":"https:\/\/ecosentec.com\/pt\/wp-json\/wp\/v2\/product_cat?post=4960"},{"taxonomy":"product_tag","embeddable":true,"href":"https:\/\/ecosentec.com\/pt\/wp-json\/wp\/v2\/product_tag?post=4960"}],"curies":[{"name":"wp","href":"https:\/\/api.w.org\/{rel}","templated":true}]}}