{"id":4959,"date":"2025-03-27T08:12:50","date_gmt":"2025-03-27T08:12:50","guid":{"rendered":"https:\/\/ecosentec.com\/?post_type=product&#038;p=4959"},"modified":"2025-04-02T10:10:07","modified_gmt":"2025-04-02T10:10:07","slug":"estacao-meteorologica-compacta","status":"publish","type":"product","link":"https:\/\/ecosentec.com\/pt\/produto\/estacao-meteorologica-compacta\/","title":{"rendered":"Esta\u00e7\u00e3o Meteorol\u00f3gica Compacta ES-W5004"},"content":{"rendered":"<p class=\"p1\">A esta\u00e7\u00e3o meteorol\u00f3gica compacta ES-W5004 \u00e9 uma microesta\u00e7\u00e3o meteorol\u00f3gica multipar\u00e2metros desenvolvida de forma independente por nossa empresa, que integra temperatura atmosf\u00e9rica, umidade, velocidade do vento, dire\u00e7\u00e3o do vento, press\u00e3o, luminosidade, radia\u00e7\u00e3o solar, precipita\u00e7\u00e3o e outros par\u00e2metros. Pode ser aplicada ao monitoramento e controle do ambiente da rede el\u00e9trica urbana, ilumina\u00e7\u00e3o p\u00fablica inteligente, monitoramento ambiental de pontos tur\u00edsticos, meteorologia agr\u00edcola, meteorologia rodovi\u00e1ria e outras \u00e1reas relacionadas ao monitoramento de par\u00e2metros meteorol\u00f3gicos. Alto desempenho de custo.<\/p>","protected":false},"excerpt":{"rendered":"<p>A esta\u00e7\u00e3o meteorol\u00f3gica compacta ES-W5004 \u00e9 uma microesta\u00e7\u00e3o meteorol\u00f3gica multipar\u00e2metros desenvolvida de forma independente pela nossa empresa, que integra temperatura atmosf\u00e9rica, umidade, velocidade do vento, dire\u00e7\u00e3o do vento, press\u00e3o, luz, radia\u00e7\u00e3o solar, precipita\u00e7\u00e3o e outros par\u00e2metros.<\/p>","protected":false},"featured_media":5004,"template":"","meta":{"om_disable_all_campaigns":false,"_monsterinsights_skip_tracking":false,"_monsterinsights_sitenote_active":false,"_monsterinsights_sitenote_note":"","_monsterinsights_sitenote_category":0,"site-sidebar-layout":"default","site-content-layout":"default","ast-site-content-layout":"default","site-content-style":"default","site-sidebar-style":"default","ast-global-header-display":"","ast-banner-title-visibility":"","ast-main-header-display":"","ast-hfb-above-header-display":"","ast-hfb-below-header-display":"","ast-hfb-mobile-header-display":"","site-post-title":"","ast-breadcrumbs-content":"","ast-featured-img":"","footer-sml-layout":"","ast-disable-related-posts":"","theme-transparent-header-meta":"default","adv-header-id-meta":"","stick-header-meta":"","header-above-stick-meta":"","header-main-stick-meta":"","header-below-stick-meta":"","astra-migrate-meta-layouts":"set","ast-page-background-enabled":"default","ast-page-background-meta":{"desktop":{"background-color":"","background-image":"","background-repeat":"repeat","background-position":"center center","background-size":"auto","background-attachment":"scroll","background-type":"","background-media":"","overlay-type":"","overlay-color":"","overlay-opacity":"","overlay-gradient":""},"tablet":{"background-color":"","background-image":"","background-repeat":"repeat","background-position":"center center","background-size":"auto","background-attachment":"scroll","background-type":"","background-media":"","overlay-type":"","overlay-color":"","overlay-opacity":"","overlay-gradient":""},"mobile":{"background-color":"","background-image":"","background-repeat":"repeat","background-position":"center center","background-size":"auto","background-attachment":"scroll","background-type":"","background-media":"","overlay-type":"","overlay-color":"","overlay-opacity":"","overlay-gradient":""}},"ast-content-background-meta":{"desktop":{"background-color":"var(--ast-global-color-5)","background-image":"","background-repeat":"repeat","background-position":"center center","background-size":"auto","background-attachment":"scroll","background-type":"","background-media":"","overlay-type":"","overlay-color":"","overlay-opacity":"","overlay-gradient":""},"tablet":{"background-color":"var(--ast-global-color-5)","background-image":"","background-repeat":"repeat","background-position":"center center","background-size":"auto","background-attachment":"scroll","background-type":"","background-media":"","overlay-type":"","overlay-color":"","overlay-opacity":"","overlay-gradient":""},"mobile":{"background-color":"var(--ast-global-color-5)","background-image":"","background-repeat":"repeat","background-position":"center center","background-size":"auto","background-attachment":"scroll","background-type":"","background-media":"","overlay-type":"","overlay-color":"","overlay-opacity":"","overlay-gradient":""}},"_joinchat":[]},"product_brand":[],"product_cat":[87,86],"product_tag":[],"class_list":{"0":"post-4959","1":"product","2":"type-product","3":"status-publish","4":"has-post-thumbnail","6":"product_cat-ultrasonic-weather-station","7":"product_cat-weather-station","8":"desktop-align-left","9":"tablet-align-left","10":"mobile-align-left","12":"first","13":"instock","14":"shipping-taxable","15":"purchasable","16":"product-type-simple"},"jetpack_sharing_enabled":true,"_links":{"self":[{"href":"https:\/\/ecosentec.com\/pt\/wp-json\/wp\/v2\/product\/4959","targetHints":{"allow":["GET"]}}],"collection":[{"href":"https:\/\/ecosentec.com\/pt\/wp-json\/wp\/v2\/product"}],"about":[{"href":"https:\/\/ecosentec.com\/pt\/wp-json\/wp\/v2\/types\/product"}],"version-history":[{"count":3,"href":"https:\/\/ecosentec.com\/pt\/wp-json\/wp\/v2\/product\/4959\/revisions"}],"predecessor-version":[{"id":5856,"href":"https:\/\/ecosentec.com\/pt\/wp-json\/wp\/v2\/product\/4959\/revisions\/5856"}],"wp:featuredmedia":[{"embeddable":true,"href":"https:\/\/ecosentec.com\/pt\/wp-json\/wp\/v2\/media\/5004"}],"wp:attachment":[{"href":"https:\/\/ecosentec.com\/pt\/wp-json\/wp\/v2\/media?parent=4959"}],"wp:term":[{"taxonomy":"product_brand","embeddable":true,"href":"https:\/\/ecosentec.com\/pt\/wp-json\/wp\/v2\/product_brand?post=4959"},{"taxonomy":"product_cat","embeddable":true,"href":"https:\/\/ecosentec.com\/pt\/wp-json\/wp\/v2\/product_cat?post=4959"},{"taxonomy":"product_tag","embeddable":true,"href":"https:\/\/ecosentec.com\/pt\/wp-json\/wp\/v2\/product_tag?post=4959"}],"curies":[{"name":"wp","href":"https:\/\/api.w.org\/{rel}","templated":true}]}}