{"id":4928,"date":"2025-03-27T08:11:56","date_gmt":"2025-03-27T08:11:56","guid":{"rendered":"https:\/\/ecosentec.com\/?post_type=product&#038;p=4928"},"modified":"2025-07-02T08:16:06","modified_gmt":"2025-07-02T08:16:06","slug":"estacao-meteorologica-ultrassonica-automatica","status":"publish","type":"product","link":"https:\/\/ecosentec.com\/pt\/produto\/estacao-meteorologica-ultrassonica-automatica\/","title":{"rendered":"Esta\u00e7\u00e3o meteorol\u00f3gica ultrass\u00f4nica autom\u00e1tica ES-W9600"},"content":{"rendered":"<p class=\"p1\">A esta\u00e7\u00e3o meteorol\u00f3gica ultrass\u00f4nica autom\u00e1tica ES-W9600 \u00e9 uma esta\u00e7\u00e3o meteorol\u00f3gica integrada que pode medir m\u00faltiplos par\u00e2metros meteorol\u00f3gicos. Ela pode medir simultaneamente temperatura, umidade, velocidade do vento, dire\u00e7\u00e3o do vento, press\u00e3o atmosf\u00e9rica, precipita\u00e7\u00e3o, radia\u00e7\u00e3o, ilumina\u00e7\u00e3o, visibilidade, ru\u00eddo ambiente, PM2,5 e PM10 e outros elementos meteorol\u00f3gicos.<\/p>\n<p class=\"p1\">O ES-W9600 utiliza um chip interno de baixo consumo de energia, e o m\u00f3dulo de medi\u00e7\u00e3o da velocidade do vento utiliza tecnologia ultrass\u00f4nica avan\u00e7ada. Possui um design robusto e de alta resist\u00eancia, capaz de suportar ambientes de instala\u00e7\u00e3o adversos. Ao contr\u00e1rio dos fr\u00e1geis anem\u00f4metros em formato de copo, o ES-W9600 elimina o risco de danos mec\u00e2nicos e requer manuten\u00e7\u00e3o m\u00ednima. A precipita\u00e7\u00e3o pode ser detectada por meio de um radar de 24 GHz ou m\u00f3dulo piezoel\u00e9trico, e um m\u00f3dulo de detec\u00e7\u00e3o de visibilidade MINI pode ser instalado opcionalmente.<\/p>","protected":false},"excerpt":{"rendered":"<p>A esta\u00e7\u00e3o meteorol\u00f3gica ultrass\u00f4nica autom\u00e1tica ES-W9600 \u00e9 uma esta\u00e7\u00e3o meteorol\u00f3gica integrada que pode medir m\u00faltiplos par\u00e2metros meteorol\u00f3gicos. Ela pode medir simultaneamente temperatura, umidade, velocidade do vento, dire\u00e7\u00e3o do vento, press\u00e3o atmosf\u00e9rica, precipita\u00e7\u00e3o, radia\u00e7\u00e3o, ilumina\u00e7\u00e3o, visibilidade, ru\u00eddo ambiente, PM2,5 e PM10 e outros elementos meteorol\u00f3gicos.<\/p>","protected":false},"featured_media":6001,"template":"","meta":{"om_disable_all_campaigns":false,"_monsterinsights_skip_tracking":false,"_monsterinsights_sitenote_active":false,"_monsterinsights_sitenote_note":"","_monsterinsights_sitenote_category":0,"site-sidebar-layout":"default","site-content-layout":"default","ast-site-content-layout":"default","site-content-style":"default","site-sidebar-style":"default","ast-global-header-display":"","ast-banner-title-visibility":"","ast-main-header-display":"","ast-hfb-above-header-display":"","ast-hfb-below-header-display":"","ast-hfb-mobile-header-display":"","site-post-title":"","ast-breadcrumbs-content":"","ast-featured-img":"","footer-sml-layout":"","ast-disable-related-posts":"","theme-transparent-header-meta":"default","adv-header-id-meta":"","stick-header-meta":"","header-above-stick-meta":"","header-main-stick-meta":"","header-below-stick-meta":"","astra-migrate-meta-layouts":"set","ast-page-background-enabled":"default","ast-page-background-meta":{"desktop":{"background-color":"","background-image":"","background-repeat":"repeat","background-position":"center center","background-size":"auto","background-attachment":"scroll","background-type":"","background-media":"","overlay-type":"","overlay-color":"","overlay-opacity":"","overlay-gradient":""},"tablet":{"background-color":"","background-image":"","background-repeat":"repeat","background-position":"center center","background-size":"auto","background-attachment":"scroll","background-type":"","background-media":"","overlay-type":"","overlay-color":"","overlay-opacity":"","overlay-gradient":""},"mobile":{"background-color":"","background-image":"","background-repeat":"repeat","background-position":"center center","background-size":"auto","background-attachment":"scroll","background-type":"","background-media":"","overlay-type":"","overlay-color":"","overlay-opacity":"","overlay-gradient":""}},"ast-content-background-meta":{"desktop":{"background-color":"var(--ast-global-color-5)","background-image":"","background-repeat":"repeat","background-position":"center center","background-size":"auto","background-attachment":"scroll","background-type":"","background-media":"","overlay-type":"","overlay-color":"","overlay-opacity":"","overlay-gradient":""},"tablet":{"background-color":"var(--ast-global-color-5)","background-image":"","background-repeat":"repeat","background-position":"center center","background-size":"auto","background-attachment":"scroll","background-type":"","background-media":"","overlay-type":"","overlay-color":"","overlay-opacity":"","overlay-gradient":""},"mobile":{"background-color":"var(--ast-global-color-5)","background-image":"","background-repeat":"repeat","background-position":"center center","background-size":"auto","background-attachment":"scroll","background-type":"","background-media":"","overlay-type":"","overlay-color":"","overlay-opacity":"","overlay-gradient":""}},"_joinchat":[]},"product_brand":[],"product_cat":[87,86],"product_tag":[299,300],"class_list":{"0":"post-4928","1":"product","2":"type-product","3":"status-publish","4":"has-post-thumbnail","6":"product_cat-ultrasonic-weather-station","7":"product_cat-weather-station","8":"product_tag-ultrasonic-anemometer","9":"product_tag-wind-sensor","10":"desktop-align-left","11":"tablet-align-left","12":"mobile-align-left","14":"first","15":"instock","16":"shipping-taxable","17":"purchasable","18":"product-type-simple"},"jetpack_sharing_enabled":true,"_links":{"self":[{"href":"https:\/\/ecosentec.com\/pt\/wp-json\/wp\/v2\/product\/4928","targetHints":{"allow":["GET"]}}],"collection":[{"href":"https:\/\/ecosentec.com\/pt\/wp-json\/wp\/v2\/product"}],"about":[{"href":"https:\/\/ecosentec.com\/pt\/wp-json\/wp\/v2\/types\/product"}],"version-history":[{"count":2,"href":"https:\/\/ecosentec.com\/pt\/wp-json\/wp\/v2\/product\/4928\/revisions"}],"predecessor-version":[{"id":5831,"href":"https:\/\/ecosentec.com\/pt\/wp-json\/wp\/v2\/product\/4928\/revisions\/5831"}],"wp:featuredmedia":[{"embeddable":true,"href":"https:\/\/ecosentec.com\/pt\/wp-json\/wp\/v2\/media\/6001"}],"wp:attachment":[{"href":"https:\/\/ecosentec.com\/pt\/wp-json\/wp\/v2\/media?parent=4928"}],"wp:term":[{"taxonomy":"product_brand","embeddable":true,"href":"https:\/\/ecosentec.com\/pt\/wp-json\/wp\/v2\/product_brand?post=4928"},{"taxonomy":"product_cat","embeddable":true,"href":"https:\/\/ecosentec.com\/pt\/wp-json\/wp\/v2\/product_cat?post=4928"},{"taxonomy":"product_tag","embeddable":true,"href":"https:\/\/ecosentec.com\/pt\/wp-json\/wp\/v2\/product_tag?post=4928"}],"curies":[{"name":"wp","href":"https:\/\/api.w.org\/{rel}","templated":true}]}}