{"id":4927,"date":"2025-03-27T08:11:56","date_gmt":"2025-03-27T08:11:56","guid":{"rendered":"https:\/\/ecosentec.com\/?post_type=product&#038;p=4927"},"modified":"2025-07-08T07:43:25","modified_gmt":"2025-07-08T07:43:25","slug":"micro-estacao-meteorologica-automatica","status":"publish","type":"product","link":"https:\/\/ecosentec.com\/pt\/produto\/micro-estacao-meteorologica-automatica\/","title":{"rendered":"Esta\u00e7\u00e3o meteorol\u00f3gica micro autom\u00e1tica ES-W9000"},"content":{"rendered":"<p class=\"p1\">A microesta\u00e7\u00e3o meteorol\u00f3gica autom\u00e1tica ES-W9000 \u00e9 uma esta\u00e7\u00e3o meteorol\u00f3gica civil integrada, desenvolvida de forma independente por nossa empresa, capaz de medir diversos par\u00e2metros meteorol\u00f3gicos. Ela pode medir simultaneamente temperatura atmosf\u00e9rica, umidade atmosf\u00e9rica, velocidade e dire\u00e7\u00e3o do vento, press\u00e3o atmosf\u00e9rica, precipita\u00e7\u00e3o, radia\u00e7\u00e3o, ilumin\u00e2ncia, radia\u00e7\u00e3o UV, PM2,5 e PM10, entre outros elementos meteorol\u00f3gicos.<\/p>\n<p class=\"p1\">O ES-W9000 utiliza um chip de baixo consumo de energia e consome apenas 1,7 W. Gra\u00e7as \u00e0 ado\u00e7\u00e3o de novas tecnologias e novos processos, a estrutura \u00e9 mais compacta e compacta. Tamb\u00e9m \u00e9 poss\u00edvel selecionar um mini m\u00f3dulo de detec\u00e7\u00e3o de visibilidade, ideal para sistemas de controle de cidades inteligentes. O inv\u00f3lucro \u00e9 feito de pl\u00e1stico de engenharia ABS e, de acordo com as necessidades do usu\u00e1rio, todos os par\u00e2metros de teste podem ser selecionados e combinados conforme desejado, de forma totalmente personalizada.<\/p>","protected":false},"excerpt":{"rendered":"<p>A microesta\u00e7\u00e3o meteorol\u00f3gica autom\u00e1tica ES-W9000 \u00e9 uma esta\u00e7\u00e3o meteorol\u00f3gica civil integrada, desenvolvida de forma independente por nossa empresa, capaz de medir diversos par\u00e2metros meteorol\u00f3gicos. Ela pode medir simultaneamente temperatura atmosf\u00e9rica, umidade atmosf\u00e9rica, velocidade e dire\u00e7\u00e3o do vento, press\u00e3o atmosf\u00e9rica, precipita\u00e7\u00e3o, radia\u00e7\u00e3o, ilumin\u00e2ncia, radia\u00e7\u00e3o UV, PM2,5 e PM10, entre outros elementos meteorol\u00f3gicos.<\/p>","protected":false},"featured_media":5994,"template":"","meta":{"om_disable_all_campaigns":false,"_monsterinsights_skip_tracking":false,"_monsterinsights_sitenote_active":false,"_monsterinsights_sitenote_note":"","_monsterinsights_sitenote_category":0,"site-sidebar-layout":"default","site-content-layout":"default","ast-site-content-layout":"default","site-content-style":"default","site-sidebar-style":"default","ast-global-header-display":"","ast-banner-title-visibility":"","ast-main-header-display":"","ast-hfb-above-header-display":"","ast-hfb-below-header-display":"","ast-hfb-mobile-header-display":"","site-post-title":"","ast-breadcrumbs-content":"","ast-featured-img":"","footer-sml-layout":"","ast-disable-related-posts":"","theme-transparent-header-meta":"default","adv-header-id-meta":"","stick-header-meta":"","header-above-stick-meta":"","header-main-stick-meta":"","header-below-stick-meta":"","astra-migrate-meta-layouts":"set","ast-page-background-enabled":"default","ast-page-background-meta":{"desktop":{"background-color":"","background-image":"","background-repeat":"repeat","background-position":"center center","background-size":"auto","background-attachment":"scroll","background-type":"","background-media":"","overlay-type":"","overlay-color":"","overlay-opacity":"","overlay-gradient":""},"tablet":{"background-color":"","background-image":"","background-repeat":"repeat","background-position":"center center","background-size":"auto","background-attachment":"scroll","background-type":"","background-media":"","overlay-type":"","overlay-color":"","overlay-opacity":"","overlay-gradient":""},"mobile":{"background-color":"","background-image":"","background-repeat":"repeat","background-position":"center center","background-size":"auto","background-attachment":"scroll","background-type":"","background-media":"","overlay-type":"","overlay-color":"","overlay-opacity":"","overlay-gradient":""}},"ast-content-background-meta":{"desktop":{"background-color":"var(--ast-global-color-5)","background-image":"","background-repeat":"repeat","background-position":"center center","background-size":"auto","background-attachment":"scroll","background-type":"","background-media":"","overlay-type":"","overlay-color":"","overlay-opacity":"","overlay-gradient":""},"tablet":{"background-color":"var(--ast-global-color-5)","background-image":"","background-repeat":"repeat","background-position":"center center","background-size":"auto","background-attachment":"scroll","background-type":"","background-media":"","overlay-type":"","overlay-color":"","overlay-opacity":"","overlay-gradient":""},"mobile":{"background-color":"var(--ast-global-color-5)","background-image":"","background-repeat":"repeat","background-position":"center center","background-size":"auto","background-attachment":"scroll","background-type":"","background-media":"","overlay-type":"","overlay-color":"","overlay-opacity":"","overlay-gradient":""}},"_joinchat":[]},"product_brand":[],"product_cat":[87,86],"product_tag":[301,293],"class_list":{"0":"post-4927","1":"product","2":"type-product","3":"status-publish","4":"has-post-thumbnail","6":"product_cat-ultrasonic-weather-station","7":"product_cat-weather-station","8":"product_tag-ambient-sensor","9":"product_tag-weather-station","10":"desktop-align-left","11":"tablet-align-left","12":"mobile-align-left","14":"first","15":"instock","16":"shipping-taxable","17":"purchasable","18":"product-type-simple"},"jetpack_sharing_enabled":true,"_links":{"self":[{"href":"https:\/\/ecosentec.com\/pt\/wp-json\/wp\/v2\/product\/4927","targetHints":{"allow":["GET"]}}],"collection":[{"href":"https:\/\/ecosentec.com\/pt\/wp-json\/wp\/v2\/product"}],"about":[{"href":"https:\/\/ecosentec.com\/pt\/wp-json\/wp\/v2\/types\/product"}],"version-history":[{"count":2,"href":"https:\/\/ecosentec.com\/pt\/wp-json\/wp\/v2\/product\/4927\/revisions"}],"predecessor-version":[{"id":5830,"href":"https:\/\/ecosentec.com\/pt\/wp-json\/wp\/v2\/product\/4927\/revisions\/5830"}],"wp:featuredmedia":[{"embeddable":true,"href":"https:\/\/ecosentec.com\/pt\/wp-json\/wp\/v2\/media\/5994"}],"wp:attachment":[{"href":"https:\/\/ecosentec.com\/pt\/wp-json\/wp\/v2\/media?parent=4927"}],"wp:term":[{"taxonomy":"product_brand","embeddable":true,"href":"https:\/\/ecosentec.com\/pt\/wp-json\/wp\/v2\/product_brand?post=4927"},{"taxonomy":"product_cat","embeddable":true,"href":"https:\/\/ecosentec.com\/pt\/wp-json\/wp\/v2\/product_cat?post=4927"},{"taxonomy":"product_tag","embeddable":true,"href":"https:\/\/ecosentec.com\/pt\/wp-json\/wp\/v2\/product_tag?post=4927"}],"curies":[{"name":"wp","href":"https:\/\/api.w.org\/{rel}","templated":true}]}}