{"id":4926,"date":"2025-03-27T08:11:56","date_gmt":"2025-03-27T08:11:56","guid":{"rendered":"https:\/\/ecosentec.com\/?post_type=product&#038;p=4926"},"modified":"2025-06-16T10:10:24","modified_gmt":"2025-06-16T10:10:24","slug":"estacao-meteorologica-ultrassonica-portatil-para-veiculos","status":"publish","type":"product","link":"https:\/\/ecosentec.com\/pt\/produto\/estacao-meteorologica-ultrassonica-portatil-para-veiculos\/","title":{"rendered":"Esta\u00e7\u00e3o meteorol\u00f3gica ultrass\u00f4nica port\u00e1til para ve\u00edculos ES-W8000"},"content":{"rendered":"<p class=\"p1\">A esta\u00e7\u00e3o meteorol\u00f3gica ultrass\u00f4nica port\u00e1til veicular ES-W8000 \u00e9 um sensor profissional de esta\u00e7\u00e3o meteorol\u00f3gica autom\u00e1tica para ve\u00edculos, desenvolvido de forma independente por nossa empresa, capaz de medir m\u00faltiplos par\u00e2metros meteorol\u00f3gicos, medindo simultaneamente diversos fatores meteorol\u00f3gicos, como temperatura atmosf\u00e9rica, umidade atmosf\u00e9rica, velocidade e dire\u00e7\u00e3o do vento, press\u00e3o atmosf\u00e9rica, precipita\u00e7\u00e3o, poeira e visibilidade, al\u00e9m de exibir dados em tempo real no local. Suas caracter\u00edsticas incluem alta integra\u00e7\u00e3o, alta precis\u00e3o de detec\u00e7\u00e3o e r\u00e1pido tempo de resposta.<\/p>\n<p class=\"p1\">Quatro \u00edm\u00e3s de alta resist\u00eancia (revestidos em borracha) s\u00e3o instalados na parte inferior da esta\u00e7\u00e3o meteorol\u00f3gica autom\u00e1tica ES-W8000 montada no ve\u00edculo para facilitar a adsor\u00e7\u00e3o na parte superior do ve\u00edculo. A esta\u00e7\u00e3o meteorol\u00f3gica autom\u00e1tica \u00e9 equipada com uma bateria de l\u00edtio recarreg\u00e1vel integrada e um m\u00f3dulo de transmiss\u00e3o de dados Bluetooth, que pode enviar os dados de detec\u00e7\u00e3o da esta\u00e7\u00e3o meteorol\u00f3gica para o terminal de aplicativo do celular em tempo real ou receb\u00ea-los por meio de um laptop. O software de recep\u00e7\u00e3o da esta\u00e7\u00e3o meteorol\u00f3gica a bordo exibe e armazena os dados enviados pela esta\u00e7\u00e3o meteorol\u00f3gica.<\/p>\n<p class=\"p1\">O peso total da esta\u00e7\u00e3o meteorol\u00f3gica autom\u00e1tica veicular ES-W8000 \u00e9 de apenas 1,8 kg. Equipada com uma caixa de instrumentos dedicada, a esta\u00e7\u00e3o \u00e9 muito port\u00e1til e f\u00e1cil de transportar. \u00c9 muito simples e conveniente de usar.<\/p>","protected":false},"excerpt":{"rendered":"<p>A esta\u00e7\u00e3o meteorol\u00f3gica ultrass\u00f4nica port\u00e1til veicular ES-W8000 \u00e9 um sensor profissional de esta\u00e7\u00e3o meteorol\u00f3gica autom\u00e1tica para ve\u00edculos, desenvolvido de forma independente por nossa empresa, capaz de medir m\u00faltiplos par\u00e2metros meteorol\u00f3gicos, medindo simultaneamente diversos fatores meteorol\u00f3gicos, como temperatura atmosf\u00e9rica, umidade atmosf\u00e9rica, velocidade e dire\u00e7\u00e3o do vento, press\u00e3o atmosf\u00e9rica, precipita\u00e7\u00e3o, poeira e visibilidade, al\u00e9m de exibir dados em tempo real no local. Suas caracter\u00edsticas incluem alta integra\u00e7\u00e3o, alta precis\u00e3o de detec\u00e7\u00e3o e r\u00e1pido tempo de resposta.<\/p>","protected":false},"featured_media":5992,"template":"","meta":{"om_disable_all_campaigns":false,"_monsterinsights_skip_tracking":false,"_monsterinsights_sitenote_active":false,"_monsterinsights_sitenote_note":"","_monsterinsights_sitenote_category":0,"site-sidebar-layout":"default","site-content-layout":"default","ast-site-content-layout":"default","site-content-style":"default","site-sidebar-style":"default","ast-global-header-display":"","ast-banner-title-visibility":"","ast-main-header-display":"","ast-hfb-above-header-display":"","ast-hfb-below-header-display":"","ast-hfb-mobile-header-display":"","site-post-title":"","ast-breadcrumbs-content":"","ast-featured-img":"","footer-sml-layout":"","ast-disable-related-posts":"","theme-transparent-header-meta":"default","adv-header-id-meta":"","stick-header-meta":"","header-above-stick-meta":"","header-main-stick-meta":"","header-below-stick-meta":"","astra-migrate-meta-layouts":"set","ast-page-background-enabled":"default","ast-page-background-meta":{"desktop":{"background-color":"","background-image":"","background-repeat":"repeat","background-position":"center center","background-size":"auto","background-attachment":"scroll","background-type":"","background-media":"","overlay-type":"","overlay-color":"","overlay-opacity":"","overlay-gradient":""},"tablet":{"background-color":"","background-image":"","background-repeat":"repeat","background-position":"center center","background-size":"auto","background-attachment":"scroll","background-type":"","background-media":"","overlay-type":"","overlay-color":"","overlay-opacity":"","overlay-gradient":""},"mobile":{"background-color":"","background-image":"","background-repeat":"repeat","background-position":"center center","background-size":"auto","background-attachment":"scroll","background-type":"","background-media":"","overlay-type":"","overlay-color":"","overlay-opacity":"","overlay-gradient":""}},"ast-content-background-meta":{"desktop":{"background-color":"var(--ast-global-color-5)","background-image":"","background-repeat":"repeat","background-position":"center center","background-size":"auto","background-attachment":"scroll","background-type":"","background-media":"","overlay-type":"","overlay-color":"","overlay-opacity":"","overlay-gradient":""},"tablet":{"background-color":"var(--ast-global-color-5)","background-image":"","background-repeat":"repeat","background-position":"center center","background-size":"auto","background-attachment":"scroll","background-type":"","background-media":"","overlay-type":"","overlay-color":"","overlay-opacity":"","overlay-gradient":""},"mobile":{"background-color":"var(--ast-global-color-5)","background-image":"","background-repeat":"repeat","background-position":"center center","background-size":"auto","background-attachment":"scroll","background-type":"","background-media":"","overlay-type":"","overlay-color":"","overlay-opacity":"","overlay-gradient":""}},"_joinchat":[]},"product_brand":[],"product_cat":[87,86],"product_tag":[293],"class_list":{"0":"post-4926","1":"product","2":"type-product","3":"status-publish","4":"has-post-thumbnail","6":"product_cat-ultrasonic-weather-station","7":"product_cat-weather-station","8":"product_tag-weather-station","9":"desktop-align-left","10":"tablet-align-left","11":"mobile-align-left","13":"first","14":"instock","15":"shipping-taxable","16":"purchasable","17":"product-type-simple"},"jetpack_sharing_enabled":true,"_links":{"self":[{"href":"https:\/\/ecosentec.com\/pt\/wp-json\/wp\/v2\/product\/4926","targetHints":{"allow":["GET"]}}],"collection":[{"href":"https:\/\/ecosentec.com\/pt\/wp-json\/wp\/v2\/product"}],"about":[{"href":"https:\/\/ecosentec.com\/pt\/wp-json\/wp\/v2\/types\/product"}],"version-history":[{"count":2,"href":"https:\/\/ecosentec.com\/pt\/wp-json\/wp\/v2\/product\/4926\/revisions"}],"predecessor-version":[{"id":5829,"href":"https:\/\/ecosentec.com\/pt\/wp-json\/wp\/v2\/product\/4926\/revisions\/5829"}],"wp:featuredmedia":[{"embeddable":true,"href":"https:\/\/ecosentec.com\/pt\/wp-json\/wp\/v2\/media\/5992"}],"wp:attachment":[{"href":"https:\/\/ecosentec.com\/pt\/wp-json\/wp\/v2\/media?parent=4926"}],"wp:term":[{"taxonomy":"product_brand","embeddable":true,"href":"https:\/\/ecosentec.com\/pt\/wp-json\/wp\/v2\/product_brand?post=4926"},{"taxonomy":"product_cat","embeddable":true,"href":"https:\/\/ecosentec.com\/pt\/wp-json\/wp\/v2\/product_cat?post=4926"},{"taxonomy":"product_tag","embeddable":true,"href":"https:\/\/ecosentec.com\/pt\/wp-json\/wp\/v2\/product_tag?post=4926"}],"curies":[{"name":"wp","href":"https:\/\/api.w.org\/{rel}","templated":true}]}}