{"id":4925,"date":"2025-03-27T08:11:55","date_gmt":"2025-03-27T08:11:55","guid":{"rendered":"https:\/\/ecosentec.com\/?post_type=product&#038;p=4925"},"modified":"2025-06-16T10:09:26","modified_gmt":"2025-06-16T10:09:26","slug":"estacao-meteorologica-ultrassonica-profissional","status":"publish","type":"product","link":"https:\/\/ecosentec.com\/pt\/produto\/estacao-meteorologica-ultrassonica-profissional\/","title":{"rendered":"Esta\u00e7\u00e3o meteorol\u00f3gica ultrass\u00f4nica profissional ES-W6000"},"content":{"rendered":"<p class=\"p1\">A esta\u00e7\u00e3o meteorol\u00f3gica ultrass\u00f4nica profissional ES-W6000 \u00e9 uma esta\u00e7\u00e3o meteorol\u00f3gica civil integrada, desenvolvida de forma independente por nossa empresa, capaz de medir par\u00e2metros meteorol\u00f3gicos multielementos. Ela mede simultaneamente nove par\u00e2metros ambientais principais, incluindo temperatura atmosf\u00e9rica, umidade atmosf\u00e9rica, velocidade e dire\u00e7\u00e3o do vento, press\u00e3o atmosf\u00e9rica, precipita\u00e7\u00e3o, ilumina\u00e7\u00e3o, radia\u00e7\u00e3o e concentra\u00e7\u00e3o de poeira, entre outros. Caracteriza-se pela alta integra\u00e7\u00e3o de todos os m\u00f3dulos e pelo r\u00e1pido tempo de resposta. M\u00f3dulos de posicionamento global GPS e b\u00fassola eletr\u00f4nica tamb\u00e9m podem ser instalados internamente. Os m\u00f3dulos funcionais acima podem ser montados livremente de acordo com as necessidades dos usu\u00e1rios, atendendo \u00e0s necessidades de diferentes clientes.<\/p>\n<p class=\"p1\">\u00c9 usado principalmente em cidades inteligentes, monitoramento de ambiente urbano, esta\u00e7\u00e3o meteorol\u00f3gica autom\u00e1tica de monitoramento agr\u00edcola, esta\u00e7\u00e3o meteorol\u00f3gica autom\u00e1tica de tr\u00e1fego ao longo da rodovia, esta\u00e7\u00e3o de monitoramento meteorol\u00f3gico de campo, linha de transmiss\u00e3o e transforma\u00e7\u00e3o de alta tens\u00e3o, controle de torre, esta\u00e7\u00e3o meteorol\u00f3gica autom\u00e1tica e outras ind\u00fastrias.<\/p>","protected":false},"excerpt":{"rendered":"<p>A esta\u00e7\u00e3o meteorol\u00f3gica ultrass\u00f4nica profissional ES-W6000 \u00e9 uma esta\u00e7\u00e3o meteorol\u00f3gica civil integrada, desenvolvida de forma independente por nossa empresa, capaz de medir par\u00e2metros meteorol\u00f3gicos multielementos. Ao mesmo tempo, mede nove par\u00e2metros ambientais principais, incluindo temperatura atmosf\u00e9rica, umidade atmosf\u00e9rica, velocidade e dire\u00e7\u00e3o do vento, press\u00e3o atmosf\u00e9rica, precipita\u00e7\u00e3o, ilumina\u00e7\u00e3o, radia\u00e7\u00e3o, concentra\u00e7\u00e3o de poeira, etc. Caracteriza-se pela alta integra\u00e7\u00e3o de todos os m\u00f3dulos e r\u00e1pido tempo de resposta.<\/p>","protected":false},"featured_media":6005,"template":"","meta":{"om_disable_all_campaigns":false,"_monsterinsights_skip_tracking":false,"_monsterinsights_sitenote_active":false,"_monsterinsights_sitenote_note":"","_monsterinsights_sitenote_category":0,"site-sidebar-layout":"default","site-content-layout":"default","ast-site-content-layout":"default","site-content-style":"default","site-sidebar-style":"default","ast-global-header-display":"","ast-banner-title-visibility":"","ast-main-header-display":"","ast-hfb-above-header-display":"","ast-hfb-below-header-display":"","ast-hfb-mobile-header-display":"","site-post-title":"","ast-breadcrumbs-content":"","ast-featured-img":"","footer-sml-layout":"","ast-disable-related-posts":"","theme-transparent-header-meta":"default","adv-header-id-meta":"","stick-header-meta":"","header-above-stick-meta":"","header-main-stick-meta":"","header-below-stick-meta":"","astra-migrate-meta-layouts":"set","ast-page-background-enabled":"default","ast-page-background-meta":{"desktop":{"background-color":"","background-image":"","background-repeat":"repeat","background-position":"center center","background-size":"auto","background-attachment":"scroll","background-type":"","background-media":"","overlay-type":"","overlay-color":"","overlay-opacity":"","overlay-gradient":""},"tablet":{"background-color":"","background-image":"","background-repeat":"repeat","background-position":"center center","background-size":"auto","background-attachment":"scroll","background-type":"","background-media":"","overlay-type":"","overlay-color":"","overlay-opacity":"","overlay-gradient":""},"mobile":{"background-color":"","background-image":"","background-repeat":"repeat","background-position":"center center","background-size":"auto","background-attachment":"scroll","background-type":"","background-media":"","overlay-type":"","overlay-color":"","overlay-opacity":"","overlay-gradient":""}},"ast-content-background-meta":{"desktop":{"background-color":"var(--ast-global-color-5)","background-image":"","background-repeat":"repeat","background-position":"center center","background-size":"auto","background-attachment":"scroll","background-type":"","background-media":"","overlay-type":"","overlay-color":"","overlay-opacity":"","overlay-gradient":""},"tablet":{"background-color":"var(--ast-global-color-5)","background-image":"","background-repeat":"repeat","background-position":"center center","background-size":"auto","background-attachment":"scroll","background-type":"","background-media":"","overlay-type":"","overlay-color":"","overlay-opacity":"","overlay-gradient":""},"mobile":{"background-color":"var(--ast-global-color-5)","background-image":"","background-repeat":"repeat","background-position":"center center","background-size":"auto","background-attachment":"scroll","background-type":"","background-media":"","overlay-type":"","overlay-color":"","overlay-opacity":"","overlay-gradient":""}},"_joinchat":[]},"product_brand":[],"product_cat":[87,86],"product_tag":[293],"class_list":{"0":"post-4925","1":"product","2":"type-product","3":"status-publish","4":"has-post-thumbnail","6":"product_cat-ultrasonic-weather-station","7":"product_cat-weather-station","8":"product_tag-weather-station","9":"desktop-align-left","10":"tablet-align-left","11":"mobile-align-left","13":"first","14":"instock","15":"shipping-taxable","16":"purchasable","17":"product-type-simple"},"jetpack_sharing_enabled":true,"_links":{"self":[{"href":"https:\/\/ecosentec.com\/pt\/wp-json\/wp\/v2\/product\/4925","targetHints":{"allow":["GET"]}}],"collection":[{"href":"https:\/\/ecosentec.com\/pt\/wp-json\/wp\/v2\/product"}],"about":[{"href":"https:\/\/ecosentec.com\/pt\/wp-json\/wp\/v2\/types\/product"}],"version-history":[{"count":2,"href":"https:\/\/ecosentec.com\/pt\/wp-json\/wp\/v2\/product\/4925\/revisions"}],"predecessor-version":[{"id":5825,"href":"https:\/\/ecosentec.com\/pt\/wp-json\/wp\/v2\/product\/4925\/revisions\/5825"}],"wp:featuredmedia":[{"embeddable":true,"href":"https:\/\/ecosentec.com\/pt\/wp-json\/wp\/v2\/media\/6005"}],"wp:attachment":[{"href":"https:\/\/ecosentec.com\/pt\/wp-json\/wp\/v2\/media?parent=4925"}],"wp:term":[{"taxonomy":"product_brand","embeddable":true,"href":"https:\/\/ecosentec.com\/pt\/wp-json\/wp\/v2\/product_brand?post=4925"},{"taxonomy":"product_cat","embeddable":true,"href":"https:\/\/ecosentec.com\/pt\/wp-json\/wp\/v2\/product_cat?post=4925"},{"taxonomy":"product_tag","embeddable":true,"href":"https:\/\/ecosentec.com\/pt\/wp-json\/wp\/v2\/product_tag?post=4925"}],"curies":[{"name":"wp","href":"https:\/\/api.w.org\/{rel}","templated":true}]}}